{"id":5745,"date":"2024-08-28T15:11:28","date_gmt":"2024-08-28T20:11:28","guid":{"rendered":"https:\/\/habitatamericas.com\/tiendamexico\/?post_type=product&#038;p=5745"},"modified":"2024-10-30T10:21:48","modified_gmt":"2024-10-30T15:21:48","slug":"habitos-nutricion-y-suplementacion-funcional","status":"publish","type":"product","link":"https:\/\/habitatamericas.com\/tiendamexico\/producto\/habitos-nutricion-y-suplementacion-funcional\/","title":{"rendered":"H\u00e1bitos, Nutrici\u00f3n y Suplementaci\u00f3n Funcional"},"content":{"rendered":"\n<div>\n<h3 style=\"font-size: 35px; line-height: 35px; font-family: 'Rasputin'; color: #1A2D4E;\">Temas de los m\u00f3dulos<\/h3>\n<\/p><\/div>\n<div style=\"float: left;\">\n<h3 style=\"font-size: 25px; line-height: 25px; font-family: 'Rasputin'; color: #1A2D4E;\">Balance Energ\u00e9tico<\/h3>\n<ul style=\"font-size: 22px; line-height: 25px;\">\n<li>Entiende por qu\u00e9 &#8220;las calor\u00edas s\u00ed cuentan, aunque t\u00fa no las cuentes&#8221;.<\/li>\n<li>Explora c\u00f3mo y por qu\u00e9 ganamos peso y c\u00f3mo los suplementos de GanoExcel ayudan a crear un d\u00e9ficit energ\u00e9tico sin comprometer la nutrici\u00f3n, evitando el temido efecto rebote.<\/li>\n<\/ul>\n<h3 style=\"font-size: 25px; line-height: 25px; font-family: 'Rasputin'; color: #1A2D4E;\">Balance Hormonal<\/h3>\n<ul style=\"font-size: 22px; line-height: 25px;\">\n<li>Aprende a cuidar tu metabolismo y descubre c\u00f3mo las hormonas influyen en tu peso y composici\u00f3n corporal.<\/li>\n<li>Sum\u00e9rgete en la cronobiolog\u00eda y comprende los momentos clave para la salud en tu cuerpo.<\/li>\n<li>Descubre h\u00e1bitos saludables, nutrici\u00f3n funcional y los mejores suplementos para mantener un equilibrio hormonal \u00f3ptimo.<\/li>\n<\/ul>\n<h3 style=\"font-size: 25px; line-height: 25px; font-family: 'Rasputin'; color: #1A2D4E;\">Principios de alimentaci\u00f3n<\/h3>\n<ul style=\"font-size: 22px; line-height: 25px;\">\n<li>Explora una alimentaci\u00f3n nutritiva, saludable, balanceada y funcional.<\/li>\n<li>Conoce la importancia de los buenos macronutrientes para garantizar buenos micronutrientes.<\/li>\n<li>Descubre recetas deliciosas, pr\u00e1cticas y f\u00e1ciles utilizando los suplementos de GanoExcel.<\/li>\n<\/ul>\n<h3 style=\"font-size: 25px; line-height: 25px; font-family: 'Rasputin'; color: #1A2D4E;\">Actividad f\u00edsica<\/h3>\n<ul style=\"font-size: 22px; line-height: 25px;\">\n<li>Sum\u00e9rgete en el ejercicio cardiovascular, el entrenamiento de fuerza y las pausas activas.<\/li>\n<li>Conoce los beneficios de mantener el h\u00e1bito de la actividad f\u00edsica.<\/li>\n<li>Descubre una rutina b\u00e1sica para entrenar en casa y aprende sobre alimentaci\u00f3n, h\u00e1bitos y suplementos para optimizar la p\u00e9rdida de grasa con el entrenamiento f\u00edsico.<\/li>\n<\/ul>\n<h3 style=\"font-size: 25px; line-height: 25px; font-family: 'Rasputin'; color: #1A2D4E;\">Psicolog\u00eda de la nutrici\u00f3n<\/h3>\n<ul style=\"font-size: 22px; line-height: 25px;\">\n<li>Explora el significado de los alimentos m\u00e1s all\u00e1 de la necesidad de nuestro cuerpo.<\/li>\n<li>Descubre los diferentes tipos de hambre y c\u00f3mo abordar la ansiedad y la adicci\u00f3n a la comida.<\/li>\n<\/ul>\n<h3 style=\"font-size: 25px; line-height: 25px; font-family: 'Rasputin'; color: #1A2D4E;\">Principios y h\u00e1bitos saludables<\/h3>\n<ul style=\"font-size: 22px; line-height: 25px;\">\n<li>Aprende a garantizar la salud f\u00edsica, mental y emocional, logrando un peso saludable sostenible de por vida.<\/li>\n<li>Descubre c\u00f3mo los suplementos de GanoExcel se convierten en aliados fundamentales para respaldar estos principios y mantener tu salud y belleza.<\/li>\n<\/ul>\n<h3 style=\"font-size: 25px; line-height: 25px; font-family: 'Rasputin'; color: #1A2D4E;\">Encuentro del n\u00facleo de bienestar<\/h3>\n<ul style=\"font-size: 22px; line-height: 25px;\">\n<li>Participa en un foro de preguntas y respuestas.<\/li>\n<li>Celebra el cierre del circuito de nutrici\u00f3n, consolidando los conocimientos adquiridos y fortaleciendo tu compromiso con un estilo de vida saludable.<\/li>\n<\/ul>\n<hr \/><\/div>\n","protected":false},"excerpt":{"rendered":"<div style=\"font-size: 30px; padding-top: 0px; padding-bottom: 20px;\"><b><em style=\"margin-bottom: 0em;font-family: 'Rasputin';line-height: 28px;\">Circuito de 4 semanas para tu transformaci\u00f3n<\/em><\/b><\/div>\n<div>\n<h3 style=\"font-size: 22px; line-height: 25px; font-weight: 400;\">Descubre como puedes lograr tener h\u00e1bitos saludables y una p\u00e9rdida de peso sostenible para siempre.<br \/>\n<strong>Con la compra de este circuito tendr\u00e1s estos poderosos productos que te ayudar\u00e1n a transformarte.<\/strong><\/h3>\n<\/div>\n<div style=\"float: left;\">\n<ul style=\"font-size: 22px; line-height: 25px; font-weight: 600;\">\n<li><a href=\"https:\/\/habitatamericas.com\/tiendamexico\/producto\/ganocafe-classic\/\">2 cajas de GanoCaf\u00e9 Classic<\/a><\/li>\n<li><a href=\"https:\/\/habitatamericas.com\/tiendamexico\/producto\/ganocafe-tongkat-ali\/\">2 cajas de GanoCaf\u00e9 Tongkat Ali<\/a><\/li>\n<li><a href=\"https:\/\/habitatamericas.com\/tiendamexico\/producto\/gano-cafe-3-1\/\">1 caja de GanoCaf\u00e9 3en1<\/a><\/li>\n<li><a href=\"https:\/\/habitatamericas.com\/tiendamexico\/producto\/ganocafe-classic\/\">1 caja de GanoCaf\u00e9 Classic<\/a><\/li>\n<li><a href=\"https:\/\/habitatamericas.com\/tiendamexico\/producto\/ganocafe-schokolade\/\">1 caja de GanoCaf\u00e9 Schokolade<\/a><\/li>\n<li><a href=\"https:\/\/habitatamericas.com\/tiendamexico\/producto\/ganocafe-creal\/\">1 caja de GanoCaf\u00e9 C\u00b4real<\/a><\/li>\n<\/ul>\n<p><b style=\"color: #1a2d4e; font-size: 1.7rem; font-weight: 500;\">Valor productos: <\/b> <b style=\"color: #B4CB54; font-size: 1.9rem; font-weight: 700;\">$4.120<\/b>\n<\/div>\n","protected":false},"featured_media":5747,"template":"","meta":{"site-sidebar-layout":"default","site-content-layout":"","ast-site-content-layout":"default","site-content-style":"default","site-sidebar-style":"default","ast-global-header-display":"","ast-banner-title-visibility":"","ast-main-header-display":"","ast-hfb-above-header-display":"","ast-hfb-below-header-display":"","ast-hfb-mobile-header-display":"","site-post-title":"","ast-breadcrumbs-content":"","ast-featured-img":"","footer-sml-layout":"","theme-transparent-header-meta":"default","adv-header-id-meta":"","stick-header-meta":"","header-above-stick-meta":"","header-main-stick-meta":"","header-below-stick-meta":"","astra-migrate-meta-layouts":"set","ast-page-background-enabled":"default","ast-page-background-meta":{"desktop":{"background-color":"","background-image":"","background-repeat":"repeat","background-position":"center center","background-size":"auto","background-attachment":"scroll","background-type":"","background-media":"","overlay-type":"","overlay-color":"","overlay-gradient":""},"tablet":{"background-color":"","background-image":"","background-repeat":"repeat","background-position":"center center","background-size":"auto","background-attachment":"scroll","background-type":"","background-media":"","overlay-type":"","overlay-color":"","overlay-gradient":""},"mobile":{"background-color":"","background-image":"","background-repeat":"repeat","background-position":"center center","background-size":"auto","background-attachment":"scroll","background-type":"","background-media":"","overlay-type":"","overlay-color":"","overlay-gradient":""}},"ast-content-background-meta":{"desktop":{"background-color":"var(--ast-global-color-5)","background-image":"","background-repeat":"repeat","background-position":"center center","background-size":"auto","background-attachment":"scroll","background-type":"","background-media":"","overlay-type":"","overlay-color":"","overlay-gradient":""},"tablet":{"background-color":"var(--ast-global-color-5)","background-image":"","background-repeat":"repeat","background-position":"center center","background-size":"auto","background-attachment":"scroll","background-type":"","background-media":"","overlay-type":"","overlay-color":"","overlay-gradient":""},"mobile":{"background-color":"var(--ast-global-color-5)","background-image":"","background-repeat":"repeat","background-position":"center center","background-size":"auto","background-attachment":"scroll","background-type":"","background-media":"","overlay-type":"","overlay-color":"","overlay-gradient":""}}},"product_cat":[17],"product_tag":[95,92,87,93,88],"class_list":{"0":"post-5745","1":"product","2":"type-product","3":"status-publish","4":"has-post-thumbnail","6":"product_cat-circuitos-de-formacion","7":"product_tag-ganocafe-3en1","8":"product_tag-ganocafe-creal","9":"product_tag-ganocafe-classic","10":"product_tag-ganocafe-schokolade","11":"product_tag-ganocafe-tongkat-ali","12":"desktop-align-center","13":"tablet-align-center","14":"mobile-align-center","16":"first","17":"instock","18":"shipping-taxable","19":"product-type-simple"},"yoast_head":"<!-- This site is optimized with the Yoast SEO plugin v23.2 - https:\/\/yoast.com\/wordpress\/plugins\/seo\/ -->\n<title>H\u00e1bitos, Nutrici\u00f3n y Suplementaci\u00f3n Funcional<\/title>\n<meta name=\"description\" content=\"Descubre como puedes lograr tener h\u00e1bitos saludables y una p\u00e9rdida de peso sostenible para siempre.\" \/>\n<meta name=\"robots\" content=\"index, follow, max-snippet:-1, max-image-preview:large, max-video-preview:-1\" \/>\n<link rel=\"canonical\" href=\"https:\/\/habitatamericas.com\/tiendamexico\/producto\/habitos-nutricion-y-suplementacion-funcional\/\" \/>\n<meta property=\"og:locale\" content=\"es_ES\" \/>\n<meta property=\"og:type\" content=\"article\" \/>\n<meta property=\"og:title\" content=\"H\u00e1bitos, Nutrici\u00f3n y Suplementaci\u00f3n Funcional\" \/>\n<meta property=\"og:description\" content=\"Descubre como puedes lograr tener h\u00e1bitos saludables y una p\u00e9rdida de peso sostenible para siempre.\" \/>\n<meta property=\"og:url\" content=\"https:\/\/habitatamericas.com\/tiendamexico\/producto\/habitos-nutricion-y-suplementacion-funcional\/\" \/>\n<meta property=\"og:site_name\" content=\"Tienda H\u00e1bitat M\u00e9xico\" \/>\n<meta property=\"article:modified_time\" content=\"2024-10-30T15:21:48+00:00\" \/>\n<meta property=\"og:image\" content=\"https:\/\/habitatamericas.com\/tiendamexico\/wp-content\/uploads\/2024\/08\/circuito-habitos-nutricion-intro.jpg\" \/>\n\t<meta property=\"og:image:width\" content=\"500\" \/>\n\t<meta property=\"og:image:height\" content=\"500\" \/>\n\t<meta property=\"og:image:type\" content=\"image\/jpeg\" \/>\n<meta name=\"twitter:card\" content=\"summary_large_image\" \/>\n<meta name=\"twitter:label1\" content=\"Tiempo de lectura\" \/>\n\t<meta name=\"twitter:data1\" content=\"2 minutos\" \/>\n<script type=\"application\/ld+json\" class=\"yoast-schema-graph\">{\"@context\":\"https:\/\/schema.org\",\"@graph\":[{\"@type\":\"WebPage\",\"@id\":\"https:\/\/habitatamericas.com\/tiendamexico\/producto\/habitos-nutricion-y-suplementacion-funcional\/\",\"url\":\"https:\/\/habitatamericas.com\/tiendamexico\/producto\/habitos-nutricion-y-suplementacion-funcional\/\",\"name\":\"H\u00e1bitos, Nutrici\u00f3n y Suplementaci\u00f3n Funcional\",\"isPartOf\":{\"@id\":\"https:\/\/habitatamericas.com\/tiendamexico\/#website\"},\"primaryImageOfPage\":{\"@id\":\"https:\/\/habitatamericas.com\/tiendamexico\/producto\/habitos-nutricion-y-suplementacion-funcional\/#primaryimage\"},\"image\":{\"@id\":\"https:\/\/habitatamericas.com\/tiendamexico\/producto\/habitos-nutricion-y-suplementacion-funcional\/#primaryimage\"},\"thumbnailUrl\":\"https:\/\/habitatamericas.com\/tiendamexico\/wp-content\/uploads\/2024\/08\/circuito-habitos-nutricion-intro.jpg\",\"datePublished\":\"2024-08-28T20:11:28+00:00\",\"dateModified\":\"2024-10-30T15:21:48+00:00\",\"description\":\"Descubre como puedes lograr tener h\u00e1bitos saludables y una p\u00e9rdida de peso sostenible para siempre.\",\"breadcrumb\":{\"@id\":\"https:\/\/habitatamericas.com\/tiendamexico\/producto\/habitos-nutricion-y-suplementacion-funcional\/#breadcrumb\"},\"inLanguage\":\"es-CO\",\"potentialAction\":[{\"@type\":\"ReadAction\",\"target\":[\"https:\/\/habitatamericas.com\/tiendamexico\/producto\/habitos-nutricion-y-suplementacion-funcional\/\"]}]},{\"@type\":\"ImageObject\",\"inLanguage\":\"es-CO\",\"@id\":\"https:\/\/habitatamericas.com\/tiendamexico\/producto\/habitos-nutricion-y-suplementacion-funcional\/#primaryimage\",\"url\":\"https:\/\/habitatamericas.com\/tiendamexico\/wp-content\/uploads\/2024\/08\/circuito-habitos-nutricion-intro.jpg\",\"contentUrl\":\"https:\/\/habitatamericas.com\/tiendamexico\/wp-content\/uploads\/2024\/08\/circuito-habitos-nutricion-intro.jpg\",\"width\":500,\"height\":500,\"caption\":\"H\u00e1bitos, Nutrici\u00f3n y Suplementaci\u00f3n Funcional\"},{\"@type\":\"BreadcrumbList\",\"@id\":\"https:\/\/habitatamericas.com\/tiendamexico\/producto\/habitos-nutricion-y-suplementacion-funcional\/#breadcrumb\",\"itemListElement\":[{\"@type\":\"ListItem\",\"position\":1,\"name\":\"Inicio\",\"item\":\"https:\/\/habitatamericas.com\/tiendamexico\/\"},{\"@type\":\"ListItem\",\"position\":2,\"name\":\"Shop\",\"item\":\"http:\/\/habitatamericas.com\/tiendamexico\/shop\/\"},{\"@type\":\"ListItem\",\"position\":3,\"name\":\"H\u00e1bitos, Nutrici\u00f3n y Suplementaci\u00f3n Funcional\"}]},{\"@type\":\"WebSite\",\"@id\":\"https:\/\/habitatamericas.com\/tiendamexico\/#website\",\"url\":\"https:\/\/habitatamericas.com\/tiendamexico\/\",\"name\":\"Tienda H\u00e1bitat M\u00e9xico\",\"description\":\"\u00a1Estamos transformando vidas!\",\"publisher\":{\"@id\":\"https:\/\/habitatamericas.com\/tiendamexico\/#organization\"},\"potentialAction\":[{\"@type\":\"SearchAction\",\"target\":{\"@type\":\"EntryPoint\",\"urlTemplate\":\"https:\/\/habitatamericas.com\/tiendamexico\/?s={search_term_string}\"},\"query-input\":\"required name=search_term_string\"}],\"inLanguage\":\"es-CO\"},{\"@type\":\"Organization\",\"@id\":\"https:\/\/habitatamericas.com\/tiendamexico\/#organization\",\"name\":\"Tienda H\u00e1bitat M\u00e9xico\",\"url\":\"https:\/\/habitatamericas.com\/tiendamexico\/\",\"logo\":{\"@type\":\"ImageObject\",\"inLanguage\":\"es-CO\",\"@id\":\"https:\/\/habitatamericas.com\/tiendamexico\/#\/schema\/logo\/image\/\",\"url\":\"https:\/\/habitatamericas.com\/tiendamexico\/wp-content\/uploads\/2024\/10\/logo-mexico.png\",\"contentUrl\":\"https:\/\/habitatamericas.com\/tiendamexico\/wp-content\/uploads\/2024\/10\/logo-mexico.png\",\"width\":268,\"height\":107,\"caption\":\"Tienda H\u00e1bitat M\u00e9xico\"},\"image\":{\"@id\":\"https:\/\/habitatamericas.com\/tiendamexico\/#\/schema\/logo\/image\/\"}}]}<\/script>\n<!-- \/ Yoast SEO plugin. -->","yoast_head_json":{"title":"H\u00e1bitos, Nutrici\u00f3n y Suplementaci\u00f3n Funcional","description":"Descubre como puedes lograr tener h\u00e1bitos saludables y una p\u00e9rdida de peso sostenible para siempre.","robots":{"index":"index","follow":"follow","max-snippet":"max-snippet:-1","max-image-preview":"max-image-preview:large","max-video-preview":"max-video-preview:-1"},"canonical":"https:\/\/habitatamericas.com\/tiendamexico\/producto\/habitos-nutricion-y-suplementacion-funcional\/","og_locale":"es_ES","og_type":"article","og_title":"H\u00e1bitos, Nutrici\u00f3n y Suplementaci\u00f3n Funcional","og_description":"Descubre como puedes lograr tener h\u00e1bitos saludables y una p\u00e9rdida de peso sostenible para siempre.","og_url":"https:\/\/habitatamericas.com\/tiendamexico\/producto\/habitos-nutricion-y-suplementacion-funcional\/","og_site_name":"Tienda H\u00e1bitat M\u00e9xico","article_modified_time":"2024-10-30T15:21:48+00:00","og_image":[{"width":500,"height":500,"url":"https:\/\/habitatamericas.com\/tiendamexico\/wp-content\/uploads\/2024\/08\/circuito-habitos-nutricion-intro.jpg","type":"image\/jpeg"}],"twitter_card":"summary_large_image","twitter_misc":{"Tiempo de lectura":"2 minutos"},"schema":{"@context":"https:\/\/schema.org","@graph":[{"@type":"WebPage","@id":"https:\/\/habitatamericas.com\/tiendamexico\/producto\/habitos-nutricion-y-suplementacion-funcional\/","url":"https:\/\/habitatamericas.com\/tiendamexico\/producto\/habitos-nutricion-y-suplementacion-funcional\/","name":"H\u00e1bitos, Nutrici\u00f3n y Suplementaci\u00f3n Funcional","isPartOf":{"@id":"https:\/\/habitatamericas.com\/tiendamexico\/#website"},"primaryImageOfPage":{"@id":"https:\/\/habitatamericas.com\/tiendamexico\/producto\/habitos-nutricion-y-suplementacion-funcional\/#primaryimage"},"image":{"@id":"https:\/\/habitatamericas.com\/tiendamexico\/producto\/habitos-nutricion-y-suplementacion-funcional\/#primaryimage"},"thumbnailUrl":"https:\/\/habitatamericas.com\/tiendamexico\/wp-content\/uploads\/2024\/08\/circuito-habitos-nutricion-intro.jpg","datePublished":"2024-08-28T20:11:28+00:00","dateModified":"2024-10-30T15:21:48+00:00","description":"Descubre como puedes lograr tener h\u00e1bitos saludables y una p\u00e9rdida de peso sostenible para siempre.","breadcrumb":{"@id":"https:\/\/habitatamericas.com\/tiendamexico\/producto\/habitos-nutricion-y-suplementacion-funcional\/#breadcrumb"},"inLanguage":"es-CO","potentialAction":[{"@type":"ReadAction","target":["https:\/\/habitatamericas.com\/tiendamexico\/producto\/habitos-nutricion-y-suplementacion-funcional\/"]}]},{"@type":"ImageObject","inLanguage":"es-CO","@id":"https:\/\/habitatamericas.com\/tiendamexico\/producto\/habitos-nutricion-y-suplementacion-funcional\/#primaryimage","url":"https:\/\/habitatamericas.com\/tiendamexico\/wp-content\/uploads\/2024\/08\/circuito-habitos-nutricion-intro.jpg","contentUrl":"https:\/\/habitatamericas.com\/tiendamexico\/wp-content\/uploads\/2024\/08\/circuito-habitos-nutricion-intro.jpg","width":500,"height":500,"caption":"H\u00e1bitos, Nutrici\u00f3n y Suplementaci\u00f3n Funcional"},{"@type":"BreadcrumbList","@id":"https:\/\/habitatamericas.com\/tiendamexico\/producto\/habitos-nutricion-y-suplementacion-funcional\/#breadcrumb","itemListElement":[{"@type":"ListItem","position":1,"name":"Inicio","item":"https:\/\/habitatamericas.com\/tiendamexico\/"},{"@type":"ListItem","position":2,"name":"Shop","item":"http:\/\/habitatamericas.com\/tiendamexico\/shop\/"},{"@type":"ListItem","position":3,"name":"H\u00e1bitos, Nutrici\u00f3n y Suplementaci\u00f3n Funcional"}]},{"@type":"WebSite","@id":"https:\/\/habitatamericas.com\/tiendamexico\/#website","url":"https:\/\/habitatamericas.com\/tiendamexico\/","name":"Tienda H\u00e1bitat M\u00e9xico","description":"\u00a1Estamos transformando vidas!","publisher":{"@id":"https:\/\/habitatamericas.com\/tiendamexico\/#organization"},"potentialAction":[{"@type":"SearchAction","target":{"@type":"EntryPoint","urlTemplate":"https:\/\/habitatamericas.com\/tiendamexico\/?s={search_term_string}"},"query-input":"required name=search_term_string"}],"inLanguage":"es-CO"},{"@type":"Organization","@id":"https:\/\/habitatamericas.com\/tiendamexico\/#organization","name":"Tienda H\u00e1bitat M\u00e9xico","url":"https:\/\/habitatamericas.com\/tiendamexico\/","logo":{"@type":"ImageObject","inLanguage":"es-CO","@id":"https:\/\/habitatamericas.com\/tiendamexico\/#\/schema\/logo\/image\/","url":"https:\/\/habitatamericas.com\/tiendamexico\/wp-content\/uploads\/2024\/10\/logo-mexico.png","contentUrl":"https:\/\/habitatamericas.com\/tiendamexico\/wp-content\/uploads\/2024\/10\/logo-mexico.png","width":268,"height":107,"caption":"Tienda H\u00e1bitat M\u00e9xico"},"image":{"@id":"https:\/\/habitatamericas.com\/tiendamexico\/#\/schema\/logo\/image\/"}}]}},"_links":{"self":[{"href":"https:\/\/habitatamericas.com\/tiendamexico\/wp-json\/wp\/v2\/product\/5745"}],"collection":[{"href":"https:\/\/habitatamericas.com\/tiendamexico\/wp-json\/wp\/v2\/product"}],"about":[{"href":"https:\/\/habitatamericas.com\/tiendamexico\/wp-json\/wp\/v2\/types\/product"}],"wp:featuredmedia":[{"embeddable":true,"href":"https:\/\/habitatamericas.com\/tiendamexico\/wp-json\/wp\/v2\/media\/5747"}],"wp:attachment":[{"href":"https:\/\/habitatamericas.com\/tiendamexico\/wp-json\/wp\/v2\/media?parent=5745"}],"wp:term":[{"taxonomy":"product_cat","embeddable":true,"href":"https:\/\/habitatamericas.com\/tiendamexico\/wp-json\/wp\/v2\/product_cat?post=5745"},{"taxonomy":"product_tag","embeddable":true,"href":"https:\/\/habitatamericas.com\/tiendamexico\/wp-json\/wp\/v2\/product_tag?post=5745"}],"curies":[{"name":"wp","href":"https:\/\/api.w.org\/{rel}","templated":true}]}}