{"id":19,"date":"2023-12-11T17:22:00","date_gmt":"2023-12-11T22:22:00","guid":{"rendered":"http:\/\/tiendalat.coheteam.com\/?post_type=product&#038;p=19"},"modified":"2024-10-17T17:57:06","modified_gmt":"2024-10-17T22:57:06","slug":"pioir-ganoderma-coffee-3-in-1","status":"publish","type":"product","link":"https:\/\/habitatamericas.com\/tiendaguatemala\/producto\/pioir-ganoderma-coffee-3-in-1\/","title":{"rendered":"PIOIR Ganoderma Coffee 3 in 1"},"content":{"rendered":"<div>\n<h3 style=\"font-size: 35px; line-height: 35px; font-family: 'Rasputin'; color: #1a2d4e;\">Beneficios adicionales:<\/h3>\n<\/div>\n<div style=\"float: left; width: 60%;\">\n<ul style=\"font-size: 22px; line-height: 25px; font-weight: 400;\">\n<li style=\"list-style-type: none;\">\n<ul style=\"font-size: 22px; line-height: 25px; font-weight: 400;\">\n<li>Fortalece las defensas del cuerpo. Brinda energ\u00eda<\/li>\n<li>Mejora la circulaci\u00f3n sangu\u00ednea.<\/li>\n<li>Previene y ayuda en problemas digestivos como: gastritis,<br \/>\nreflujo, estre\u00f1imiento, colon, dolor estomacal, entre otros.<\/li>\n<li>Previene y ayuda en problemas hormonales como la tiroides.<\/li>\n<li>Funciona como un analg\u00e9sico natural, ayudando a disminuir el<br \/>\ndolor (migra\u00f1as, dolores musculares, entre otros).<\/li>\n<\/ul>\n<\/li>\n<\/ul>\n<\/div>\n<div style=\"float: left; width: 40%;\">\n<div style=\"margin-left: 20px; margin-right: 20px;\"><\/div>\n<p><img decoding=\"async\" class=\"alignnone size-full wp-image-5658\" src=\"https:\/\/habitatamericas.com\/tiendaguatemala\/wp-content\/uploads\/2023\/12\/beneficios-3-1.png\" alt=\"beneficios gano caf\u00e9 3 en 1\" width=\"300\" height=\"160\" \/><\/p>\n<\/div>\n<hr \/>\n<div class=\"cart\">\n<h3 style=\"font-size: 18px; line-height: 15px; font-weight: bold; color: #3da0d9;\">ESTE PRODUCTO ES UN SUPLEMENTO DIETARIO, NO ES UN MEDICAMENTO Y SE RECOMIENDA COMPLEMENTAR SU CONSUMO CON UNA DIETA EQUILIBRADA<\/h3>\n<\/div>\n<hr \/>\n","protected":false},"excerpt":{"rendered":"\n<div style=\"background-color: #1a2d4e; padding: 20px; border-radius: 20px 0px 20px 0; margin-top: 20px;\">\n<h3 style=\"font-size: 30px; line-height: 35px; font-family: 'Rasputin'; color: #b4cb54;\">Q 176 &#8211; Valor cliente codificado<\/h3>\n<h3 style=\"font-size: 20px; line-height: 20px; font-weight: 500; color: #fff;\">Si deseas convertirte en cliente codificado y adem\u00e1s en consumidor inteligente, escr\u00edbenos y te ayudaremos a hacerlo desde la primera compra.<\/h3>\n<div style=\"float: right; margin-top: -10px;\"><a href=\"https:\/\/wa.me\/573242064854?text=Hola%2C%20estaba%20viendo%20el%20producto%20PIOIR%20Ganoderma%20Coffee %203%20in%201%20en%20la%20tienda%20de%20Guatemala%20y%20quiero%20convertirme%20en%20cliente%20codificado\"> <img decoding=\"async\" class=\"alignnone size-full wp-image-5654\" src=\"http:\/\/habitatamericas.com\/tiendacolombia\/wp-content\/uploads\/2024\/08\/boton-escribenos.png\" alt=\"whatsapp\" width=\"200\" height=\"60\" \/><\/a><\/div>\n<\/p><\/div>\n<div style=\"font-size: 30px; padding-top: 30px; padding-bottom: 20px;font-family: 'Rasputin';\"><b><em style=\"margin-bottom: 0em;\">\u00a1La verdadera evoluci\u00f3n del caf\u00e9!<\/em><\/b><\/div>\n<div>\n<h3 style=\"font-size: 22px; line-height: 22px; font-weight: 400;\">Nuestro Caf\u00e9 3 en 1 es mucho m\u00e1s que sabor; es la asombrosa combinaci\u00f3n de los mejores granos de caf\u00e9 con nuestro exclusivo extracto de <b>Ganoderma Lucidum<\/b> y crema no l\u00e1ctea (libre de lactosa), en una mezcla de caf\u00e9 instant\u00e1neo, crema no l\u00e1ctea y endulzante, para una armon\u00eda de aroma y sabor m\u00e1s suave y especial.<br \/>\nEl perfecto equilibrio entre ciencia y tradici\u00f3n gourmet garantizan la excelencia y calidad del producto.<\/h3>\n<\/div>\n<div><img decoding=\"async\" class=\"alignnone size-medium wp-image-5632\" src=\"http:\/\/habitatamericas.com\/tiendaguatemala\/wp-content\/uploads\/2024\/05\/info-3-en-1.png\" alt=\"Preparaci\u00f3n y contenidos\" width=\"334\" height=\"124\" \/><\/div>\n","protected":false},"featured_media":5881,"comment_status":"open","ping_status":"closed","template":"","meta":{"site-sidebar-layout":"default","site-content-layout":"","ast-site-content-layout":"default","site-content-style":"default","site-sidebar-style":"default","ast-global-header-display":"","ast-banner-title-visibility":"","ast-main-header-display":"","ast-hfb-above-header-display":"","ast-hfb-below-header-display":"","ast-hfb-mobile-header-display":"","site-post-title":"","ast-breadcrumbs-content":"","ast-featured-img":"","footer-sml-layout":"","theme-transparent-header-meta":"default","adv-header-id-meta":"","stick-header-meta":"","header-above-stick-meta":"","header-main-stick-meta":"","header-below-stick-meta":"","astra-migrate-meta-layouts":"set","ast-page-background-enabled":"default","ast-page-background-meta":{"desktop":{"background-color":"","background-image":"","background-repeat":"repeat","background-position":"center center","background-size":"auto","background-attachment":"scroll","background-type":"","background-media":"","overlay-type":"","overlay-color":"","overlay-gradient":""},"tablet":{"background-color":"","background-image":"","background-repeat":"repeat","background-position":"center center","background-size":"auto","background-attachment":"scroll","background-type":"","background-media":"","overlay-type":"","overlay-color":"","overlay-gradient":""},"mobile":{"background-color":"","background-image":"","background-repeat":"repeat","background-position":"center center","background-size":"auto","background-attachment":"scroll","background-type":"","background-media":"","overlay-type":"","overlay-color":"","overlay-gradient":""}},"ast-content-background-meta":{"desktop":{"background-color":"var(--ast-global-color-5)","background-image":"","background-repeat":"repeat","background-position":"center center","background-size":"auto","background-attachment":"scroll","background-type":"","background-media":"","overlay-type":"","overlay-color":"","overlay-gradient":""},"tablet":{"background-color":"var(--ast-global-color-5)","background-image":"","background-repeat":"repeat","background-position":"center center","background-size":"auto","background-attachment":"scroll","background-type":"","background-media":"","overlay-type":"","overlay-color":"","overlay-gradient":""},"mobile":{"background-color":"var(--ast-global-color-5)","background-image":"","background-repeat":"repeat","background-position":"center center","background-size":"auto","background-attachment":"scroll","background-type":"","background-media":"","overlay-type":"","overlay-color":"","overlay-gradient":""}}},"product_cat":[77],"product_tag":[20,110],"class_list":{"0":"post-19","1":"product","2":"type-product","3":"status-publish","4":"has-post-thumbnail","6":"product_cat-bebidas-y-alimentos-funcionales","7":"product_tag-ganoderma-lucidum","8":"product_tag-pioir-ganoderma-coffee-3-in-1","9":"desktop-align-center","10":"tablet-align-center","11":"mobile-align-center","13":"first","14":"instock","15":"featured","16":"shipping-taxable","17":"purchasable","18":"product-type-simple"},"yoast_head":"<!-- This site is optimized with the Yoast SEO plugin v23.2 - https:\/\/yoast.com\/wordpress\/plugins\/seo\/ -->\n<title>PIOIR Ganoderma Coffee 3 in 1, c\u00f3mpralo en la tienda de H\u00e1bitat<\/title>\n<meta name=\"description\" content=\"Nuestro Caf\u00e9 3 en 1 es la asombrosa combinaci\u00f3n de los mejores granos de caf\u00e9 con nuestro exclusivo extracto de Ganoderma Lucidum y crema no l\u00e1ctea\" \/>\n<meta name=\"robots\" content=\"index, follow, max-snippet:-1, max-image-preview:large, max-video-preview:-1\" \/>\n<link rel=\"canonical\" href=\"https:\/\/habitatamericas.com\/tiendaguatemala\/producto\/pioir-ganoderma-coffee-3-in-1\/\" \/>\n<meta property=\"og:locale\" content=\"es_ES\" \/>\n<meta property=\"og:type\" content=\"article\" \/>\n<meta property=\"og:title\" content=\"PIOIR Ganoderma Coffee 3 in 1, c\u00f3mpralo en la tienda de H\u00e1bitat\" \/>\n<meta property=\"og:description\" content=\"Nuestro Caf\u00e9 3 en 1 es la asombrosa combinaci\u00f3n de los mejores granos de caf\u00e9 con nuestro exclusivo extracto de Ganoderma Lucidum y crema no l\u00e1ctea\" \/>\n<meta property=\"og:url\" content=\"https:\/\/habitatamericas.com\/tiendaguatemala\/producto\/pioir-ganoderma-coffee-3-in-1\/\" \/>\n<meta property=\"og:site_name\" content=\"Tienda H\u00e1bitat Guatemala\" \/>\n<meta property=\"article:modified_time\" content=\"2024-10-17T22:57:06+00:00\" \/>\n<meta property=\"og:image\" content=\"https:\/\/habitatamericas.com\/tiendaguatemala\/wp-content\/uploads\/2023\/12\/Pioir-3-1-cafe-guatemala.jpg\" \/>\n\t<meta property=\"og:image:width\" content=\"500\" \/>\n\t<meta property=\"og:image:height\" content=\"500\" \/>\n\t<meta property=\"og:image:type\" content=\"image\/jpeg\" \/>\n<meta name=\"twitter:card\" content=\"summary_large_image\" \/>\n<meta name=\"twitter:label1\" content=\"Tiempo de lectura\" \/>\n\t<meta name=\"twitter:data1\" content=\"1 minuto\" \/>\n<script type=\"application\/ld+json\" class=\"yoast-schema-graph\">{\"@context\":\"https:\/\/schema.org\",\"@graph\":[{\"@type\":\"WebPage\",\"@id\":\"https:\/\/habitatamericas.com\/tiendaguatemala\/producto\/pioir-ganoderma-coffee-3-in-1\/\",\"url\":\"https:\/\/habitatamericas.com\/tiendaguatemala\/producto\/pioir-ganoderma-coffee-3-in-1\/\",\"name\":\"PIOIR Ganoderma Coffee 3 in 1, c\u00f3mpralo en la tienda de H\u00e1bitat\",\"isPartOf\":{\"@id\":\"https:\/\/habitatamericas.com\/tiendaguatemala\/#website\"},\"primaryImageOfPage\":{\"@id\":\"https:\/\/habitatamericas.com\/tiendaguatemala\/producto\/pioir-ganoderma-coffee-3-in-1\/#primaryimage\"},\"image\":{\"@id\":\"https:\/\/habitatamericas.com\/tiendaguatemala\/producto\/pioir-ganoderma-coffee-3-in-1\/#primaryimage\"},\"thumbnailUrl\":\"https:\/\/habitatamericas.com\/tiendaguatemala\/wp-content\/uploads\/2023\/12\/Pioir-3-1-cafe-guatemala.jpg\",\"datePublished\":\"2023-12-11T22:22:00+00:00\",\"dateModified\":\"2024-10-17T22:57:06+00:00\",\"description\":\"Nuestro Caf\u00e9 3 en 1 es la asombrosa combinaci\u00f3n de los mejores granos de caf\u00e9 con nuestro exclusivo extracto de Ganoderma Lucidum y crema no l\u00e1ctea\",\"breadcrumb\":{\"@id\":\"https:\/\/habitatamericas.com\/tiendaguatemala\/producto\/pioir-ganoderma-coffee-3-in-1\/#breadcrumb\"},\"inLanguage\":\"es-CO\",\"potentialAction\":[{\"@type\":\"ReadAction\",\"target\":[\"https:\/\/habitatamericas.com\/tiendaguatemala\/producto\/pioir-ganoderma-coffee-3-in-1\/\"]}]},{\"@type\":\"ImageObject\",\"inLanguage\":\"es-CO\",\"@id\":\"https:\/\/habitatamericas.com\/tiendaguatemala\/producto\/pioir-ganoderma-coffee-3-in-1\/#primaryimage\",\"url\":\"https:\/\/habitatamericas.com\/tiendaguatemala\/wp-content\/uploads\/2023\/12\/Pioir-3-1-cafe-guatemala.jpg\",\"contentUrl\":\"https:\/\/habitatamericas.com\/tiendaguatemala\/wp-content\/uploads\/2023\/12\/Pioir-3-1-cafe-guatemala.jpg\",\"width\":500,\"height\":500,\"caption\":\"PIOIR Caf\u00e9 3 en 1\"},{\"@type\":\"BreadcrumbList\",\"@id\":\"https:\/\/habitatamericas.com\/tiendaguatemala\/producto\/pioir-ganoderma-coffee-3-in-1\/#breadcrumb\",\"itemListElement\":[{\"@type\":\"ListItem\",\"position\":1,\"name\":\"Inicio\",\"item\":\"https:\/\/habitatamericas.com\/tiendaguatemala\/\"},{\"@type\":\"ListItem\",\"position\":2,\"name\":\"Shop\",\"item\":\"https:\/\/habitatamericas.com\/tiendaguatemala\/shop\/\"},{\"@type\":\"ListItem\",\"position\":3,\"name\":\"PIOIR Ganoderma Coffee 3 in 1\"}]},{\"@type\":\"WebSite\",\"@id\":\"https:\/\/habitatamericas.com\/tiendaguatemala\/#website\",\"url\":\"https:\/\/habitatamericas.com\/tiendaguatemala\/\",\"name\":\"Tienda H\u00e1bitat Guatemala\",\"description\":\"\u00a1Estamos transformando vidas!\",\"publisher\":{\"@id\":\"https:\/\/habitatamericas.com\/tiendaguatemala\/#organization\"},\"potentialAction\":[{\"@type\":\"SearchAction\",\"target\":{\"@type\":\"EntryPoint\",\"urlTemplate\":\"https:\/\/habitatamericas.com\/tiendaguatemala\/?s={search_term_string}\"},\"query-input\":\"required name=search_term_string\"}],\"inLanguage\":\"es-CO\"},{\"@type\":\"Organization\",\"@id\":\"https:\/\/habitatamericas.com\/tiendaguatemala\/#organization\",\"name\":\"Tienda H\u00e1bitat Guatemala\",\"url\":\"https:\/\/habitatamericas.com\/tiendaguatemala\/\",\"logo\":{\"@type\":\"ImageObject\",\"inLanguage\":\"es-CO\",\"@id\":\"https:\/\/habitatamericas.com\/tiendaguatemala\/#\/schema\/logo\/image\/\",\"url\":\"https:\/\/habitatamericas.com\/tiendaguatemala\/wp-content\/uploads\/2024\/10\/logo-guatemala.png\",\"contentUrl\":\"https:\/\/habitatamericas.com\/tiendaguatemala\/wp-content\/uploads\/2024\/10\/logo-guatemala.png\",\"width\":268,\"height\":107,\"caption\":\"Tienda H\u00e1bitat Guatemala\"},\"image\":{\"@id\":\"https:\/\/habitatamericas.com\/tiendaguatemala\/#\/schema\/logo\/image\/\"}}]}<\/script>\n<!-- \/ Yoast SEO plugin. -->","yoast_head_json":{"title":"PIOIR Ganoderma Coffee 3 in 1, c\u00f3mpralo en la tienda de H\u00e1bitat","description":"Nuestro Caf\u00e9 3 en 1 es la asombrosa combinaci\u00f3n de los mejores granos de caf\u00e9 con nuestro exclusivo extracto de Ganoderma Lucidum y crema no l\u00e1ctea","robots":{"index":"index","follow":"follow","max-snippet":"max-snippet:-1","max-image-preview":"max-image-preview:large","max-video-preview":"max-video-preview:-1"},"canonical":"https:\/\/habitatamericas.com\/tiendaguatemala\/producto\/pioir-ganoderma-coffee-3-in-1\/","og_locale":"es_ES","og_type":"article","og_title":"PIOIR Ganoderma Coffee 3 in 1, c\u00f3mpralo en la tienda de H\u00e1bitat","og_description":"Nuestro Caf\u00e9 3 en 1 es la asombrosa combinaci\u00f3n de los mejores granos de caf\u00e9 con nuestro exclusivo extracto de Ganoderma Lucidum y crema no l\u00e1ctea","og_url":"https:\/\/habitatamericas.com\/tiendaguatemala\/producto\/pioir-ganoderma-coffee-3-in-1\/","og_site_name":"Tienda H\u00e1bitat Guatemala","article_modified_time":"2024-10-17T22:57:06+00:00","og_image":[{"width":500,"height":500,"url":"https:\/\/habitatamericas.com\/tiendaguatemala\/wp-content\/uploads\/2023\/12\/Pioir-3-1-cafe-guatemala.jpg","type":"image\/jpeg"}],"twitter_card":"summary_large_image","twitter_misc":{"Tiempo de lectura":"1 minuto"},"schema":{"@context":"https:\/\/schema.org","@graph":[{"@type":"WebPage","@id":"https:\/\/habitatamericas.com\/tiendaguatemala\/producto\/pioir-ganoderma-coffee-3-in-1\/","url":"https:\/\/habitatamericas.com\/tiendaguatemala\/producto\/pioir-ganoderma-coffee-3-in-1\/","name":"PIOIR Ganoderma Coffee 3 in 1, c\u00f3mpralo en la tienda de H\u00e1bitat","isPartOf":{"@id":"https:\/\/habitatamericas.com\/tiendaguatemala\/#website"},"primaryImageOfPage":{"@id":"https:\/\/habitatamericas.com\/tiendaguatemala\/producto\/pioir-ganoderma-coffee-3-in-1\/#primaryimage"},"image":{"@id":"https:\/\/habitatamericas.com\/tiendaguatemala\/producto\/pioir-ganoderma-coffee-3-in-1\/#primaryimage"},"thumbnailUrl":"https:\/\/habitatamericas.com\/tiendaguatemala\/wp-content\/uploads\/2023\/12\/Pioir-3-1-cafe-guatemala.jpg","datePublished":"2023-12-11T22:22:00+00:00","dateModified":"2024-10-17T22:57:06+00:00","description":"Nuestro Caf\u00e9 3 en 1 es la asombrosa combinaci\u00f3n de los mejores granos de caf\u00e9 con nuestro exclusivo extracto de Ganoderma Lucidum y crema no l\u00e1ctea","breadcrumb":{"@id":"https:\/\/habitatamericas.com\/tiendaguatemala\/producto\/pioir-ganoderma-coffee-3-in-1\/#breadcrumb"},"inLanguage":"es-CO","potentialAction":[{"@type":"ReadAction","target":["https:\/\/habitatamericas.com\/tiendaguatemala\/producto\/pioir-ganoderma-coffee-3-in-1\/"]}]},{"@type":"ImageObject","inLanguage":"es-CO","@id":"https:\/\/habitatamericas.com\/tiendaguatemala\/producto\/pioir-ganoderma-coffee-3-in-1\/#primaryimage","url":"https:\/\/habitatamericas.com\/tiendaguatemala\/wp-content\/uploads\/2023\/12\/Pioir-3-1-cafe-guatemala.jpg","contentUrl":"https:\/\/habitatamericas.com\/tiendaguatemala\/wp-content\/uploads\/2023\/12\/Pioir-3-1-cafe-guatemala.jpg","width":500,"height":500,"caption":"PIOIR Caf\u00e9 3 en 1"},{"@type":"BreadcrumbList","@id":"https:\/\/habitatamericas.com\/tiendaguatemala\/producto\/pioir-ganoderma-coffee-3-in-1\/#breadcrumb","itemListElement":[{"@type":"ListItem","position":1,"name":"Inicio","item":"https:\/\/habitatamericas.com\/tiendaguatemala\/"},{"@type":"ListItem","position":2,"name":"Shop","item":"https:\/\/habitatamericas.com\/tiendaguatemala\/shop\/"},{"@type":"ListItem","position":3,"name":"PIOIR Ganoderma Coffee 3 in 1"}]},{"@type":"WebSite","@id":"https:\/\/habitatamericas.com\/tiendaguatemala\/#website","url":"https:\/\/habitatamericas.com\/tiendaguatemala\/","name":"Tienda H\u00e1bitat Guatemala","description":"\u00a1Estamos transformando vidas!","publisher":{"@id":"https:\/\/habitatamericas.com\/tiendaguatemala\/#organization"},"potentialAction":[{"@type":"SearchAction","target":{"@type":"EntryPoint","urlTemplate":"https:\/\/habitatamericas.com\/tiendaguatemala\/?s={search_term_string}"},"query-input":"required name=search_term_string"}],"inLanguage":"es-CO"},{"@type":"Organization","@id":"https:\/\/habitatamericas.com\/tiendaguatemala\/#organization","name":"Tienda H\u00e1bitat Guatemala","url":"https:\/\/habitatamericas.com\/tiendaguatemala\/","logo":{"@type":"ImageObject","inLanguage":"es-CO","@id":"https:\/\/habitatamericas.com\/tiendaguatemala\/#\/schema\/logo\/image\/","url":"https:\/\/habitatamericas.com\/tiendaguatemala\/wp-content\/uploads\/2024\/10\/logo-guatemala.png","contentUrl":"https:\/\/habitatamericas.com\/tiendaguatemala\/wp-content\/uploads\/2024\/10\/logo-guatemala.png","width":268,"height":107,"caption":"Tienda H\u00e1bitat Guatemala"},"image":{"@id":"https:\/\/habitatamericas.com\/tiendaguatemala\/#\/schema\/logo\/image\/"}}]}},"_links":{"self":[{"href":"https:\/\/habitatamericas.com\/tiendaguatemala\/wp-json\/wp\/v2\/product\/19"}],"collection":[{"href":"https:\/\/habitatamericas.com\/tiendaguatemala\/wp-json\/wp\/v2\/product"}],"about":[{"href":"https:\/\/habitatamericas.com\/tiendaguatemala\/wp-json\/wp\/v2\/types\/product"}],"replies":[{"embeddable":true,"href":"https:\/\/habitatamericas.com\/tiendaguatemala\/wp-json\/wp\/v2\/comments?post=19"}],"wp:featuredmedia":[{"embeddable":true,"href":"https:\/\/habitatamericas.com\/tiendaguatemala\/wp-json\/wp\/v2\/media\/5881"}],"wp:attachment":[{"href":"https:\/\/habitatamericas.com\/tiendaguatemala\/wp-json\/wp\/v2\/media?parent=19"}],"wp:term":[{"taxonomy":"product_cat","embeddable":true,"href":"https:\/\/habitatamericas.com\/tiendaguatemala\/wp-json\/wp\/v2\/product_cat?post=19"},{"taxonomy":"product_tag","embeddable":true,"href":"https:\/\/habitatamericas.com\/tiendaguatemala\/wp-json\/wp\/v2\/product_tag?post=19"}],"curies":[{"name":"wp","href":"https:\/\/api.w.org\/{rel}","templated":true}]}}