{"id":2,"date":"2023-10-18T15:46:57","date_gmt":"2023-10-18T20:46:57","guid":{"rendered":"http:\/\/tiendalat.coheteam.com\/?page_id=2"},"modified":"2023-10-18T15:46:57","modified_gmt":"2023-10-18T20:46:57","slug":"pagina-ejemplo","status":"publish","type":"page","link":"https:\/\/habitatamericas.com\/tiendaguatemala\/pagina-ejemplo\/","title":{"rendered":"P\u00e1gina de ejemplo"},"content":{"rendered":"\n<p>Esta es una p\u00e1gina de ejemplo. Es diferente de una entrada de blog porque se quedar\u00e1 en ese lugar y se mostrar\u00e1 en la navegaci\u00f3n de tu sitio (en la mayor\u00eda de los temas). La mayor\u00eda de la gente comienza con una p\u00e1gina de acerca de que los introduce a los visitantes potenciales del sitio. Podr\u00eda decir algo como esto:<\/p>\n\n\n\n<blockquote class=\"wp-block-quote is-layout-flow wp-block-quote-is-layout-flow\"><p>\u00a1Hola! Soy un Mensajero en bici durante el d\u00eda, aspirante a actor de noche, y este es mi sitio Web. Vivo en los \u00c1ngeles, tengo un gran perro llamado Jack, y me gustan las pi\u00f1as coladas. (Y estar atrapados en la lluvia.)<\/p><\/blockquote>\n\n\n\n<p>\u2026o algo as\u00ed:<\/p>\n\n\n\n<blockquote class=\"wp-block-quote is-layout-flow wp-block-quote-is-layout-flow\"><p>La Empresa Doohickey XYZ fue fundada en 1971, y ha estado proporcionando cosas de calidad al p\u00fablico desde entonces. Ubicado en la ciudad de Gotham, XYZ emplea a m\u00e1s de 2.000 personas y hace todo tipo de cosas impresionantes para la comunidad g\u00f3tica.<\/p><\/blockquote>\n\n\n\n<p>Como nuevo usuario de WordPress, debes ir a <a href=\"https:\/\/habitatamericas.com\/tiendaguatemala\/wp-admin\/\">tu Escritorio<\/a> para eliminar esta p\u00e1gina, y as\u00ed crear nuevas p\u00e1ginas para su contenido. \u00a1Que te diviertas!<\/p>\n","protected":false},"excerpt":{"rendered":"<p>Esta es una p\u00e1gina de ejemplo. Es diferente de una entrada de blog porque se quedar\u00e1 en ese lugar y se mostrar\u00e1 en la navegaci\u00f3n de tu sitio (en la mayor\u00eda de los temas). La mayor\u00eda de la gente comienza con una p\u00e1gina de acerca de que los introduce a los visitantes potenciales del sitio. &hellip;<\/p>\n<p class=\"read-more\"> <a class=\"\" href=\"https:\/\/habitatamericas.com\/tiendaguatemala\/pagina-ejemplo\/\"> <span class=\"screen-reader-text\">P\u00e1gina de ejemplo<\/span> Leer m\u00e1s &raquo;<\/a><\/p>\n","protected":false},"author":2,"featured_media":0,"parent":0,"menu_order":0,"comment_status":"closed","ping_status":"open","template":"","meta":{"site-sidebar-layout":"default","site-content-layout":"","ast-site-content-layout":"","site-content-style":"default","site-sidebar-style":"default","ast-global-header-display":"","ast-banner-title-visibility":"","ast-main-header-display":"","ast-hfb-above-header-display":"","ast-hfb-below-header-display":"","ast-hfb-mobile-header-display":"","site-post-title":"","ast-breadcrumbs-content":"","ast-featured-img":"","footer-sml-layout":"","theme-transparent-header-meta":"","adv-header-id-meta":"","stick-header-meta":"","header-above-stick-meta":"","header-main-stick-meta":"","header-below-stick-meta":"","astra-migrate-meta-layouts":"default","ast-page-background-enabled":"default","ast-page-background-meta":{"desktop":{"background-color":"","background-image":"","background-repeat":"repeat","background-position":"center center","background-size":"auto","background-attachment":"scroll","background-type":"","background-media":"","overlay-type":"","overlay-color":"","overlay-gradient":""},"tablet":{"background-color":"","background-image":"","background-repeat":"repeat","background-position":"center center","background-size":"auto","background-attachment":"scroll","background-type":"","background-media":"","overlay-type":"","overlay-color":"","overlay-gradient":""},"mobile":{"background-color":"","background-image":"","background-repeat":"repeat","background-position":"center center","background-size":"auto","background-attachment":"scroll","background-type":"","background-media":"","overlay-type":"","overlay-color":"","overlay-gradient":""}},"ast-content-background-meta":{"desktop":{"background-color":"var(--ast-global-color-5)","background-image":"","background-repeat":"repeat","background-position":"center center","background-size":"auto","background-attachment":"scroll","background-type":"","background-media":"","overlay-type":"","overlay-color":"","overlay-gradient":""},"tablet":{"background-color":"var(--ast-global-color-5)","background-image":"","background-repeat":"repeat","background-position":"center center","background-size":"auto","background-attachment":"scroll","background-type":"","background-media":"","overlay-type":"","overlay-color":"","overlay-gradient":""},"mobile":{"background-color":"var(--ast-global-color-5)","background-image":"","background-repeat":"repeat","background-position":"center center","background-size":"auto","background-attachment":"scroll","background-type":"","background-media":"","overlay-type":"","overlay-color":"","overlay-gradient":""}},"footnotes":""},"class_list":["post-2","page","type-page","status-publish","hentry"],"yoast_head":"<!-- This site is optimized with the Yoast SEO plugin v23.2 - https:\/\/yoast.com\/wordpress\/plugins\/seo\/ -->\n<title>P\u00e1gina de ejemplo - Tienda H\u00e1bitat Guatemala<\/title>\n<meta name=\"robots\" content=\"index, follow, max-snippet:-1, max-image-preview:large, max-video-preview:-1\" \/>\n<link rel=\"canonical\" href=\"https:\/\/habitatamericas.com\/tiendaguatemala\/pagina-ejemplo\/\" \/>\n<meta property=\"og:locale\" content=\"es_ES\" \/>\n<meta property=\"og:type\" content=\"article\" \/>\n<meta property=\"og:title\" content=\"P\u00e1gina de ejemplo - Tienda H\u00e1bitat Guatemala\" \/>\n<meta property=\"og:description\" content=\"Esta es una p\u00e1gina de ejemplo. Es diferente de una entrada de blog porque se quedar\u00e1 en ese lugar y se mostrar\u00e1 en la navegaci\u00f3n de tu sitio (en la mayor\u00eda de los temas). La mayor\u00eda de la gente comienza con una p\u00e1gina de acerca de que los introduce a los visitantes potenciales del sitio. &hellip; P\u00e1gina de ejemplo Leer m\u00e1s &raquo;\" \/>\n<meta property=\"og:url\" content=\"https:\/\/habitatamericas.com\/tiendaguatemala\/pagina-ejemplo\/\" \/>\n<meta property=\"og:site_name\" content=\"Tienda H\u00e1bitat Guatemala\" \/>\n<meta name=\"twitter:card\" content=\"summary_large_image\" \/>\n<meta name=\"twitter:label1\" content=\"Tiempo de lectura\" \/>\n\t<meta name=\"twitter:data1\" content=\"1 minuto\" \/>\n<script type=\"application\/ld+json\" class=\"yoast-schema-graph\">{\"@context\":\"https:\/\/schema.org\",\"@graph\":[{\"@type\":\"WebPage\",\"@id\":\"https:\/\/habitatamericas.com\/tiendaguatemala\/pagina-ejemplo\/\",\"url\":\"https:\/\/habitatamericas.com\/tiendaguatemala\/pagina-ejemplo\/\",\"name\":\"P\u00e1gina de ejemplo - Tienda H\u00e1bitat Guatemala\",\"isPartOf\":{\"@id\":\"https:\/\/habitatamericas.com\/tiendaguatemala\/#website\"},\"datePublished\":\"2023-10-18T20:46:57+00:00\",\"dateModified\":\"2023-10-18T20:46:57+00:00\",\"breadcrumb\":{\"@id\":\"https:\/\/habitatamericas.com\/tiendaguatemala\/pagina-ejemplo\/#breadcrumb\"},\"inLanguage\":\"es-CO\",\"potentialAction\":[{\"@type\":\"ReadAction\",\"target\":[\"https:\/\/habitatamericas.com\/tiendaguatemala\/pagina-ejemplo\/\"]}]},{\"@type\":\"BreadcrumbList\",\"@id\":\"https:\/\/habitatamericas.com\/tiendaguatemala\/pagina-ejemplo\/#breadcrumb\",\"itemListElement\":[{\"@type\":\"ListItem\",\"position\":1,\"name\":\"Inicio\",\"item\":\"https:\/\/habitatamericas.com\/tiendaguatemala\/\"},{\"@type\":\"ListItem\",\"position\":2,\"name\":\"P\u00e1gina de ejemplo\"}]},{\"@type\":\"WebSite\",\"@id\":\"https:\/\/habitatamericas.com\/tiendaguatemala\/#website\",\"url\":\"https:\/\/habitatamericas.com\/tiendaguatemala\/\",\"name\":\"Tienda H\u00e1bitat Guatemala\",\"description\":\"\u00a1Estamos transformando vidas!\",\"publisher\":{\"@id\":\"https:\/\/habitatamericas.com\/tiendaguatemala\/#organization\"},\"potentialAction\":[{\"@type\":\"SearchAction\",\"target\":{\"@type\":\"EntryPoint\",\"urlTemplate\":\"https:\/\/habitatamericas.com\/tiendaguatemala\/?s={search_term_string}\"},\"query-input\":\"required name=search_term_string\"}],\"inLanguage\":\"es-CO\"},{\"@type\":\"Organization\",\"@id\":\"https:\/\/habitatamericas.com\/tiendaguatemala\/#organization\",\"name\":\"Tienda H\u00e1bitat Guatemala\",\"url\":\"https:\/\/habitatamericas.com\/tiendaguatemala\/\",\"logo\":{\"@type\":\"ImageObject\",\"inLanguage\":\"es-CO\",\"@id\":\"https:\/\/habitatamericas.com\/tiendaguatemala\/#\/schema\/logo\/image\/\",\"url\":\"https:\/\/habitatamericas.com\/tiendaguatemala\/wp-content\/uploads\/2024\/10\/logo-guatemala.png\",\"contentUrl\":\"https:\/\/habitatamericas.com\/tiendaguatemala\/wp-content\/uploads\/2024\/10\/logo-guatemala.png\",\"width\":268,\"height\":107,\"caption\":\"Tienda H\u00e1bitat Guatemala\"},\"image\":{\"@id\":\"https:\/\/habitatamericas.com\/tiendaguatemala\/#\/schema\/logo\/image\/\"}}]}<\/script>\n<!-- \/ Yoast SEO plugin. -->","yoast_head_json":{"title":"P\u00e1gina de ejemplo - Tienda H\u00e1bitat Guatemala","robots":{"index":"index","follow":"follow","max-snippet":"max-snippet:-1","max-image-preview":"max-image-preview:large","max-video-preview":"max-video-preview:-1"},"canonical":"https:\/\/habitatamericas.com\/tiendaguatemala\/pagina-ejemplo\/","og_locale":"es_ES","og_type":"article","og_title":"P\u00e1gina de ejemplo - Tienda H\u00e1bitat Guatemala","og_description":"Esta es una p\u00e1gina de ejemplo. Es diferente de una entrada de blog porque se quedar\u00e1 en ese lugar y se mostrar\u00e1 en la navegaci\u00f3n de tu sitio (en la mayor\u00eda de los temas). La mayor\u00eda de la gente comienza con una p\u00e1gina de acerca de que los introduce a los visitantes potenciales del sitio. &hellip; P\u00e1gina de ejemplo Leer m\u00e1s &raquo;","og_url":"https:\/\/habitatamericas.com\/tiendaguatemala\/pagina-ejemplo\/","og_site_name":"Tienda H\u00e1bitat Guatemala","twitter_card":"summary_large_image","twitter_misc":{"Tiempo de lectura":"1 minuto"},"schema":{"@context":"https:\/\/schema.org","@graph":[{"@type":"WebPage","@id":"https:\/\/habitatamericas.com\/tiendaguatemala\/pagina-ejemplo\/","url":"https:\/\/habitatamericas.com\/tiendaguatemala\/pagina-ejemplo\/","name":"P\u00e1gina de ejemplo - Tienda H\u00e1bitat Guatemala","isPartOf":{"@id":"https:\/\/habitatamericas.com\/tiendaguatemala\/#website"},"datePublished":"2023-10-18T20:46:57+00:00","dateModified":"2023-10-18T20:46:57+00:00","breadcrumb":{"@id":"https:\/\/habitatamericas.com\/tiendaguatemala\/pagina-ejemplo\/#breadcrumb"},"inLanguage":"es-CO","potentialAction":[{"@type":"ReadAction","target":["https:\/\/habitatamericas.com\/tiendaguatemala\/pagina-ejemplo\/"]}]},{"@type":"BreadcrumbList","@id":"https:\/\/habitatamericas.com\/tiendaguatemala\/pagina-ejemplo\/#breadcrumb","itemListElement":[{"@type":"ListItem","position":1,"name":"Inicio","item":"https:\/\/habitatamericas.com\/tiendaguatemala\/"},{"@type":"ListItem","position":2,"name":"P\u00e1gina de ejemplo"}]},{"@type":"WebSite","@id":"https:\/\/habitatamericas.com\/tiendaguatemala\/#website","url":"https:\/\/habitatamericas.com\/tiendaguatemala\/","name":"Tienda H\u00e1bitat Guatemala","description":"\u00a1Estamos transformando vidas!","publisher":{"@id":"https:\/\/habitatamericas.com\/tiendaguatemala\/#organization"},"potentialAction":[{"@type":"SearchAction","target":{"@type":"EntryPoint","urlTemplate":"https:\/\/habitatamericas.com\/tiendaguatemala\/?s={search_term_string}"},"query-input":"required name=search_term_string"}],"inLanguage":"es-CO"},{"@type":"Organization","@id":"https:\/\/habitatamericas.com\/tiendaguatemala\/#organization","name":"Tienda H\u00e1bitat Guatemala","url":"https:\/\/habitatamericas.com\/tiendaguatemala\/","logo":{"@type":"ImageObject","inLanguage":"es-CO","@id":"https:\/\/habitatamericas.com\/tiendaguatemala\/#\/schema\/logo\/image\/","url":"https:\/\/habitatamericas.com\/tiendaguatemala\/wp-content\/uploads\/2024\/10\/logo-guatemala.png","contentUrl":"https:\/\/habitatamericas.com\/tiendaguatemala\/wp-content\/uploads\/2024\/10\/logo-guatemala.png","width":268,"height":107,"caption":"Tienda H\u00e1bitat Guatemala"},"image":{"@id":"https:\/\/habitatamericas.com\/tiendaguatemala\/#\/schema\/logo\/image\/"}}]}},"_links":{"self":[{"href":"https:\/\/habitatamericas.com\/tiendaguatemala\/wp-json\/wp\/v2\/pages\/2"}],"collection":[{"href":"https:\/\/habitatamericas.com\/tiendaguatemala\/wp-json\/wp\/v2\/pages"}],"about":[{"href":"https:\/\/habitatamericas.com\/tiendaguatemala\/wp-json\/wp\/v2\/types\/page"}],"author":[{"embeddable":true,"href":"https:\/\/habitatamericas.com\/tiendaguatemala\/wp-json\/wp\/v2\/users\/2"}],"replies":[{"embeddable":true,"href":"https:\/\/habitatamericas.com\/tiendaguatemala\/wp-json\/wp\/v2\/comments?post=2"}],"version-history":[{"count":0,"href":"https:\/\/habitatamericas.com\/tiendaguatemala\/wp-json\/wp\/v2\/pages\/2\/revisions"}],"wp:attachment":[{"href":"https:\/\/habitatamericas.com\/tiendaguatemala\/wp-json\/wp\/v2\/media?parent=2"}],"curies":[{"name":"wp","href":"https:\/\/api.w.org\/{rel}","templated":true}]}}