{"id":6127,"date":"2025-04-10T10:59:56","date_gmt":"2025-04-10T15:59:56","guid":{"rendered":"https:\/\/habitatamericas.com\/tiendacolombia\/?post_type=product&#038;p=6127"},"modified":"2025-05-28T12:01:12","modified_gmt":"2025-05-28T17:01:12","slug":"restart-bienestar-financiero-integral","status":"publish","type":"product","link":"https:\/\/habitatamericas.com\/tiendacolombia\/producto\/restart-bienestar-financiero-integral\/","title":{"rendered":"Re-start Bienestar Financiero Integral"},"content":{"rendered":"<div>\n<h3 style=\"font-size: 35px; line-height: 35px; font-family: 'Rasputin'; color: #1a2d4e;\">Temas de los m\u00f3dulos<\/h3>\n<\/div>\n<div style=\"float: left;\">\n<h3 style=\"font-size: 25px; line-height: 25px; font-family: 'Rasputin'; color: #1a2d4e;\">M\u00d3DULO 1 &#8211; B\u00c1SICOS DE NUESTRO NEGOCIO<\/h3>\n<ul>\n<li><b>Clase 1.<\/b> Formaci\u00f3n B\u00e1sica de nuestros productos.<\/li>\n<li><b>Clase 2.<\/b> C\u00f3mo usar los productos, aplicaciones y recetas.<\/li>\n<li><b>Clase 3.<\/b> Modelo de negocio. Introducci\u00f3n al modelo de posicionamiento de marca.<\/li>\n<li><b>Clase 4.<\/b> Nuestras 7 l\u00edneas de negocio.<\/li>\n<li><b>Clase 5.<\/b> Foro de encuentro m\u00f3dulo 1.<\/li>\n<\/ul>\n<hr \/>\n<h3 style=\"font-size: 25px; line-height: 25px; font-family: 'Rasputin'; color: #1a2d4e;\">M\u00d3DULO 2 &#8211; B\u00c1SICO DE HABILIDADES COMERCIALES PARA SER EXITOSO<\/h3>\n<ul>\n<li><b>Clase 6.<\/b> Inducci\u00f3n al nuevo.<\/li>\n<li><b>Clase 7.<\/b> Planeaci\u00f3n funcional: metodolog\u00eda H\u00e1bitat de gesti\u00f3n y optimizaci\u00f3n del tiempo aplicable a todas las \u00e1reas de la vida.<\/li>\n<li><b>Clase 8.<\/b> Prospecci\u00f3n y contacto efectivo.<\/li>\n<li><b>Clase 9.<\/b> Presentaci\u00f3n de negocio desde la perspectiva del bienestar financiero.<\/li>\n<li><b>Clase 10.<\/b> Manejo de objeciones, seguimiento y cierre.<\/li>\n<li><b>Clase 11.<\/b> Postura y conductas empresariales.<\/li>\n<li><b>Clase 12.<\/b> <strong>FORO<\/strong> Encuentro de empresarios <strong>H\u00c1BITAT<\/strong><\/li>\n<\/ul>\n<hr \/>\n<h3 style=\"font-size: 25px; line-height: 25px; font-family: 'Rasputin'; color: #1a2d4e;\">M\u00d3DULO 3 &#8211; HABILIDADES BLANDAS<\/h3>\n<ul>\n<li><b>Clase 13.<\/b> Comunicaci\u00f3n efectiva y afectiva para crear sinergia.<\/li>\n<li><b>Clase 14.<\/b> Inspiraci\u00f3n, influencia y persuasi\u00f3n.<\/li>\n<li><b>Clase 15.<\/b> Manejo y resoluci\u00f3n de problemas y retos.<\/li>\n<li><b>Clase 16.<\/b> Creatividad e innovaci\u00f3n funcional.<\/li>\n<li><b>Clase 17.<\/b> Redes sociales magn\u00e9ticas, funcionales y productivas.<\/li>\n<li><b>Clase 18.<\/b> Foro de Aprendizaje.<\/li>\n<\/ul>\n<hr \/>\n<h3 style=\"font-size: 25px; line-height: 25px; font-family: 'Rasputin'; color: #1a2d4e;\">M\u00d3DULO 4 &#8211; LIDERAZGO 360\u00b0 PARA CREAR EQUIPOS DE ALTO DESEMPE\u00d1O Y UNA ORGANIZACI\u00d3N DE CONSUMO S\u00d3LIDA<\/h3>\n<p><b>Encuentro productivo N.1<\/b><\/p>\n<ul>\n<li><b>Clase 19.<\/b> Liderazgo de procesos, personas y sistemas.<\/li>\n<li><b>Clase 20.<\/b> Sistema de virtudes: El m\u00e1ximo potencial a desarrollar para ser un l\u00edder empresario integral exitoso.<\/li>\n<\/ul>\n<hr \/>\n<h3 style=\"font-size: 25px; line-height: 25px; font-family: 'Rasputin'; color: #1a2d4e;\">M\u00d3DULO 5 &#8211; FUNDAMENTOS DE LAS FINANZAS PERSONALES.<\/h3>\n<ul>\n<li><b>Clase 21.<\/b> Introducci\u00f3n a las Finanzas Personales<\/li>\n<\/ul>\n<p><b>Encuentro productivo N.2<\/b><\/p>\n<ul>\n<li><b>Clase 22.<\/b> Presupuesto Personal Efectivo<\/li>\n<\/ul>\n<hr \/>\n<h3 style=\"font-size: 25px; line-height: 25px; font-family: 'Rasputin'; color: #1a2d4e;\">M\u00d3DULO 6 &#8211; FINANZAS FAMILIARES<\/h3>\n<p><b>Encuentro productivo N.3<\/b><\/p>\n<ul>\n<li><b>Clase 24.<\/b> Roles financieros en el hogar.<\/li>\n<\/ul>\n<p><b>Encuentro productivo N.4<\/b><\/p>\n<ul>\n<li><b>Clase 25.<\/b> Ahorro y Fondo de Emergencia<\/li>\n<\/ul>\n<p><b>Encuentro productivo N.5<\/b><\/p>\n<ul>\n<li><b>Clase 26.<\/b> Foro de terminaci\u00f3n del circuito. Aprendizaje y reconocimiento a los mejores.<\/li>\n<\/ul>\n<hr \/>\n<\/div>\n","protected":false},"excerpt":{"rendered":"<h3 style=\"font-size: 22px; line-height: 25px; font-weight: 400;\">\u00a1En 3 meses y medio aprender\u00e1s todo lo que necesitas saber para construir con nosotros bienestar financiero!<br \/>\nCon la mejor plataforma en m\u00e1s de 14 pa\u00edses de las am\u00e9ricas.<br \/>\n<strong>Por la compra de estos productos podr\u00e1s vivir este programa que te ayudar\u00e1 a transformarte.<\/strong><\/h3>\n<div style=\"float: left;\">\n<ul style=\"font-size: 22px; line-height: 25px; font-weight: 600;\">\n<li><a href=\"https:\/\/habitatamericas.com\/tiendacolombia\/producto\/ganoderma-capsulas\/\">1 frasco de Ganoderma C\u00e1psulas<\/a><\/li>\n<li><a href=\"https:\/\/habitatamericas.com\/tiendacolombia\/producto\/excellium-capsulas\/\">1 frasco de Excellium C\u00e1psulas<\/a><\/li>\n<li><a href=\"https:\/\/habitatamericas.com\/tiendacolombia\/producto\/ganocafe-3-1\/\">15 cajas de GanoCaf\u00e9 3 en 1<\/a><\/li>\n<li><a href=\"https:\/\/habitatamericas.com\/tiendacolombia\/producto\/ganocafe-classic\/\">6 cajas de GanoCaf\u00e9 Classic<\/a><\/li>\n<li><a href=\"https:\/\/habitatamericas.com\/tiendacolombia\/producto\/gano-schokolade\/\">5 cajas de Gano Schokolade<\/a><\/li>\n<li><a href=\"https:\/\/habitatamericas.com\/tiendacolombia\/producto\/gano-fresh-toothpaste\/\">2 cajas de Gano Fresh Toothpaste<\/a><\/li>\n<li><a href=\"https:\/\/habitatamericas.com\/tiendacolombia\/producto\/oleaf-gano-rooibos-drink\/\">2 cajas de Oleaf Gano Rooibos Drink<\/a><\/li>\n<li><a href=\"https:\/\/habitatamericas.com\/tiendacolombia\/producto\/gano-creal-spirulina\/\">2 cajas de Gano C\u00b4real Spirulina<\/a><\/li>\n<li><a href=\"https:\/\/habitatamericas.com\/tiendacolombia\/producto\/ganorico-mocha-rico\/\">2 cajas de Ganorico Mocha Rico<\/a><\/li>\n<li><a href=\"https:\/\/habitatamericas.com\/tiendacolombia\/producto\/piel-brillo-acondicionador\/\">1 frasco de Piel &amp; Brillo Acondicionador<\/a><\/li>\n<li><a href=\"https:\/\/habitatamericas.com\/tiendacolombia\/producto\/pielbrillo-shampoo\/\">1 frasco de Piel &amp; Brillo Shampoo<\/a><\/li>\n<li><a href=\"https:\/\/habitatamericas.com\/tiendacolombia\/producto\/piel-brillo-exfoliante-corporal\/\">1 frasco de Piel &amp; Brillo Exfoliante Corporal<\/a><\/li>\n<li><a href=\"https:\/\/habitatamericas.com\/tiendacolombia\/producto\/gano-transparent-soap\/\">1 caja de Gano Transparent Soap<\/a><\/li>\n<\/ul>\n<p><b style=\"color: #1a2d4e; font-size: 1.7rem; font-weight: 500;\">Valor productos: <\/b> <b style=\"color: #b4cb54; font-size: 1.9rem; font-weight: bold;\">$ 4&#8217;500.000<\/b><\/p>\n<\/div>\n","protected":false},"featured_media":6128,"template":"","meta":{"site-sidebar-layout":"default","site-content-layout":"","ast-site-content-layout":"default","site-content-style":"default","site-sidebar-style":"default","ast-global-header-display":"","ast-banner-title-visibility":"","ast-main-header-display":"","ast-hfb-above-header-display":"","ast-hfb-below-header-display":"","ast-hfb-mobile-header-display":"","site-post-title":"","ast-breadcrumbs-content":"","ast-featured-img":"","footer-sml-layout":"","theme-transparent-header-meta":"default","adv-header-id-meta":"","stick-header-meta":"","header-above-stick-meta":"","header-main-stick-meta":"","header-below-stick-meta":"","astra-migrate-meta-layouts":"set","ast-page-background-enabled":"default","ast-page-background-meta":{"desktop":{"background-color":"","background-image":"","background-repeat":"repeat","background-position":"center center","background-size":"auto","background-attachment":"scroll","background-type":"","background-media":"","overlay-type":"","overlay-color":"","overlay-gradient":""},"tablet":{"background-color":"","background-image":"","background-repeat":"repeat","background-position":"center center","background-size":"auto","background-attachment":"scroll","background-type":"","background-media":"","overlay-type":"","overlay-color":"","overlay-gradient":""},"mobile":{"background-color":"","background-image":"","background-repeat":"repeat","background-position":"center center","background-size":"auto","background-attachment":"scroll","background-type":"","background-media":"","overlay-type":"","overlay-color":"","overlay-gradient":""}},"ast-content-background-meta":{"desktop":{"background-color":"var(--ast-global-color-5)","background-image":"","background-repeat":"repeat","background-position":"center center","background-size":"auto","background-attachment":"scroll","background-type":"","background-media":"","overlay-type":"","overlay-color":"","overlay-gradient":""},"tablet":{"background-color":"var(--ast-global-color-5)","background-image":"","background-repeat":"repeat","background-position":"center center","background-size":"auto","background-attachment":"scroll","background-type":"","background-media":"","overlay-type":"","overlay-color":"","overlay-gradient":""},"mobile":{"background-color":"var(--ast-global-color-5)","background-image":"","background-repeat":"repeat","background-position":"center center","background-size":"auto","background-attachment":"scroll","background-type":"","background-media":"","overlay-type":"","overlay-color":"","overlay-gradient":""}}},"product_cat":[17],"product_tag":[133,127,128,129],"class_list":{"0":"post-6127","1":"product","2":"type-product","3":"status-publish","4":"has-post-thumbnail","6":"product_cat-circuitos-de-formacion","7":"product_tag-cursos-de-formacion","8":"product_tag-habitos","9":"product_tag-nutricion","10":"product_tag-suplementacion-funcional","11":"desktop-align-center","12":"tablet-align-center","13":"mobile-align-center","15":"first","16":"instock","17":"featured","18":"shipping-taxable","19":"purchasable","20":"product-type-simple"},"yoast_head":"<!-- This site is optimized with the Yoast SEO plugin v23.2 - https:\/\/yoast.com\/wordpress\/plugins\/seo\/ -->\n<title>Restart Bienestar Financiero Integral<\/title>\n<meta name=\"description\" content=\"Restart Bienestar Financiero Integral es un curso de formaci\u00f3n dise\u00f1ado para transformar tu vida financiera y personal en 26 clases\" \/>\n<meta name=\"robots\" content=\"index, follow, max-snippet:-1, max-image-preview:large, max-video-preview:-1\" \/>\n<link rel=\"canonical\" href=\"https:\/\/habitatamericas.com\/tiendacolombia\/producto\/restart-bienestar-financiero-integral\/\" \/>\n<meta property=\"og:locale\" content=\"es_ES\" \/>\n<meta property=\"og:type\" content=\"article\" \/>\n<meta property=\"og:title\" content=\"Restart Bienestar Financiero Integral\" \/>\n<meta property=\"og:description\" content=\"Restart Bienestar Financiero Integral es un curso de formaci\u00f3n dise\u00f1ado para transformar tu vida financiera y personal en 26 clases\" \/>\n<meta property=\"og:url\" content=\"https:\/\/habitatamericas.com\/tiendacolombia\/producto\/restart-bienestar-financiero-integral\/\" \/>\n<meta property=\"og:site_name\" content=\"Tienda H\u00e1bitat Colombia\" \/>\n<meta property=\"article:modified_time\" content=\"2025-05-28T17:01:12+00:00\" \/>\n<meta property=\"og:image\" content=\"https:\/\/habitatamericas.com\/tiendacolombia\/wp-content\/uploads\/2025\/04\/curso-restart-financiero.webp\" \/>\n\t<meta property=\"og:image:width\" content=\"600\" \/>\n\t<meta property=\"og:image:height\" content=\"600\" \/>\n\t<meta property=\"og:image:type\" content=\"image\/webp\" \/>\n<meta name=\"twitter:card\" content=\"summary_large_image\" \/>\n<meta name=\"twitter:label1\" content=\"Tiempo de lectura\" \/>\n\t<meta name=\"twitter:data1\" content=\"2 minutos\" \/>\n<script type=\"application\/ld+json\" class=\"yoast-schema-graph\">{\"@context\":\"https:\/\/schema.org\",\"@graph\":[{\"@type\":\"WebPage\",\"@id\":\"https:\/\/habitatamericas.com\/tiendacolombia\/producto\/restart-bienestar-financiero-integral\/\",\"url\":\"https:\/\/habitatamericas.com\/tiendacolombia\/producto\/restart-bienestar-financiero-integral\/\",\"name\":\"Restart Bienestar Financiero Integral\",\"isPartOf\":{\"@id\":\"https:\/\/habitatamericas.com\/tiendacolombia\/#website\"},\"primaryImageOfPage\":{\"@id\":\"https:\/\/habitatamericas.com\/tiendacolombia\/producto\/restart-bienestar-financiero-integral\/#primaryimage\"},\"image\":{\"@id\":\"https:\/\/habitatamericas.com\/tiendacolombia\/producto\/restart-bienestar-financiero-integral\/#primaryimage\"},\"thumbnailUrl\":\"https:\/\/habitatamericas.com\/tiendacolombia\/wp-content\/uploads\/2025\/04\/curso-restart-financiero.webp\",\"datePublished\":\"2025-04-10T15:59:56+00:00\",\"dateModified\":\"2025-05-28T17:01:12+00:00\",\"description\":\"Restart Bienestar Financiero Integral es un curso de formaci\u00f3n dise\u00f1ado para transformar tu vida financiera y personal en 26 clases\",\"breadcrumb\":{\"@id\":\"https:\/\/habitatamericas.com\/tiendacolombia\/producto\/restart-bienestar-financiero-integral\/#breadcrumb\"},\"inLanguage\":\"es-CO\",\"potentialAction\":[{\"@type\":\"ReadAction\",\"target\":[\"https:\/\/habitatamericas.com\/tiendacolombia\/producto\/restart-bienestar-financiero-integral\/\"]}]},{\"@type\":\"ImageObject\",\"inLanguage\":\"es-CO\",\"@id\":\"https:\/\/habitatamericas.com\/tiendacolombia\/producto\/restart-bienestar-financiero-integral\/#primaryimage\",\"url\":\"https:\/\/habitatamericas.com\/tiendacolombia\/wp-content\/uploads\/2025\/04\/curso-restart-financiero.webp\",\"contentUrl\":\"https:\/\/habitatamericas.com\/tiendacolombia\/wp-content\/uploads\/2025\/04\/curso-restart-financiero.webp\",\"width\":600,\"height\":600,\"caption\":\"Curso de Re-start Bienestar Financiero Integral\"},{\"@type\":\"BreadcrumbList\",\"@id\":\"https:\/\/habitatamericas.com\/tiendacolombia\/producto\/restart-bienestar-financiero-integral\/#breadcrumb\",\"itemListElement\":[{\"@type\":\"ListItem\",\"position\":1,\"name\":\"Inicio\",\"item\":\"https:\/\/habitatamericas.com\/tiendacolombia\/\"},{\"@type\":\"ListItem\",\"position\":2,\"name\":\"Shop\",\"item\":\"https:\/\/habitatamericas.com\/tiendacolombia\/shop\/\"},{\"@type\":\"ListItem\",\"position\":3,\"name\":\"Re-start Bienestar Financiero Integral\"}]},{\"@type\":\"WebSite\",\"@id\":\"https:\/\/habitatamericas.com\/tiendacolombia\/#website\",\"url\":\"https:\/\/habitatamericas.com\/tiendacolombia\/\",\"name\":\"Tienda H\u00e1bitat Colombia\",\"description\":\"\u00a1Estamos transformando vidas!\",\"publisher\":{\"@id\":\"https:\/\/habitatamericas.com\/tiendacolombia\/#organization\"},\"potentialAction\":[{\"@type\":\"SearchAction\",\"target\":{\"@type\":\"EntryPoint\",\"urlTemplate\":\"https:\/\/habitatamericas.com\/tiendacolombia\/?s={search_term_string}\"},\"query-input\":\"required name=search_term_string\"}],\"inLanguage\":\"es-CO\"},{\"@type\":\"Organization\",\"@id\":\"https:\/\/habitatamericas.com\/tiendacolombia\/#organization\",\"name\":\"Tienda H\u00e1bitat Colombia\",\"url\":\"https:\/\/habitatamericas.com\/tiendacolombia\/\",\"logo\":{\"@type\":\"ImageObject\",\"inLanguage\":\"es-CO\",\"@id\":\"https:\/\/habitatamericas.com\/tiendacolombia\/#\/schema\/logo\/image\/\",\"url\":\"https:\/\/habitatamericas.com\/tiendacolombia\/wp-content\/uploads\/2024\/09\/logo-colombi.png\",\"contentUrl\":\"https:\/\/habitatamericas.com\/tiendacolombia\/wp-content\/uploads\/2024\/09\/logo-colombi.png\",\"width\":268,\"height\":106,\"caption\":\"Tienda H\u00e1bitat Colombia\"},\"image\":{\"@id\":\"https:\/\/habitatamericas.com\/tiendacolombia\/#\/schema\/logo\/image\/\"}}]}<\/script>\n<!-- \/ Yoast SEO plugin. -->","yoast_head_json":{"title":"Restart Bienestar Financiero Integral","description":"Restart Bienestar Financiero Integral es un curso de formaci\u00f3n dise\u00f1ado para transformar tu vida financiera y personal en 26 clases","robots":{"index":"index","follow":"follow","max-snippet":"max-snippet:-1","max-image-preview":"max-image-preview:large","max-video-preview":"max-video-preview:-1"},"canonical":"https:\/\/habitatamericas.com\/tiendacolombia\/producto\/restart-bienestar-financiero-integral\/","og_locale":"es_ES","og_type":"article","og_title":"Restart Bienestar Financiero Integral","og_description":"Restart Bienestar Financiero Integral es un curso de formaci\u00f3n dise\u00f1ado para transformar tu vida financiera y personal en 26 clases","og_url":"https:\/\/habitatamericas.com\/tiendacolombia\/producto\/restart-bienestar-financiero-integral\/","og_site_name":"Tienda H\u00e1bitat Colombia","article_modified_time":"2025-05-28T17:01:12+00:00","og_image":[{"width":600,"height":600,"url":"https:\/\/habitatamericas.com\/tiendacolombia\/wp-content\/uploads\/2025\/04\/curso-restart-financiero.webp","type":"image\/webp"}],"twitter_card":"summary_large_image","twitter_misc":{"Tiempo de lectura":"2 minutos"},"schema":{"@context":"https:\/\/schema.org","@graph":[{"@type":"WebPage","@id":"https:\/\/habitatamericas.com\/tiendacolombia\/producto\/restart-bienestar-financiero-integral\/","url":"https:\/\/habitatamericas.com\/tiendacolombia\/producto\/restart-bienestar-financiero-integral\/","name":"Restart Bienestar Financiero Integral","isPartOf":{"@id":"https:\/\/habitatamericas.com\/tiendacolombia\/#website"},"primaryImageOfPage":{"@id":"https:\/\/habitatamericas.com\/tiendacolombia\/producto\/restart-bienestar-financiero-integral\/#primaryimage"},"image":{"@id":"https:\/\/habitatamericas.com\/tiendacolombia\/producto\/restart-bienestar-financiero-integral\/#primaryimage"},"thumbnailUrl":"https:\/\/habitatamericas.com\/tiendacolombia\/wp-content\/uploads\/2025\/04\/curso-restart-financiero.webp","datePublished":"2025-04-10T15:59:56+00:00","dateModified":"2025-05-28T17:01:12+00:00","description":"Restart Bienestar Financiero Integral es un curso de formaci\u00f3n dise\u00f1ado para transformar tu vida financiera y personal en 26 clases","breadcrumb":{"@id":"https:\/\/habitatamericas.com\/tiendacolombia\/producto\/restart-bienestar-financiero-integral\/#breadcrumb"},"inLanguage":"es-CO","potentialAction":[{"@type":"ReadAction","target":["https:\/\/habitatamericas.com\/tiendacolombia\/producto\/restart-bienestar-financiero-integral\/"]}]},{"@type":"ImageObject","inLanguage":"es-CO","@id":"https:\/\/habitatamericas.com\/tiendacolombia\/producto\/restart-bienestar-financiero-integral\/#primaryimage","url":"https:\/\/habitatamericas.com\/tiendacolombia\/wp-content\/uploads\/2025\/04\/curso-restart-financiero.webp","contentUrl":"https:\/\/habitatamericas.com\/tiendacolombia\/wp-content\/uploads\/2025\/04\/curso-restart-financiero.webp","width":600,"height":600,"caption":"Curso de Re-start Bienestar Financiero Integral"},{"@type":"BreadcrumbList","@id":"https:\/\/habitatamericas.com\/tiendacolombia\/producto\/restart-bienestar-financiero-integral\/#breadcrumb","itemListElement":[{"@type":"ListItem","position":1,"name":"Inicio","item":"https:\/\/habitatamericas.com\/tiendacolombia\/"},{"@type":"ListItem","position":2,"name":"Shop","item":"https:\/\/habitatamericas.com\/tiendacolombia\/shop\/"},{"@type":"ListItem","position":3,"name":"Re-start Bienestar Financiero Integral"}]},{"@type":"WebSite","@id":"https:\/\/habitatamericas.com\/tiendacolombia\/#website","url":"https:\/\/habitatamericas.com\/tiendacolombia\/","name":"Tienda H\u00e1bitat Colombia","description":"\u00a1Estamos transformando vidas!","publisher":{"@id":"https:\/\/habitatamericas.com\/tiendacolombia\/#organization"},"potentialAction":[{"@type":"SearchAction","target":{"@type":"EntryPoint","urlTemplate":"https:\/\/habitatamericas.com\/tiendacolombia\/?s={search_term_string}"},"query-input":"required name=search_term_string"}],"inLanguage":"es-CO"},{"@type":"Organization","@id":"https:\/\/habitatamericas.com\/tiendacolombia\/#organization","name":"Tienda H\u00e1bitat Colombia","url":"https:\/\/habitatamericas.com\/tiendacolombia\/","logo":{"@type":"ImageObject","inLanguage":"es-CO","@id":"https:\/\/habitatamericas.com\/tiendacolombia\/#\/schema\/logo\/image\/","url":"https:\/\/habitatamericas.com\/tiendacolombia\/wp-content\/uploads\/2024\/09\/logo-colombi.png","contentUrl":"https:\/\/habitatamericas.com\/tiendacolombia\/wp-content\/uploads\/2024\/09\/logo-colombi.png","width":268,"height":106,"caption":"Tienda H\u00e1bitat Colombia"},"image":{"@id":"https:\/\/habitatamericas.com\/tiendacolombia\/#\/schema\/logo\/image\/"}}]}},"_links":{"self":[{"href":"https:\/\/habitatamericas.com\/tiendacolombia\/wp-json\/wp\/v2\/product\/6127"}],"collection":[{"href":"https:\/\/habitatamericas.com\/tiendacolombia\/wp-json\/wp\/v2\/product"}],"about":[{"href":"https:\/\/habitatamericas.com\/tiendacolombia\/wp-json\/wp\/v2\/types\/product"}],"wp:featuredmedia":[{"embeddable":true,"href":"https:\/\/habitatamericas.com\/tiendacolombia\/wp-json\/wp\/v2\/media\/6128"}],"wp:attachment":[{"href":"https:\/\/habitatamericas.com\/tiendacolombia\/wp-json\/wp\/v2\/media?parent=6127"}],"wp:term":[{"taxonomy":"product_cat","embeddable":true,"href":"https:\/\/habitatamericas.com\/tiendacolombia\/wp-json\/wp\/v2\/product_cat?post=6127"},{"taxonomy":"product_tag","embeddable":true,"href":"https:\/\/habitatamericas.com\/tiendacolombia\/wp-json\/wp\/v2\/product_tag?post=6127"}],"curies":[{"name":"wp","href":"https:\/\/api.w.org\/{rel}","templated":true}]}}