{"id":5919,"date":"2024-08-26T12:12:49","date_gmt":"2024-08-26T17:12:49","guid":{"rendered":"https:\/\/habitatamericas.com\/tiendacolombia\/?post_type=product&#038;p=5919"},"modified":"2025-04-09T18:05:58","modified_gmt":"2025-04-09T23:05:58","slug":"desde-antes-de-la-concepcion-hasta-despues-del-parto","status":"publish","type":"product","link":"https:\/\/habitatamericas.com\/tiendacolombia\/producto\/desde-antes-de-la-concepcion-hasta-despues-del-parto\/","title":{"rendered":"Gestaci\u00f3n y Lactancia"},"content":{"rendered":"<div>\n<h3 style=\"font-size: 35px; line-height: 35px; font-family: 'Rasputin'; color: #1a2d4e;\">Temas de los m\u00f3dulos<\/h3>\n<\/div>\n<div>\n<h3 style=\"font-size: 22px; line-height: 25px; font-weight: 400;\">Imagina poder disfrutar de tu embarazo y etapa de lactancia sin preocuparte constantemente por tu peso, mientras te sientes saludable y a la vez cuidas la salud de tu beb\u00e9.<\/h3>\n<\/div>\n<div style=\"float: left;\">\n<h3 style=\"font-size: 25px; line-height: 25px; font-family: 'Rasputin'; color: #1a2d4e;\">Preconcepci\u00f3n<\/h3>\n<ul style=\"font-size: 22px; line-height: 25px;\">\n<li>Nutrici\u00f3n y h\u00e1bitos para mujeres en edad f\u00e9rtil: Te guiaremos en la adopci\u00f3n de una alimentaci\u00f3n saludable y h\u00e1bitos beneficiosos para preparar tu cuerpo para la concepci\u00f3n.<\/li>\n<\/ul>\n<h3 style=\"font-size: 25px; line-height: 25px; font-family: 'Rasputin'; color: #1a2d4e;\">Concepci\u00f3n<\/h3>\n<ul style=\"font-size: 22px; line-height: 25px;\">\n<li>Concepci\u00f3n saludable: Compartiremos consejos y recomendaciones para favorecer una concepci\u00f3n exitosa.<\/li>\n<li>Alimentaci\u00f3n, suplementaci\u00f3n y h\u00e1bitos: Obt\u00e9n informaci\u00f3n crucial sobre c\u00f3mo la alimentaci\u00f3n, la suplementaci\u00f3n y los h\u00e1bitos influyen en el proceso de concepci\u00f3n.<\/li>\n<li>Estado psicol\u00f3gico y afectivo: Te acompa\u00f1aremos en el aspecto emocional y afectivo durante este importante periodo, proporcionando herramientas para mantener un equilibrio mental y emocional.<\/li>\n<\/ul>\n<h3 style=\"font-size: 25px; line-height: 25px; font-family: 'Rasputin'; color: #1a2d4e;\">Gestaci\u00f3n<\/h3>\n<ul style=\"font-size: 22px; line-height: 25px;\">\n<li>Alimentaci\u00f3n moderna y epigen\u00e9tica: Exploraremos la relaci\u00f3n entre la alimentaci\u00f3n moderna y la epigen\u00e9tica durante el embarazo.<\/li>\n<li>Epigen\u00e9tica y transmisi\u00f3n al beb\u00e9: Entender\u00e1s c\u00f3mo la epigen\u00e9tica se transmite al beb\u00e9 atrav\u00e9s del cord\u00f3n umbilical.<\/li>\n<li>Riesgo de sobrepeso y otras patolog\u00edas: Abordaremos los riesgos de sobrepeso y otras patolog\u00edas asociadas al embarazo, ofreciendo estrategias para prevenirlas.<\/li>\n<li>H\u00e1bitos y alimentaci\u00f3n en diferentes etapas del embarazo: Te orientaremos sobre los h\u00e1bitos y la alimentaci\u00f3n \u00f3ptima en cada etapa del embarazo para garantizar la salud de la madre y el beb\u00e9.<\/li>\n<li>Cuidado psicol\u00f3gico, afectivo y relacional: Brindaremos apoyo emocional y psicol\u00f3gico, vital para el bienestar de la madre durante la gestaci\u00f3n.<\/li>\n<\/ul>\n<h3 style=\"font-size: 25px; line-height: 25px; font-family: 'Rasputin'; color: #1a2d4e;\">Preparaci\u00f3n para el parto y posparto saludable<\/h3>\n<ul style=\"font-size: 22px; line-height: 25px;\">\n<li>Realidad vs expectativas en el parto: Te ayudaremos a gestionar expectativas y entender la realidad del parto saludable.<\/li>\n<li>Parto natural vs ces\u00e1rea: Discutiremos las diferencias entre el parto natural y la ces\u00e1rea, brindando informaci\u00f3n para tomar decisiones informadas.<\/li>\n<li>Cuidado postparto: Compartiremos pautas para el cuidado del postparto, crucial para la recuperaci\u00f3n de la madre.<\/li>\n<li>Cuidado psicol\u00f3gico y afectivo: Proporcionaremos herramientas para el cuidado emocional y afectivo durante el parto y el postparto.<\/li>\n<\/ul>\n<h3 style=\"font-size: 25px; line-height: 25px; font-family: 'Rasputin'; color: #1a2d4e;\">Lactancia<\/h3>\n<ul style=\"font-size: 22px; line-height: 25px;\">\n<li>Lactancia primer mes: Cuidado de la mam\u00e1.<\/li>\n<li>Factores que afectan la lactancia: Abordaremos diversos factores que pueden afectar la lactancia, desde el tipo de pez\u00f3n hasta la mastitis.<\/li>\n<li>\u00bfQu\u00e9 determina una lactancia saludable?: Exploraremos los aspectos biol\u00f3gicos, fisiol\u00f3gicos y nutricionales que influyen en una lactancia exitosa, abordando tambi\u00e9n el aspecto psicol\u00f3gico.<\/li>\n<li>Importancia de los primeros 1000 d\u00edas de vida: Destacaremos la relevancia de los primeros 1000 d\u00edas de vida del ni\u00f1o y su impacto en la epigen\u00e9tica.<\/li>\n<li>Que determina una lactancia saludable y en plenitud.<\/li>\n<\/ul>\n<hr \/>\n<\/div>\n","protected":false},"excerpt":{"rendered":"<div><b><em style=\"margin-bottom: 0em; font-size: 25px; line-height: 28px; padding-top: 0px; padding-bottom: 20px; font-family: 'Rasputin';\">Circuito de 4 semanas para tu transformaci\u00f3n<\/em><\/b><\/div>\n<div>\n<h3 style=\"font-size: 22px; line-height: 25px; font-weight: 400;\">Te guiaremos paso a paso, brind\u00e1ndote herramientas y estrategias para un embarazo saludable, un parto conciente y un postparto pleno.<br \/>\n<strong>Por la compra de estos productos podr\u00e1s vivir este circuito que te ayudar\u00e1 a transformarte.<\/strong><\/h3>\n<\/div>\n<div style=\"float: left;\">\n<ul style=\"font-size: 22px; line-height: 25px; font-weight: 600;\">\n<li><a href=\"https:\/\/habitatamericas.com\/tiendacolombia\/producto\/ganoderma-capsulas\/\">1 frasco de Ganoderma C\u00e1psulas<\/a><\/li>\n<li><a href=\"https:\/\/habitatamericas.com\/tiendacolombia\/producto\/excellium-capsulas\/\">1 frasco de Excellium C\u00e1psulas<\/a><\/li>\n<li><a href=\"https:\/\/habitatamericas.com\/tiendacolombia\/producto\/cordygold-capsulas\/\">1 frasco de Cordygold C\u00e1psulas<\/a><\/li>\n<li><a href=\"https:\/\/habitatamericas.com\/tiendacolombia\/producto\/ganocafe-classic\/\">1 caja de GanoCaf\u00e9 Classic<\/a><\/li>\n<li><a href=\"https:\/\/habitatamericas.com\/tiendacolombia\/producto\/oleaf-gano-rooibos-drink\/\">1 caja de Oleaf Gano Rooibos Drink<\/a><\/li>\n<\/ul>\n<p><b style=\"color: #1a2d4e; font-size: 1.7rem; font-weight: 500;\">Valor productos: <\/b> <b style=\"color: #b4cb54; font-size: 1.9rem; font-weight: bold;\">$ 937.900<\/b><\/p>\n<\/div>\n","protected":false},"featured_media":5929,"template":"","meta":{"site-sidebar-layout":"default","site-content-layout":"","ast-site-content-layout":"default","site-content-style":"default","site-sidebar-style":"default","ast-global-header-display":"","ast-banner-title-visibility":"","ast-main-header-display":"","ast-hfb-above-header-display":"","ast-hfb-below-header-display":"","ast-hfb-mobile-header-display":"","site-post-title":"","ast-breadcrumbs-content":"","ast-featured-img":"","footer-sml-layout":"","theme-transparent-header-meta":"default","adv-header-id-meta":"","stick-header-meta":"","header-above-stick-meta":"","header-main-stick-meta":"","header-below-stick-meta":"","astra-migrate-meta-layouts":"set","ast-page-background-enabled":"default","ast-page-background-meta":{"desktop":{"background-color":"","background-image":"","background-repeat":"repeat","background-position":"center center","background-size":"auto","background-attachment":"scroll","background-type":"","background-media":"","overlay-type":"","overlay-color":"","overlay-gradient":""},"tablet":{"background-color":"","background-image":"","background-repeat":"repeat","background-position":"center center","background-size":"auto","background-attachment":"scroll","background-type":"","background-media":"","overlay-type":"","overlay-color":"","overlay-gradient":""},"mobile":{"background-color":"","background-image":"","background-repeat":"repeat","background-position":"center center","background-size":"auto","background-attachment":"scroll","background-type":"","background-media":"","overlay-type":"","overlay-color":"","overlay-gradient":""}},"ast-content-background-meta":{"desktop":{"background-color":"var(--ast-global-color-5)","background-image":"","background-repeat":"repeat","background-position":"center center","background-size":"auto","background-attachment":"scroll","background-type":"","background-media":"","overlay-type":"","overlay-color":"","overlay-gradient":""},"tablet":{"background-color":"var(--ast-global-color-5)","background-image":"","background-repeat":"repeat","background-position":"center center","background-size":"auto","background-attachment":"scroll","background-type":"","background-media":"","overlay-type":"","overlay-color":"","overlay-gradient":""},"mobile":{"background-color":"var(--ast-global-color-5)","background-image":"","background-repeat":"repeat","background-position":"center center","background-size":"auto","background-attachment":"scroll","background-type":"","background-media":"","overlay-type":"","overlay-color":"","overlay-gradient":""}}},"product_cat":[17],"product_tag":[124,123,93,122,134,118],"class_list":{"0":"post-5919","1":"product","2":"type-product","3":"status-publish","4":"has-post-thumbnail","6":"product_cat-circuitos-de-formacion","7":"product_tag-cordygold-capsulas","8":"product_tag-excellium-capsulas","9":"product_tag-ganocafe-classic","10":"product_tag-ganoderma-capsulas","11":"product_tag-gestacion-y-lactancia","12":"product_tag-oleaf-gano-rooibos-drink","13":"desktop-align-center","14":"tablet-align-center","15":"mobile-align-center","17":"first","18":"instock","19":"featured","20":"shipping-taxable","21":"product-type-simple"},"yoast_head":"<!-- This site is optimized with the Yoast SEO plugin v23.2 - https:\/\/yoast.com\/wordpress\/plugins\/seo\/ -->\n<title>Curso de formaci\u00f3n H\u00e1bitat: Gestaci\u00f3n y Lactancia<\/title>\n<meta name=\"description\" content=\"Te guiaremos paso a paso, brind\u00e1ndote herramientas y estrategias para un embarazo saludable, un parto conciente y un postparto pleno.\" \/>\n<meta name=\"robots\" content=\"index, follow, max-snippet:-1, max-image-preview:large, max-video-preview:-1\" \/>\n<link rel=\"canonical\" href=\"https:\/\/habitatamericas.com\/tiendacolombia\/producto\/desde-antes-de-la-concepcion-hasta-despues-del-parto\/\" \/>\n<meta property=\"og:locale\" content=\"es_ES\" \/>\n<meta property=\"og:type\" content=\"article\" \/>\n<meta property=\"og:title\" content=\"Curso de formaci\u00f3n H\u00e1bitat: Gestaci\u00f3n y Lactancia\" \/>\n<meta property=\"og:description\" content=\"Te guiaremos paso a paso, brind\u00e1ndote herramientas y estrategias para un embarazo saludable, un parto conciente y un postparto pleno.\" \/>\n<meta property=\"og:url\" content=\"https:\/\/habitatamericas.com\/tiendacolombia\/producto\/desde-antes-de-la-concepcion-hasta-despues-del-parto\/\" \/>\n<meta property=\"og:site_name\" content=\"Tienda H\u00e1bitat Colombia\" \/>\n<meta property=\"article:modified_time\" content=\"2025-04-09T23:05:58+00:00\" \/>\n<meta property=\"og:image\" content=\"https:\/\/habitatamericas.com\/tiendacolombia\/wp-content\/uploads\/2024\/08\/Circuito-Gestantes-tienda.jpg\" \/>\n\t<meta property=\"og:image:width\" content=\"500\" \/>\n\t<meta property=\"og:image:height\" content=\"500\" \/>\n\t<meta property=\"og:image:type\" content=\"image\/jpeg\" \/>\n<meta name=\"twitter:card\" content=\"summary_large_image\" \/>\n<meta name=\"twitter:label1\" content=\"Tiempo de lectura\" \/>\n\t<meta name=\"twitter:data1\" content=\"3 minutos\" \/>\n<script type=\"application\/ld+json\" class=\"yoast-schema-graph\">{\"@context\":\"https:\/\/schema.org\",\"@graph\":[{\"@type\":\"WebPage\",\"@id\":\"https:\/\/habitatamericas.com\/tiendacolombia\/producto\/desde-antes-de-la-concepcion-hasta-despues-del-parto\/\",\"url\":\"https:\/\/habitatamericas.com\/tiendacolombia\/producto\/desde-antes-de-la-concepcion-hasta-despues-del-parto\/\",\"name\":\"Curso de formaci\u00f3n H\u00e1bitat: Gestaci\u00f3n y Lactancia\",\"isPartOf\":{\"@id\":\"https:\/\/habitatamericas.com\/tiendacolombia\/#website\"},\"primaryImageOfPage\":{\"@id\":\"https:\/\/habitatamericas.com\/tiendacolombia\/producto\/desde-antes-de-la-concepcion-hasta-despues-del-parto\/#primaryimage\"},\"image\":{\"@id\":\"https:\/\/habitatamericas.com\/tiendacolombia\/producto\/desde-antes-de-la-concepcion-hasta-despues-del-parto\/#primaryimage\"},\"thumbnailUrl\":\"https:\/\/habitatamericas.com\/tiendacolombia\/wp-content\/uploads\/2024\/08\/Circuito-Gestantes-tienda.jpg\",\"datePublished\":\"2024-08-26T17:12:49+00:00\",\"dateModified\":\"2025-04-09T23:05:58+00:00\",\"description\":\"Te guiaremos paso a paso, brind\u00e1ndote herramientas y estrategias para un embarazo saludable, un parto conciente y un postparto pleno.\",\"breadcrumb\":{\"@id\":\"https:\/\/habitatamericas.com\/tiendacolombia\/producto\/desde-antes-de-la-concepcion-hasta-despues-del-parto\/#breadcrumb\"},\"inLanguage\":\"es-CO\",\"potentialAction\":[{\"@type\":\"ReadAction\",\"target\":[\"https:\/\/habitatamericas.com\/tiendacolombia\/producto\/desde-antes-de-la-concepcion-hasta-despues-del-parto\/\"]}]},{\"@type\":\"ImageObject\",\"inLanguage\":\"es-CO\",\"@id\":\"https:\/\/habitatamericas.com\/tiendacolombia\/producto\/desde-antes-de-la-concepcion-hasta-despues-del-parto\/#primaryimage\",\"url\":\"https:\/\/habitatamericas.com\/tiendacolombia\/wp-content\/uploads\/2024\/08\/Circuito-Gestantes-tienda.jpg\",\"contentUrl\":\"https:\/\/habitatamericas.com\/tiendacolombia\/wp-content\/uploads\/2024\/08\/Circuito-Gestantes-tienda.jpg\",\"width\":500,\"height\":500,\"caption\":\"Circuito Desde antes de la concepci\u00f3n hasta despu\u00e9s del parto\"},{\"@type\":\"BreadcrumbList\",\"@id\":\"https:\/\/habitatamericas.com\/tiendacolombia\/producto\/desde-antes-de-la-concepcion-hasta-despues-del-parto\/#breadcrumb\",\"itemListElement\":[{\"@type\":\"ListItem\",\"position\":1,\"name\":\"Inicio\",\"item\":\"https:\/\/habitatamericas.com\/tiendacolombia\/\"},{\"@type\":\"ListItem\",\"position\":2,\"name\":\"Shop\",\"item\":\"https:\/\/habitatamericas.com\/tiendacolombia\/shop\/\"},{\"@type\":\"ListItem\",\"position\":3,\"name\":\"Gestaci\u00f3n y Lactancia\"}]},{\"@type\":\"WebSite\",\"@id\":\"https:\/\/habitatamericas.com\/tiendacolombia\/#website\",\"url\":\"https:\/\/habitatamericas.com\/tiendacolombia\/\",\"name\":\"Tienda H\u00e1bitat Colombia\",\"description\":\"\u00a1Estamos transformando vidas!\",\"publisher\":{\"@id\":\"https:\/\/habitatamericas.com\/tiendacolombia\/#organization\"},\"potentialAction\":[{\"@type\":\"SearchAction\",\"target\":{\"@type\":\"EntryPoint\",\"urlTemplate\":\"https:\/\/habitatamericas.com\/tiendacolombia\/?s={search_term_string}\"},\"query-input\":\"required name=search_term_string\"}],\"inLanguage\":\"es-CO\"},{\"@type\":\"Organization\",\"@id\":\"https:\/\/habitatamericas.com\/tiendacolombia\/#organization\",\"name\":\"Tienda H\u00e1bitat Colombia\",\"url\":\"https:\/\/habitatamericas.com\/tiendacolombia\/\",\"logo\":{\"@type\":\"ImageObject\",\"inLanguage\":\"es-CO\",\"@id\":\"https:\/\/habitatamericas.com\/tiendacolombia\/#\/schema\/logo\/image\/\",\"url\":\"https:\/\/habitatamericas.com\/tiendacolombia\/wp-content\/uploads\/2024\/09\/logo-colombi.png\",\"contentUrl\":\"https:\/\/habitatamericas.com\/tiendacolombia\/wp-content\/uploads\/2024\/09\/logo-colombi.png\",\"width\":268,\"height\":106,\"caption\":\"Tienda H\u00e1bitat Colombia\"},\"image\":{\"@id\":\"https:\/\/habitatamericas.com\/tiendacolombia\/#\/schema\/logo\/image\/\"}}]}<\/script>\n<!-- \/ Yoast SEO plugin. -->","yoast_head_json":{"title":"Curso de formaci\u00f3n H\u00e1bitat: Gestaci\u00f3n y Lactancia","description":"Te guiaremos paso a paso, brind\u00e1ndote herramientas y estrategias para un embarazo saludable, un parto conciente y un postparto pleno.","robots":{"index":"index","follow":"follow","max-snippet":"max-snippet:-1","max-image-preview":"max-image-preview:large","max-video-preview":"max-video-preview:-1"},"canonical":"https:\/\/habitatamericas.com\/tiendacolombia\/producto\/desde-antes-de-la-concepcion-hasta-despues-del-parto\/","og_locale":"es_ES","og_type":"article","og_title":"Curso de formaci\u00f3n H\u00e1bitat: Gestaci\u00f3n y Lactancia","og_description":"Te guiaremos paso a paso, brind\u00e1ndote herramientas y estrategias para un embarazo saludable, un parto conciente y un postparto pleno.","og_url":"https:\/\/habitatamericas.com\/tiendacolombia\/producto\/desde-antes-de-la-concepcion-hasta-despues-del-parto\/","og_site_name":"Tienda H\u00e1bitat Colombia","article_modified_time":"2025-04-09T23:05:58+00:00","og_image":[{"width":500,"height":500,"url":"https:\/\/habitatamericas.com\/tiendacolombia\/wp-content\/uploads\/2024\/08\/Circuito-Gestantes-tienda.jpg","type":"image\/jpeg"}],"twitter_card":"summary_large_image","twitter_misc":{"Tiempo de lectura":"3 minutos"},"schema":{"@context":"https:\/\/schema.org","@graph":[{"@type":"WebPage","@id":"https:\/\/habitatamericas.com\/tiendacolombia\/producto\/desde-antes-de-la-concepcion-hasta-despues-del-parto\/","url":"https:\/\/habitatamericas.com\/tiendacolombia\/producto\/desde-antes-de-la-concepcion-hasta-despues-del-parto\/","name":"Curso de formaci\u00f3n H\u00e1bitat: Gestaci\u00f3n y Lactancia","isPartOf":{"@id":"https:\/\/habitatamericas.com\/tiendacolombia\/#website"},"primaryImageOfPage":{"@id":"https:\/\/habitatamericas.com\/tiendacolombia\/producto\/desde-antes-de-la-concepcion-hasta-despues-del-parto\/#primaryimage"},"image":{"@id":"https:\/\/habitatamericas.com\/tiendacolombia\/producto\/desde-antes-de-la-concepcion-hasta-despues-del-parto\/#primaryimage"},"thumbnailUrl":"https:\/\/habitatamericas.com\/tiendacolombia\/wp-content\/uploads\/2024\/08\/Circuito-Gestantes-tienda.jpg","datePublished":"2024-08-26T17:12:49+00:00","dateModified":"2025-04-09T23:05:58+00:00","description":"Te guiaremos paso a paso, brind\u00e1ndote herramientas y estrategias para un embarazo saludable, un parto conciente y un postparto pleno.","breadcrumb":{"@id":"https:\/\/habitatamericas.com\/tiendacolombia\/producto\/desde-antes-de-la-concepcion-hasta-despues-del-parto\/#breadcrumb"},"inLanguage":"es-CO","potentialAction":[{"@type":"ReadAction","target":["https:\/\/habitatamericas.com\/tiendacolombia\/producto\/desde-antes-de-la-concepcion-hasta-despues-del-parto\/"]}]},{"@type":"ImageObject","inLanguage":"es-CO","@id":"https:\/\/habitatamericas.com\/tiendacolombia\/producto\/desde-antes-de-la-concepcion-hasta-despues-del-parto\/#primaryimage","url":"https:\/\/habitatamericas.com\/tiendacolombia\/wp-content\/uploads\/2024\/08\/Circuito-Gestantes-tienda.jpg","contentUrl":"https:\/\/habitatamericas.com\/tiendacolombia\/wp-content\/uploads\/2024\/08\/Circuito-Gestantes-tienda.jpg","width":500,"height":500,"caption":"Circuito Desde antes de la concepci\u00f3n hasta despu\u00e9s del parto"},{"@type":"BreadcrumbList","@id":"https:\/\/habitatamericas.com\/tiendacolombia\/producto\/desde-antes-de-la-concepcion-hasta-despues-del-parto\/#breadcrumb","itemListElement":[{"@type":"ListItem","position":1,"name":"Inicio","item":"https:\/\/habitatamericas.com\/tiendacolombia\/"},{"@type":"ListItem","position":2,"name":"Shop","item":"https:\/\/habitatamericas.com\/tiendacolombia\/shop\/"},{"@type":"ListItem","position":3,"name":"Gestaci\u00f3n y Lactancia"}]},{"@type":"WebSite","@id":"https:\/\/habitatamericas.com\/tiendacolombia\/#website","url":"https:\/\/habitatamericas.com\/tiendacolombia\/","name":"Tienda H\u00e1bitat Colombia","description":"\u00a1Estamos transformando vidas!","publisher":{"@id":"https:\/\/habitatamericas.com\/tiendacolombia\/#organization"},"potentialAction":[{"@type":"SearchAction","target":{"@type":"EntryPoint","urlTemplate":"https:\/\/habitatamericas.com\/tiendacolombia\/?s={search_term_string}"},"query-input":"required name=search_term_string"}],"inLanguage":"es-CO"},{"@type":"Organization","@id":"https:\/\/habitatamericas.com\/tiendacolombia\/#organization","name":"Tienda H\u00e1bitat Colombia","url":"https:\/\/habitatamericas.com\/tiendacolombia\/","logo":{"@type":"ImageObject","inLanguage":"es-CO","@id":"https:\/\/habitatamericas.com\/tiendacolombia\/#\/schema\/logo\/image\/","url":"https:\/\/habitatamericas.com\/tiendacolombia\/wp-content\/uploads\/2024\/09\/logo-colombi.png","contentUrl":"https:\/\/habitatamericas.com\/tiendacolombia\/wp-content\/uploads\/2024\/09\/logo-colombi.png","width":268,"height":106,"caption":"Tienda H\u00e1bitat Colombia"},"image":{"@id":"https:\/\/habitatamericas.com\/tiendacolombia\/#\/schema\/logo\/image\/"}}]}},"_links":{"self":[{"href":"https:\/\/habitatamericas.com\/tiendacolombia\/wp-json\/wp\/v2\/product\/5919"}],"collection":[{"href":"https:\/\/habitatamericas.com\/tiendacolombia\/wp-json\/wp\/v2\/product"}],"about":[{"href":"https:\/\/habitatamericas.com\/tiendacolombia\/wp-json\/wp\/v2\/types\/product"}],"wp:featuredmedia":[{"embeddable":true,"href":"https:\/\/habitatamericas.com\/tiendacolombia\/wp-json\/wp\/v2\/media\/5929"}],"wp:attachment":[{"href":"https:\/\/habitatamericas.com\/tiendacolombia\/wp-json\/wp\/v2\/media?parent=5919"}],"wp:term":[{"taxonomy":"product_cat","embeddable":true,"href":"https:\/\/habitatamericas.com\/tiendacolombia\/wp-json\/wp\/v2\/product_cat?post=5919"},{"taxonomy":"product_tag","embeddable":true,"href":"https:\/\/habitatamericas.com\/tiendacolombia\/wp-json\/wp\/v2\/product_tag?post=5919"}],"curies":[{"name":"wp","href":"https:\/\/api.w.org\/{rel}","templated":true}]}}