{"id":5917,"date":"2024-08-26T11:50:52","date_gmt":"2024-08-26T16:50:52","guid":{"rendered":"https:\/\/habitatamericas.com\/tiendacolombia\/?post_type=product&#038;p=5917"},"modified":"2024-10-18T10:01:56","modified_gmt":"2024-10-18T15:01:56","slug":"circuito-de-nutricion-infantil","status":"publish","type":"product","link":"https:\/\/habitatamericas.com\/tiendacolombia\/producto\/circuito-de-nutricion-infantil\/","title":{"rendered":"Circuito de nutrici\u00f3n infantil"},"content":{"rendered":"<div>\n<h3 style=\"font-size: 35px; line-height: 35px; font-family: 'Rasputin'; color: #1a2d4e;\">Temas de los m\u00f3dulos<\/h3>\n<\/div>\n<div>\n<h3 style=\"font-size: 22px; line-height: 25px; font-weight: 400;\">Nuestros hijos han nacido en la \u00e9poca de m\u00e1s contrastes de la historia de la humanidad. \u00a1Tenemos acceso a cantidades de comida como nunca antes! Pero los niveles de malnutrici\u00f3n son cada vez m\u00e1s dif\u00edciles de controlar, y sus consecuencias: obesidad, neuro inflamaci\u00f3n, d\u00e9ficit de atenci\u00f3n, depresi\u00f3n y ansiedad infantil, alteraciones en las capacidades cognitivas. \u00a1En fin! La lista sigue.<\/h3>\n<\/div>\n<div style=\"float: left;\">\n<h3 style=\"font-size: 25px; line-height: 25px; font-family: 'Rasputin'; color: #1a2d4e;\">Introducci\u00f3n: Gano Excel<\/h3>\n<ul style=\"font-size: 22px; line-height: 25px;\">\n<li>Presentaci\u00f3n y beneficios de los suplementos adapt\u00f3genos de GanoExcel.<\/li>\n<li>C\u00f3mo usarlos para apoyar una \u00f3ptima nutrici\u00f3n en la etapa de desarrollo y crecimiento.<\/li>\n<\/ul>\n<h3 style=\"font-size: 25px; line-height: 25px; font-family: 'Rasputin'; color: #1a2d4e;\">Ni\u00f1os saludables en un mundo enfermo<\/h3>\n<ul>\n<li>Contexto actual al que se enfrentan los infantes.<\/li>\n<li>H\u00e1bitat social y familiar.<\/li>\n<li>H\u00e1bitos nutricionales, actividad f\u00edsica estudiantil.<\/li>\n<li>H\u00e1bitos psiconutrici\u00f3n infantil.<\/li>\n<li>Espacio de preguntas para desarrollar durante las siguientes masterclass y m\u00f3dulos.<\/li>\n<\/ul>\n<h3 style=\"font-size: 25px; line-height: 25px; font-family: 'Rasputin'; color: #1a2d4e;\">Balance en todos los sistemas<\/h3>\n<ul>\n<li>Por qu\u00e9 y c\u00f3mo cuidar el metabolismo y por qu\u00e9 las hormonas determinan factores como nuestro peso en la adultez y composici\u00f3n corporal.<\/li>\n<li>Cronobiolog\u00eda: los tiempos para la salud en nuestro cuerpo, un reloj perfecto.<\/li>\n<\/ul>\n<h3 style=\"font-size: 25px; line-height: 25px; font-family: 'Rasputin'; color: #1a2d4e;\">Principios de alimentaci\u00f3n<\/h3>\n<ul>\n<li>Nutritiva, saludable, balanceada y funcional.<\/li>\n<li>Buenos macronutrientes garantizan buenos micronutrientes.<\/li>\n<li>Recetas deliciosas, pr\u00e1cticas y f\u00e1ciles con los suplementos de GanoExcel.<\/li>\n<\/ul>\n<h3 style=\"font-size: 25px; line-height: 25px; font-family: 'Rasputin'; color: #1a2d4e;\">Actividad f\u00edsica<\/h3>\n<ul>\n<li>Ejercicio cardiovascular.<\/li>\n<li>Entrenamiento de fuerza.<\/li>\n<li>Pausas activas.<\/li>\n<li>Beneficios de mantener el h\u00e1bito de la actividad f\u00edsica.<\/li>\n<\/ul>\n<hr \/>\n<\/div>\n","protected":false},"excerpt":{"rendered":"<div>\n<b style=\"font-size: 25px; line-heigth:30; padding-top: 20px; padding-bottom: 20px; font-family: 'Rasputin';\"><em style=\"margin-bottom: 0em;\">Circuito de 4 semanas para tu transformaci\u00f3n<\/em><\/b>\n<\/div>\n<div>\n<h3 style=\"font-size: 22px; line-height: 25px; font-weight: 400;\">Una pantalla constante ha reemplazado los juegos de contacto con otros y la actividad f\u00edsica. S\u00ed, \u00a1les toc\u00f3 otro mundo! Por eso estamos aqu\u00ed para acompa\u00f1arte y formarte en el proceso de crear h\u00e1bitos y un h\u00e1bitat adecuado para la modernidad, sin sacrificar la salud f\u00edsica, mental y emocional. Por eso hemos preparado este circuito de nutrici\u00f3n infantil.<br \/>\n<strong>Por la compra de estos productos podr\u00e1s vivir este circuito que te ayudar\u00e1 a transformarte.<\/strong><\/h3>\n<\/div>\n<div style=\"float: left;\">\n<ul style=\"font-size: 22px; line-height: 25px; font-weight: 600;\">\n<li><a href=\"https:\/\/habitatamericas.com\/tiendacolombia\/producto\/ganoderma-capsulas\/\">1 frasco de Ganoderma C\u00e1psulas<\/a><\/li>\n<li><a href=\"https:\/\/habitatamericas.com\/tiendacolombia\/producto\/gano-schokolade\/\">1 caja de Gano Schokolade<\/a><\/li>\n<li><a href=\"https:\/\/habitatamericas.com\/tiendacolombia\/producto\/gano-creal-spirulina\/\">2 cajas de Gano C\u00b4real Spirulina<\/a><\/li>\n<\/ul>\n<p><b style=\"color: #1a2d4e; font-size: 1.7rem; font-weight: 500;\">Valor productos: <\/b> <b style=\"color: #B4CB54; font-size: 1.9rem; font-weight: 700;\">$ 937.900<\/b>\n<\/div>\n","protected":false},"featured_media":5930,"template":"","meta":{"site-sidebar-layout":"default","site-content-layout":"","ast-site-content-layout":"default","site-content-style":"default","site-sidebar-style":"default","ast-global-header-display":"","ast-banner-title-visibility":"","ast-main-header-display":"","ast-hfb-above-header-display":"","ast-hfb-below-header-display":"","ast-hfb-mobile-header-display":"","site-post-title":"","ast-breadcrumbs-content":"","ast-featured-img":"","footer-sml-layout":"","theme-transparent-header-meta":"default","adv-header-id-meta":"","stick-header-meta":"","header-above-stick-meta":"","header-main-stick-meta":"","header-below-stick-meta":"","astra-migrate-meta-layouts":"set","ast-page-background-enabled":"default","ast-page-background-meta":{"desktop":{"background-color":"","background-image":"","background-repeat":"repeat","background-position":"center center","background-size":"auto","background-attachment":"scroll","background-type":"","background-media":"","overlay-type":"","overlay-color":"","overlay-gradient":""},"tablet":{"background-color":"","background-image":"","background-repeat":"repeat","background-position":"center center","background-size":"auto","background-attachment":"scroll","background-type":"","background-media":"","overlay-type":"","overlay-color":"","overlay-gradient":""},"mobile":{"background-color":"","background-image":"","background-repeat":"repeat","background-position":"center center","background-size":"auto","background-attachment":"scroll","background-type":"","background-media":"","overlay-type":"","overlay-color":"","overlay-gradient":""}},"ast-content-background-meta":{"desktop":{"background-color":"var(--ast-global-color-5)","background-image":"","background-repeat":"repeat","background-position":"center center","background-size":"auto","background-attachment":"scroll","background-type":"","background-media":"","overlay-type":"","overlay-color":"","overlay-gradient":""},"tablet":{"background-color":"var(--ast-global-color-5)","background-image":"","background-repeat":"repeat","background-position":"center center","background-size":"auto","background-attachment":"scroll","background-type":"","background-media":"","overlay-type":"","overlay-color":"","overlay-gradient":""},"mobile":{"background-color":"var(--ast-global-color-5)","background-image":"","background-repeat":"repeat","background-position":"center center","background-size":"auto","background-attachment":"scroll","background-type":"","background-media":"","overlay-type":"","overlay-color":"","overlay-gradient":""}}},"product_cat":[17],"product_tag":[131,116,87,122],"class_list":{"0":"post-5917","1":"product","2":"type-product","3":"status-publish","4":"has-post-thumbnail","6":"product_cat-circuitos-de-formacion","7":"product_tag-circuito-de-nutricion-infantil","8":"product_tag-gano-creal-spirulina","9":"product_tag-gano-schokolade","10":"product_tag-ganoderma-capsulas","11":"desktop-align-center","12":"tablet-align-center","13":"mobile-align-center","15":"first","16":"instock","17":"featured","18":"shipping-taxable","19":"product-type-simple"},"yoast_head":"<!-- This site is optimized with the Yoast SEO plugin v23.2 - https:\/\/yoast.com\/wordpress\/plugins\/seo\/ -->\n<title>Circuito de nutrici\u00f3n infantil<\/title>\n<meta name=\"description\" content=\"En H\u00e1bitat, estamos aqu\u00ed para acompa\u00f1arte y formarte en el proceso de crear h\u00e1bitos y un h\u00e1bitat adecuado para la modernidad\" \/>\n<meta name=\"robots\" content=\"index, follow, max-snippet:-1, max-image-preview:large, max-video-preview:-1\" \/>\n<link rel=\"canonical\" href=\"https:\/\/habitatamericas.com\/tiendacolombia\/producto\/circuito-de-nutricion-infantil\/\" \/>\n<meta property=\"og:locale\" content=\"es_ES\" \/>\n<meta property=\"og:type\" content=\"article\" \/>\n<meta property=\"og:title\" content=\"Circuito de nutrici\u00f3n infantil\" \/>\n<meta property=\"og:description\" content=\"En H\u00e1bitat, estamos aqu\u00ed para acompa\u00f1arte y formarte en el proceso de crear h\u00e1bitos y un h\u00e1bitat adecuado para la modernidad\" \/>\n<meta property=\"og:url\" content=\"https:\/\/habitatamericas.com\/tiendacolombia\/producto\/circuito-de-nutricion-infantil\/\" \/>\n<meta property=\"og:site_name\" content=\"Tienda H\u00e1bitat Colombia\" \/>\n<meta property=\"article:modified_time\" content=\"2024-10-18T15:01:56+00:00\" \/>\n<meta property=\"og:image\" content=\"https:\/\/habitatamericas.com\/tiendacolombia\/wp-content\/uploads\/2024\/08\/Circuito-nutricion-infantil-tienda.jpg\" \/>\n\t<meta property=\"og:image:width\" content=\"500\" \/>\n\t<meta property=\"og:image:height\" content=\"500\" \/>\n\t<meta property=\"og:image:type\" content=\"image\/jpeg\" \/>\n<meta name=\"twitter:card\" content=\"summary_large_image\" \/>\n<meta name=\"twitter:label1\" content=\"Tiempo de lectura\" \/>\n\t<meta name=\"twitter:data1\" content=\"2 minutos\" \/>\n<script type=\"application\/ld+json\" class=\"yoast-schema-graph\">{\"@context\":\"https:\/\/schema.org\",\"@graph\":[{\"@type\":\"WebPage\",\"@id\":\"https:\/\/habitatamericas.com\/tiendacolombia\/producto\/circuito-de-nutricion-infantil\/\",\"url\":\"https:\/\/habitatamericas.com\/tiendacolombia\/producto\/circuito-de-nutricion-infantil\/\",\"name\":\"Circuito de nutrici\u00f3n infantil\",\"isPartOf\":{\"@id\":\"https:\/\/habitatamericas.com\/tiendacolombia\/#website\"},\"primaryImageOfPage\":{\"@id\":\"https:\/\/habitatamericas.com\/tiendacolombia\/producto\/circuito-de-nutricion-infantil\/#primaryimage\"},\"image\":{\"@id\":\"https:\/\/habitatamericas.com\/tiendacolombia\/producto\/circuito-de-nutricion-infantil\/#primaryimage\"},\"thumbnailUrl\":\"https:\/\/habitatamericas.com\/tiendacolombia\/wp-content\/uploads\/2024\/08\/Circuito-nutricion-infantil-tienda.jpg\",\"datePublished\":\"2024-08-26T16:50:52+00:00\",\"dateModified\":\"2024-10-18T15:01:56+00:00\",\"description\":\"En H\u00e1bitat, estamos aqu\u00ed para acompa\u00f1arte y formarte en el proceso de crear h\u00e1bitos y un h\u00e1bitat adecuado para la modernidad\",\"breadcrumb\":{\"@id\":\"https:\/\/habitatamericas.com\/tiendacolombia\/producto\/circuito-de-nutricion-infantil\/#breadcrumb\"},\"inLanguage\":\"es-CO\",\"potentialAction\":[{\"@type\":\"ReadAction\",\"target\":[\"https:\/\/habitatamericas.com\/tiendacolombia\/producto\/circuito-de-nutricion-infantil\/\"]}]},{\"@type\":\"ImageObject\",\"inLanguage\":\"es-CO\",\"@id\":\"https:\/\/habitatamericas.com\/tiendacolombia\/producto\/circuito-de-nutricion-infantil\/#primaryimage\",\"url\":\"https:\/\/habitatamericas.com\/tiendacolombia\/wp-content\/uploads\/2024\/08\/Circuito-nutricion-infantil-tienda.jpg\",\"contentUrl\":\"https:\/\/habitatamericas.com\/tiendacolombia\/wp-content\/uploads\/2024\/08\/Circuito-nutricion-infantil-tienda.jpg\",\"width\":500,\"height\":500},{\"@type\":\"BreadcrumbList\",\"@id\":\"https:\/\/habitatamericas.com\/tiendacolombia\/producto\/circuito-de-nutricion-infantil\/#breadcrumb\",\"itemListElement\":[{\"@type\":\"ListItem\",\"position\":1,\"name\":\"Inicio\",\"item\":\"https:\/\/habitatamericas.com\/tiendacolombia\/\"},{\"@type\":\"ListItem\",\"position\":2,\"name\":\"Shop\",\"item\":\"https:\/\/habitatamericas.com\/tiendacolombia\/shop\/\"},{\"@type\":\"ListItem\",\"position\":3,\"name\":\"Circuito de nutrici\u00f3n infantil\"}]},{\"@type\":\"WebSite\",\"@id\":\"https:\/\/habitatamericas.com\/tiendacolombia\/#website\",\"url\":\"https:\/\/habitatamericas.com\/tiendacolombia\/\",\"name\":\"Tienda H\u00e1bitat Colombia\",\"description\":\"\u00a1Estamos transformando vidas!\",\"publisher\":{\"@id\":\"https:\/\/habitatamericas.com\/tiendacolombia\/#organization\"},\"potentialAction\":[{\"@type\":\"SearchAction\",\"target\":{\"@type\":\"EntryPoint\",\"urlTemplate\":\"https:\/\/habitatamericas.com\/tiendacolombia\/?s={search_term_string}\"},\"query-input\":\"required name=search_term_string\"}],\"inLanguage\":\"es-CO\"},{\"@type\":\"Organization\",\"@id\":\"https:\/\/habitatamericas.com\/tiendacolombia\/#organization\",\"name\":\"Tienda H\u00e1bitat Colombia\",\"url\":\"https:\/\/habitatamericas.com\/tiendacolombia\/\",\"logo\":{\"@type\":\"ImageObject\",\"inLanguage\":\"es-CO\",\"@id\":\"https:\/\/habitatamericas.com\/tiendacolombia\/#\/schema\/logo\/image\/\",\"url\":\"https:\/\/habitatamericas.com\/tiendacolombia\/wp-content\/uploads\/2024\/09\/logo-colombi.png\",\"contentUrl\":\"https:\/\/habitatamericas.com\/tiendacolombia\/wp-content\/uploads\/2024\/09\/logo-colombi.png\",\"width\":268,\"height\":106,\"caption\":\"Tienda H\u00e1bitat Colombia\"},\"image\":{\"@id\":\"https:\/\/habitatamericas.com\/tiendacolombia\/#\/schema\/logo\/image\/\"}}]}<\/script>\n<!-- \/ Yoast SEO plugin. -->","yoast_head_json":{"title":"Circuito de nutrici\u00f3n infantil","description":"En H\u00e1bitat, estamos aqu\u00ed para acompa\u00f1arte y formarte en el proceso de crear h\u00e1bitos y un h\u00e1bitat adecuado para la modernidad","robots":{"index":"index","follow":"follow","max-snippet":"max-snippet:-1","max-image-preview":"max-image-preview:large","max-video-preview":"max-video-preview:-1"},"canonical":"https:\/\/habitatamericas.com\/tiendacolombia\/producto\/circuito-de-nutricion-infantil\/","og_locale":"es_ES","og_type":"article","og_title":"Circuito de nutrici\u00f3n infantil","og_description":"En H\u00e1bitat, estamos aqu\u00ed para acompa\u00f1arte y formarte en el proceso de crear h\u00e1bitos y un h\u00e1bitat adecuado para la modernidad","og_url":"https:\/\/habitatamericas.com\/tiendacolombia\/producto\/circuito-de-nutricion-infantil\/","og_site_name":"Tienda H\u00e1bitat Colombia","article_modified_time":"2024-10-18T15:01:56+00:00","og_image":[{"width":500,"height":500,"url":"https:\/\/habitatamericas.com\/tiendacolombia\/wp-content\/uploads\/2024\/08\/Circuito-nutricion-infantil-tienda.jpg","type":"image\/jpeg"}],"twitter_card":"summary_large_image","twitter_misc":{"Tiempo de lectura":"2 minutos"},"schema":{"@context":"https:\/\/schema.org","@graph":[{"@type":"WebPage","@id":"https:\/\/habitatamericas.com\/tiendacolombia\/producto\/circuito-de-nutricion-infantil\/","url":"https:\/\/habitatamericas.com\/tiendacolombia\/producto\/circuito-de-nutricion-infantil\/","name":"Circuito de nutrici\u00f3n infantil","isPartOf":{"@id":"https:\/\/habitatamericas.com\/tiendacolombia\/#website"},"primaryImageOfPage":{"@id":"https:\/\/habitatamericas.com\/tiendacolombia\/producto\/circuito-de-nutricion-infantil\/#primaryimage"},"image":{"@id":"https:\/\/habitatamericas.com\/tiendacolombia\/producto\/circuito-de-nutricion-infantil\/#primaryimage"},"thumbnailUrl":"https:\/\/habitatamericas.com\/tiendacolombia\/wp-content\/uploads\/2024\/08\/Circuito-nutricion-infantil-tienda.jpg","datePublished":"2024-08-26T16:50:52+00:00","dateModified":"2024-10-18T15:01:56+00:00","description":"En H\u00e1bitat, estamos aqu\u00ed para acompa\u00f1arte y formarte en el proceso de crear h\u00e1bitos y un h\u00e1bitat adecuado para la modernidad","breadcrumb":{"@id":"https:\/\/habitatamericas.com\/tiendacolombia\/producto\/circuito-de-nutricion-infantil\/#breadcrumb"},"inLanguage":"es-CO","potentialAction":[{"@type":"ReadAction","target":["https:\/\/habitatamericas.com\/tiendacolombia\/producto\/circuito-de-nutricion-infantil\/"]}]},{"@type":"ImageObject","inLanguage":"es-CO","@id":"https:\/\/habitatamericas.com\/tiendacolombia\/producto\/circuito-de-nutricion-infantil\/#primaryimage","url":"https:\/\/habitatamericas.com\/tiendacolombia\/wp-content\/uploads\/2024\/08\/Circuito-nutricion-infantil-tienda.jpg","contentUrl":"https:\/\/habitatamericas.com\/tiendacolombia\/wp-content\/uploads\/2024\/08\/Circuito-nutricion-infantil-tienda.jpg","width":500,"height":500},{"@type":"BreadcrumbList","@id":"https:\/\/habitatamericas.com\/tiendacolombia\/producto\/circuito-de-nutricion-infantil\/#breadcrumb","itemListElement":[{"@type":"ListItem","position":1,"name":"Inicio","item":"https:\/\/habitatamericas.com\/tiendacolombia\/"},{"@type":"ListItem","position":2,"name":"Shop","item":"https:\/\/habitatamericas.com\/tiendacolombia\/shop\/"},{"@type":"ListItem","position":3,"name":"Circuito de nutrici\u00f3n infantil"}]},{"@type":"WebSite","@id":"https:\/\/habitatamericas.com\/tiendacolombia\/#website","url":"https:\/\/habitatamericas.com\/tiendacolombia\/","name":"Tienda H\u00e1bitat Colombia","description":"\u00a1Estamos transformando vidas!","publisher":{"@id":"https:\/\/habitatamericas.com\/tiendacolombia\/#organization"},"potentialAction":[{"@type":"SearchAction","target":{"@type":"EntryPoint","urlTemplate":"https:\/\/habitatamericas.com\/tiendacolombia\/?s={search_term_string}"},"query-input":"required name=search_term_string"}],"inLanguage":"es-CO"},{"@type":"Organization","@id":"https:\/\/habitatamericas.com\/tiendacolombia\/#organization","name":"Tienda H\u00e1bitat Colombia","url":"https:\/\/habitatamericas.com\/tiendacolombia\/","logo":{"@type":"ImageObject","inLanguage":"es-CO","@id":"https:\/\/habitatamericas.com\/tiendacolombia\/#\/schema\/logo\/image\/","url":"https:\/\/habitatamericas.com\/tiendacolombia\/wp-content\/uploads\/2024\/09\/logo-colombi.png","contentUrl":"https:\/\/habitatamericas.com\/tiendacolombia\/wp-content\/uploads\/2024\/09\/logo-colombi.png","width":268,"height":106,"caption":"Tienda H\u00e1bitat Colombia"},"image":{"@id":"https:\/\/habitatamericas.com\/tiendacolombia\/#\/schema\/logo\/image\/"}}]}},"_links":{"self":[{"href":"https:\/\/habitatamericas.com\/tiendacolombia\/wp-json\/wp\/v2\/product\/5917"}],"collection":[{"href":"https:\/\/habitatamericas.com\/tiendacolombia\/wp-json\/wp\/v2\/product"}],"about":[{"href":"https:\/\/habitatamericas.com\/tiendacolombia\/wp-json\/wp\/v2\/types\/product"}],"wp:featuredmedia":[{"embeddable":true,"href":"https:\/\/habitatamericas.com\/tiendacolombia\/wp-json\/wp\/v2\/media\/5930"}],"wp:attachment":[{"href":"https:\/\/habitatamericas.com\/tiendacolombia\/wp-json\/wp\/v2\/media?parent=5917"}],"wp:term":[{"taxonomy":"product_cat","embeddable":true,"href":"https:\/\/habitatamericas.com\/tiendacolombia\/wp-json\/wp\/v2\/product_cat?post=5917"},{"taxonomy":"product_tag","embeddable":true,"href":"https:\/\/habitatamericas.com\/tiendacolombia\/wp-json\/wp\/v2\/product_tag?post=5917"}],"curies":[{"name":"wp","href":"https:\/\/api.w.org\/{rel}","templated":true}]}}