{"id":5915,"date":"2024-08-26T10:19:33","date_gmt":"2024-08-26T15:19:33","guid":{"rendered":"https:\/\/habitatamericas.com\/tiendacolombia\/?post_type=product&#038;p=5915"},"modified":"2025-06-16T17:16:45","modified_gmt":"2025-06-16T22:16:45","slug":"hormonas-y-neuronas","status":"publish","type":"product","link":"https:\/\/habitatamericas.com\/tiendacolombia\/producto\/hormonas-y-neuronas\/","title":{"rendered":"Hormonas &#038; Neuronas Programa de Formaci\u00f3n y Plataforma Financiera: Mujer Integral"},"content":{"rendered":"<div>\n<h3 style=\"font-size: 35px; line-height: 35px; font-family: 'Rasputin'; color: #1a2d4e;\">Temas de los m\u00f3dulos<\/h3>\n<\/div>\n<div>\n<h3 style=\"font-size: 20px; line-height: 22px; font-weight: 400;\">Disfruta de la combinaci\u00f3n perfecta de caf\u00e9 gourmet, estilo capuchino, con crema no l\u00e1ctea y az\u00facar moderada, combinado con el toque incomparable de los componentes naturales y medicinales que tiene el extracto soluble de <strong>Ganoderma Lucidum de Gano Excel<\/strong>, lo cual cataloga a esta bebida deliciosa como el primer caf\u00e9 que brinda salud y bienestar a las personas.<br \/>\nTodas las condiciones de acidez asociadas al caf\u00e9 son contrarrestadas de manera efectiva por los poderosos alcaloides contenidos en el <strong>Ganoderma Lucidum<\/strong>; por lo tanto, es el \u00fanico caf\u00e9 recomendado para personas que sufren de problemas g\u00e1stricos, presi\u00f3n arterial, c\u00e1ncer, dolor etc.<\/h3>\n<\/div>\n<div style=\"float: left;\">\n<h3 style=\"font-size: 25px; line-height: 25px; font-family: 'Rasputin'; color: #1a2d4e;\">M\u00f3dulo 1<\/h3>\n<ul>\n<li>Formaci\u00f3n b\u00e1sica sobre nuestros suplementos y alimentos funcionales con extracto de Ganoderma Lucidum.\n<ul>\n<li><strong>GANO EXCEL INDUSTRIES:<\/strong> una empresa que trabaja 3 pilares: bienestar y salud, bienestar financiero y desarrollo del ser.<\/li>\n<li>\u00bfPor qu\u00e9 cuidar la salud y el bienestar son la mega tendencia m\u00e1s importante hoy?<\/li>\n<li><strong>GANODERMA LUCIDUM &amp; EXCELLIUM:<\/strong> historia, biolog\u00eda, desarrollo cient\u00edfico de Gano Excel en el mundo, acci\u00f3n del Ganoderma en el organismo, alimentos funcionales para vidas funcionales.<\/li>\n<li>\u00bfQu\u00e9 son nuestros productos? Beneficios y recomendaciones de consumo.<\/li>\n<li>C\u00f3mo usar los productos, aplicaciones y recetas.<\/li>\n<\/ul>\n<\/li>\n<\/ul>\n<hr \/>\n<h3 style=\"font-size: 25px; line-height: 25px; font-family: 'Rasputin'; color: #1a2d4e;\">M\u00f3dulo 2<\/h3>\n<ul>\n<li>Crea tu Mejor Versi\u00f3n\n<ul>\n<li><strong>Las 5 dimensiones del ser:<\/strong> espiritual, mental, emocional, f\u00edsica\/ material, relacional\/social.<\/li>\n<li>Dise\u00f1o de H\u00e1bitat para la creaci\u00f3n de h\u00e1bitos.<\/li>\n<li><b>Balance energ\u00e9tico:<\/b> Peso feliz, peso saludable.<\/li>\n<li>Balance hormonal.<\/li>\n<li>Cronobiolog\u00eda saludable.<\/li>\n<li>Nutrici\u00f3n funcional.<\/li>\n<li>Actividad f\u00edsica.<\/li>\n<li>Cuidado de la piel y el cabello.<\/li>\n<li>Salud psicol\u00f3gica.<\/li>\n<li>Imagen, vestuario y conducta de una mujer exitosa en todos sus roles.<\/li>\n<\/ul>\n<\/li>\n<li><b>Bloque de Formaci\u00f3n:<\/b> Bienestar Financiero<\/li>\n<\/ul>\n<hr \/>\n<h3 style=\"font-size: 25px; line-height: 25px; font-family: 'Rasputin'; color: #1a2d4e;\">M\u00f3dulo 3<\/h3>\n<p><b>B\u00e1sico: <\/b> 7 l\u00edneas de negocio aplicables a la creaci\u00f3n de tu red poderosa de consumo en cada pa\u00eds:<\/p>\n<ol>\n<li>Crear una red poderosa de consumo.<\/li>\n<li>Degustaci\u00f3n efectiva y productiva.<\/li>\n<li>Networkmarketing: crear equipos de alto desempe\u00f1o y u organizaci\u00f3n s\u00f3lida.<\/li>\n<li>Venta: estrategias vers\u00e1tiles y asertivas.<\/li>\n<li>Marketing digital.<\/li>\n<li>Eventos<\/li>\n<li>Expansi\u00f3n internacional.<\/li>\n<\/ol>\n<hr \/>\n<h3 style=\"font-size: 25px; line-height: 25px; font-family: 'Rasputin'; color: #1a2d4e;\">M\u00f3dulo 4<\/h3>\n<p><b>B\u00e1sico: <\/b> Habilidades Comerciales para Ser Exitoso<\/p>\n<ul>\n<li><strong>Planeaci\u00f3n funcional:<\/strong> metodolog\u00eda H\u00e1bitat de gesti\u00f3n y optimizaci\u00f3n del tiempo aplicable a todas las \u00e1reas de la vida.<\/li>\n<li>Prospecci\u00f3n y contacto efectivo.<\/li>\n<li>Presentaci\u00f3n de negocio desde la perspectiva del bienestar financiero.<\/li>\n<li>Manejo de objeciones, seguimiento y cierre.<\/li>\n<li>Postura y conductas empresariales.<\/li>\n<li>Ciclo de \u00e9xito para alta productividad.<\/li>\n<li><strong>Back office:<\/strong> aprende a usar tu oficina virtual para crecer en todas las am\u00e9ricas*<\/li>\n<li>Plan de compensaci\u00f3n y avance de rangos *<\/li>\n<\/ul>\n<hr \/>\n<h3 style=\"font-size: 25px; line-height: 25px; font-family: 'Rasputin'; color: #1a2d4e;\">M\u00f3dulo 5<\/h3>\n<p><b>Habilidades Blandas<\/b><\/p>\n<ul>\n<li>Comunicaci\u00f3n efectiva y afectiva para crear sinergia.<\/li>\n<li>Inspiraci\u00f3n, influencia y persuasi\u00f3n.<\/li>\n<li>Manejo y resoluci\u00f3n de problemas y retos.<\/li>\n<li>Creatividad e innovaci\u00f3n funcional.<\/li>\n<li>Redes sociales magn\u00e9ticas, funcionales y productivas.<\/li>\n<\/ul>\n<hr \/>\n<h3 style=\"font-size: 25px; line-height: 25px; font-family: 'Rasputin'; color: #1a2d4e;\">M\u00f3dulo 6<\/h3>\n<p><b>Habilidades Blandas<\/b><br \/>\n<b>LIDERAZGO 360\u00b0 PARA CREAR EQUIPOS DE ALTO DESEMPE\u00d1O Y UNA ORGANIZACI\u00d3N S\u00d3LIDA<\/b><\/p>\n<ul>\n<li>Liderazgo de procesos, personas y sistemas.<\/li>\n<li><b>Sistema de virtudes:<\/b> El m\u00e1ximo potencial a desarrollar para ser un l\u00edder empresario integral exitoso.<\/li>\n<\/ul>\n<hr \/>\n<h3 style=\"font-size: 25px; line-height: 25px; font-family: 'Rasputin'; color: #1a2d4e;\">M\u00f3dulo 7<\/h3>\n<p><b>Desarrollo del Ser<\/b><\/p>\n<ul>\n<li><b>Dimensi\u00f3n relacional:<\/b> v\u00ednculos saludables.<\/li>\n<li>Relaci\u00f3n de pareja.<\/li>\n<li>Maternidad presente, plena y empoderante.<\/li>\n<li>Gesti\u00f3n de la vida social en equilibrio.<\/li>\n<\/ul>\n<hr \/>\n<h3 style=\"font-size: 25px; line-height: 25px; font-family: 'Rasputin'; color: #1a2d4e;\">M\u00f3dulo 8<\/h3>\n<p><b>Finanzas Personales y Familiares<\/b><\/p>\n<ul>\n<li>Producir ingresos y generar un residual.<\/li>\n<li>Administrar sabiamente los recursos econ\u00f3micos personales y familiares.<\/li>\n<li>La deuda: todo lo que necesitas saber.<\/li>\n<li>Criterio saludable de ahorro e inversi\u00f3n.<\/li>\n<\/ul>\n<hr \/>\n<\/div>\n","protected":false},"excerpt":{"rendered":"<h3 style=\"font-size: 22px; line-height: 25px; font-weight: 400;\">\u00a1En 3 meses aprender\u00e1s todo lo que necesitas saber para construir con nosotros bienestar, salud, belleza y bienestar financiero!<br \/>\nCon la mejor plataforma en m\u00e1s de 14 pa\u00edses de las am\u00e9ricas.<br \/>\n<strong>Por la compra de estos productos podr\u00e1s vivir este programa que te ayudar\u00e1 a transformarte.<\/strong><\/h3>\n<div style=\"float: left;\">\n<ul style=\"font-size: 22px; line-height: 25px; font-weight: 600;\">\n<li><a href=\"https:\/\/habitatamericas.com\/tiendacolombia\/producto\/ganoderma-capsulas\/\">1 frasco de Ganoderma C\u00e1psulas<\/a><\/li>\n<li><a href=\"https:\/\/habitatamericas.com\/tiendacolombia\/producto\/excellium-capsulas\/\">1 frasco de Excellium C\u00e1psulas<\/a><\/li>\n<li><a href=\"https:\/\/habitatamericas.com\/tiendacolombia\/producto\/ganocafe-3-1\/\">15 cajas de GanoCaf\u00e9 3 en 1<\/a><\/li>\n<li><a href=\"https:\/\/habitatamericas.com\/tiendacolombia\/producto\/ganocafe-classic\/\">6 cajas de GanoCaf\u00e9 Classic<\/a><\/li>\n<li><a href=\"https:\/\/habitatamericas.com\/tiendacolombia\/producto\/gano-schokolade\/\">5 cajas de Gano Schokolade<\/a><\/li>\n<li><a href=\"https:\/\/habitatamericas.com\/tiendacolombia\/producto\/gano-fresh-toothpaste\/\">2 cajas de Gano Fresh Toothpaste<\/a><\/li>\n<li><a href=\"https:\/\/habitatamericas.com\/tiendacolombia\/producto\/oleaf-gano-rooibos-drink\/\">2 cajas de Oleaf Gano Rooibos Drink<\/a><\/li>\n<li><a href=\"https:\/\/habitatamericas.com\/tiendacolombia\/producto\/gano-creal-spirulina\/\">2 cajas de Gano C\u00b4real Spirulina<\/a><\/li>\n<li><a href=\"https:\/\/habitatamericas.com\/tiendacolombia\/producto\/ganorico-mocha-rico\/\">2 cajas de Ganorico Mocha Rico<\/a><\/li>\n<li><a href=\"https:\/\/habitatamericas.com\/tiendacolombia\/producto\/piel-brillo-acondicionador\/\">1 frasco de Piel &amp; Brillo Acondicionador<\/a><\/li>\n<li><a href=\"https:\/\/habitatamericas.com\/tiendacolombia\/producto\/pielbrillo-shampoo\/\">1 frasco de Piel &amp; Brillo Shampoo<\/a><\/li>\n<li><a href=\"https:\/\/habitatamericas.com\/tiendacolombia\/producto\/piel-brillo-exfoliante-corporal\/\">1 frasco de Piel &amp; Brillo Exfoliante Corporal<\/a><\/li>\n<li><a href=\"https:\/\/habitatamericas.com\/tiendacolombia\/producto\/gano-transparent-soap\/\">1 caja de Gano Transparent Soap<\/a><\/li>\n<\/ul>\n<p><b style=\"color: #1a2d4e; font-size: 1.7rem; font-weight: 500;\">Valor productos: <\/b> <b style=\"color: #b4cb54; font-size: 1.9rem; font-weight: bold;\">$ 3&#8217;990.000<\/b><\/p>\n<\/div>\n","protected":false},"featured_media":6126,"template":"","meta":{"site-sidebar-layout":"default","site-content-layout":"","ast-site-content-layout":"default","site-content-style":"default","site-sidebar-style":"default","ast-global-header-display":"","ast-banner-title-visibility":"","ast-main-header-display":"","ast-hfb-above-header-display":"","ast-hfb-below-header-display":"","ast-hfb-mobile-header-display":"","site-post-title":"","ast-breadcrumbs-content":"","ast-featured-img":"","footer-sml-layout":"","theme-transparent-header-meta":"default","adv-header-id-meta":"","stick-header-meta":"","header-above-stick-meta":"","header-main-stick-meta":"","header-below-stick-meta":"","astra-migrate-meta-layouts":"set","ast-page-background-enabled":"default","ast-page-background-meta":{"desktop":{"background-color":"","background-image":"","background-repeat":"repeat","background-position":"center center","background-size":"auto","background-attachment":"scroll","background-type":"","background-media":"","overlay-type":"","overlay-color":"","overlay-gradient":""},"tablet":{"background-color":"","background-image":"","background-repeat":"repeat","background-position":"center center","background-size":"auto","background-attachment":"scroll","background-type":"","background-media":"","overlay-type":"","overlay-color":"","overlay-gradient":""},"mobile":{"background-color":"","background-image":"","background-repeat":"repeat","background-position":"center center","background-size":"auto","background-attachment":"scroll","background-type":"","background-media":"","overlay-type":"","overlay-color":"","overlay-gradient":""}},"ast-content-background-meta":{"desktop":{"background-color":"var(--ast-global-color-5)","background-image":"","background-repeat":"repeat","background-position":"center center","background-size":"auto","background-attachment":"scroll","background-type":"","background-media":"","overlay-type":"","overlay-color":"","overlay-gradient":""},"tablet":{"background-color":"var(--ast-global-color-5)","background-image":"","background-repeat":"repeat","background-position":"center center","background-size":"auto","background-attachment":"scroll","background-type":"","background-media":"","overlay-type":"","overlay-color":"","overlay-gradient":""},"mobile":{"background-color":"var(--ast-global-color-5)","background-image":"","background-repeat":"repeat","background-position":"center center","background-size":"auto","background-attachment":"scroll","background-type":"","background-media":"","overlay-type":"","overlay-color":"","overlay-gradient":""}}},"product_cat":[17],"product_tag":[133,127,128,129],"class_list":{"0":"post-5915","1":"product","2":"type-product","3":"status-publish","4":"has-post-thumbnail","6":"product_cat-circuitos-de-formacion","7":"product_tag-cursos-de-formacion","8":"product_tag-habitos","9":"product_tag-nutricion","10":"product_tag-suplementacion-funcional","11":"desktop-align-center","12":"tablet-align-center","13":"mobile-align-center","15":"first","16":"instock","17":"featured","18":"shipping-taxable","19":"purchasable","20":"product-type-simple"},"yoast_head":"<!-- This site is optimized with the Yoast SEO plugin v23.2 - https:\/\/yoast.com\/wordpress\/plugins\/seo\/ -->\n<title>Hormonas y Neuronas: Mujeres desarrollando una vida en equilibrio<\/title>\n<meta name=\"description\" content=\"Encuentra el equilibrio perfecto como mujer con m\u00faltiples roles aprendiendo los fundamentos para una vida plena y exitosa,\" \/>\n<meta name=\"robots\" content=\"index, follow, max-snippet:-1, max-image-preview:large, max-video-preview:-1\" \/>\n<link rel=\"canonical\" href=\"https:\/\/habitatamericas.com\/tiendacolombia\/producto\/hormonas-y-neuronas\/\" \/>\n<meta property=\"og:locale\" content=\"es_ES\" \/>\n<meta property=\"og:type\" content=\"article\" \/>\n<meta property=\"og:title\" content=\"Hormonas y Neuronas: Mujeres desarrollando una vida en equilibrio\" \/>\n<meta property=\"og:description\" content=\"Encuentra el equilibrio perfecto como mujer con m\u00faltiples roles aprendiendo los fundamentos para una vida plena y exitosa,\" \/>\n<meta property=\"og:url\" content=\"https:\/\/habitatamericas.com\/tiendacolombia\/producto\/hormonas-y-neuronas\/\" \/>\n<meta property=\"og:site_name\" content=\"Tienda H\u00e1bitat Colombia\" \/>\n<meta property=\"article:modified_time\" content=\"2025-06-16T22:16:45+00:00\" \/>\n<meta property=\"og:image\" content=\"https:\/\/habitatamericas.com\/tiendacolombia\/wp-content\/uploads\/2024\/08\/circuito-hormonas-neuronas-mujeres.webp\" \/>\n\t<meta property=\"og:image:width\" content=\"600\" \/>\n\t<meta property=\"og:image:height\" content=\"600\" \/>\n\t<meta property=\"og:image:type\" content=\"image\/webp\" \/>\n<meta name=\"twitter:card\" content=\"summary_large_image\" \/>\n<meta name=\"twitter:label1\" content=\"Tiempo de lectura\" \/>\n\t<meta name=\"twitter:data1\" content=\"3 minutos\" \/>\n<script type=\"application\/ld+json\" class=\"yoast-schema-graph\">{\"@context\":\"https:\/\/schema.org\",\"@graph\":[{\"@type\":\"WebPage\",\"@id\":\"https:\/\/habitatamericas.com\/tiendacolombia\/producto\/hormonas-y-neuronas\/\",\"url\":\"https:\/\/habitatamericas.com\/tiendacolombia\/producto\/hormonas-y-neuronas\/\",\"name\":\"Hormonas y Neuronas: Mujeres desarrollando una vida en equilibrio\",\"isPartOf\":{\"@id\":\"https:\/\/habitatamericas.com\/tiendacolombia\/#website\"},\"primaryImageOfPage\":{\"@id\":\"https:\/\/habitatamericas.com\/tiendacolombia\/producto\/hormonas-y-neuronas\/#primaryimage\"},\"image\":{\"@id\":\"https:\/\/habitatamericas.com\/tiendacolombia\/producto\/hormonas-y-neuronas\/#primaryimage\"},\"thumbnailUrl\":\"https:\/\/habitatamericas.com\/tiendacolombia\/wp-content\/uploads\/2024\/08\/circuito-hormonas-neuronas-mujeres.webp\",\"datePublished\":\"2024-08-26T15:19:33+00:00\",\"dateModified\":\"2025-06-16T22:16:45+00:00\",\"description\":\"Encuentra el equilibrio perfecto como mujer con m\u00faltiples roles aprendiendo los fundamentos para una vida plena y exitosa,\",\"breadcrumb\":{\"@id\":\"https:\/\/habitatamericas.com\/tiendacolombia\/producto\/hormonas-y-neuronas\/#breadcrumb\"},\"inLanguage\":\"es-CO\",\"potentialAction\":[{\"@type\":\"ReadAction\",\"target\":[\"https:\/\/habitatamericas.com\/tiendacolombia\/producto\/hormonas-y-neuronas\/\"]}]},{\"@type\":\"ImageObject\",\"inLanguage\":\"es-CO\",\"@id\":\"https:\/\/habitatamericas.com\/tiendacolombia\/producto\/hormonas-y-neuronas\/#primaryimage\",\"url\":\"https:\/\/habitatamericas.com\/tiendacolombia\/wp-content\/uploads\/2024\/08\/circuito-hormonas-neuronas-mujeres.webp\",\"contentUrl\":\"https:\/\/habitatamericas.com\/tiendacolombia\/wp-content\/uploads\/2024\/08\/circuito-hormonas-neuronas-mujeres.webp\",\"width\":600,\"height\":600},{\"@type\":\"BreadcrumbList\",\"@id\":\"https:\/\/habitatamericas.com\/tiendacolombia\/producto\/hormonas-y-neuronas\/#breadcrumb\",\"itemListElement\":[{\"@type\":\"ListItem\",\"position\":1,\"name\":\"Inicio\",\"item\":\"https:\/\/habitatamericas.com\/tiendacolombia\/\"},{\"@type\":\"ListItem\",\"position\":2,\"name\":\"Shop\",\"item\":\"https:\/\/habitatamericas.com\/tiendacolombia\/shop\/\"},{\"@type\":\"ListItem\",\"position\":3,\"name\":\"Hormonas &#038; Neuronas Programa de Formaci\u00f3n y Plataforma Financiera: Mujer Integral\"}]},{\"@type\":\"WebSite\",\"@id\":\"https:\/\/habitatamericas.com\/tiendacolombia\/#website\",\"url\":\"https:\/\/habitatamericas.com\/tiendacolombia\/\",\"name\":\"Tienda H\u00e1bitat Colombia\",\"description\":\"\u00a1Estamos transformando vidas!\",\"publisher\":{\"@id\":\"https:\/\/habitatamericas.com\/tiendacolombia\/#organization\"},\"potentialAction\":[{\"@type\":\"SearchAction\",\"target\":{\"@type\":\"EntryPoint\",\"urlTemplate\":\"https:\/\/habitatamericas.com\/tiendacolombia\/?s={search_term_string}\"},\"query-input\":\"required name=search_term_string\"}],\"inLanguage\":\"es-CO\"},{\"@type\":\"Organization\",\"@id\":\"https:\/\/habitatamericas.com\/tiendacolombia\/#organization\",\"name\":\"Tienda H\u00e1bitat Colombia\",\"url\":\"https:\/\/habitatamericas.com\/tiendacolombia\/\",\"logo\":{\"@type\":\"ImageObject\",\"inLanguage\":\"es-CO\",\"@id\":\"https:\/\/habitatamericas.com\/tiendacolombia\/#\/schema\/logo\/image\/\",\"url\":\"https:\/\/habitatamericas.com\/tiendacolombia\/wp-content\/uploads\/2024\/09\/logo-colombi.png\",\"contentUrl\":\"https:\/\/habitatamericas.com\/tiendacolombia\/wp-content\/uploads\/2024\/09\/logo-colombi.png\",\"width\":268,\"height\":106,\"caption\":\"Tienda H\u00e1bitat Colombia\"},\"image\":{\"@id\":\"https:\/\/habitatamericas.com\/tiendacolombia\/#\/schema\/logo\/image\/\"}}]}<\/script>\n<!-- \/ Yoast SEO plugin. -->","yoast_head_json":{"title":"Hormonas y Neuronas: Mujeres desarrollando una vida en equilibrio","description":"Encuentra el equilibrio perfecto como mujer con m\u00faltiples roles aprendiendo los fundamentos para una vida plena y exitosa,","robots":{"index":"index","follow":"follow","max-snippet":"max-snippet:-1","max-image-preview":"max-image-preview:large","max-video-preview":"max-video-preview:-1"},"canonical":"https:\/\/habitatamericas.com\/tiendacolombia\/producto\/hormonas-y-neuronas\/","og_locale":"es_ES","og_type":"article","og_title":"Hormonas y Neuronas: Mujeres desarrollando una vida en equilibrio","og_description":"Encuentra el equilibrio perfecto como mujer con m\u00faltiples roles aprendiendo los fundamentos para una vida plena y exitosa,","og_url":"https:\/\/habitatamericas.com\/tiendacolombia\/producto\/hormonas-y-neuronas\/","og_site_name":"Tienda H\u00e1bitat Colombia","article_modified_time":"2025-06-16T22:16:45+00:00","og_image":[{"width":600,"height":600,"url":"https:\/\/habitatamericas.com\/tiendacolombia\/wp-content\/uploads\/2024\/08\/circuito-hormonas-neuronas-mujeres.webp","type":"image\/webp"}],"twitter_card":"summary_large_image","twitter_misc":{"Tiempo de lectura":"3 minutos"},"schema":{"@context":"https:\/\/schema.org","@graph":[{"@type":"WebPage","@id":"https:\/\/habitatamericas.com\/tiendacolombia\/producto\/hormonas-y-neuronas\/","url":"https:\/\/habitatamericas.com\/tiendacolombia\/producto\/hormonas-y-neuronas\/","name":"Hormonas y Neuronas: Mujeres desarrollando una vida en equilibrio","isPartOf":{"@id":"https:\/\/habitatamericas.com\/tiendacolombia\/#website"},"primaryImageOfPage":{"@id":"https:\/\/habitatamericas.com\/tiendacolombia\/producto\/hormonas-y-neuronas\/#primaryimage"},"image":{"@id":"https:\/\/habitatamericas.com\/tiendacolombia\/producto\/hormonas-y-neuronas\/#primaryimage"},"thumbnailUrl":"https:\/\/habitatamericas.com\/tiendacolombia\/wp-content\/uploads\/2024\/08\/circuito-hormonas-neuronas-mujeres.webp","datePublished":"2024-08-26T15:19:33+00:00","dateModified":"2025-06-16T22:16:45+00:00","description":"Encuentra el equilibrio perfecto como mujer con m\u00faltiples roles aprendiendo los fundamentos para una vida plena y exitosa,","breadcrumb":{"@id":"https:\/\/habitatamericas.com\/tiendacolombia\/producto\/hormonas-y-neuronas\/#breadcrumb"},"inLanguage":"es-CO","potentialAction":[{"@type":"ReadAction","target":["https:\/\/habitatamericas.com\/tiendacolombia\/producto\/hormonas-y-neuronas\/"]}]},{"@type":"ImageObject","inLanguage":"es-CO","@id":"https:\/\/habitatamericas.com\/tiendacolombia\/producto\/hormonas-y-neuronas\/#primaryimage","url":"https:\/\/habitatamericas.com\/tiendacolombia\/wp-content\/uploads\/2024\/08\/circuito-hormonas-neuronas-mujeres.webp","contentUrl":"https:\/\/habitatamericas.com\/tiendacolombia\/wp-content\/uploads\/2024\/08\/circuito-hormonas-neuronas-mujeres.webp","width":600,"height":600},{"@type":"BreadcrumbList","@id":"https:\/\/habitatamericas.com\/tiendacolombia\/producto\/hormonas-y-neuronas\/#breadcrumb","itemListElement":[{"@type":"ListItem","position":1,"name":"Inicio","item":"https:\/\/habitatamericas.com\/tiendacolombia\/"},{"@type":"ListItem","position":2,"name":"Shop","item":"https:\/\/habitatamericas.com\/tiendacolombia\/shop\/"},{"@type":"ListItem","position":3,"name":"Hormonas &#038; Neuronas Programa de Formaci\u00f3n y Plataforma Financiera: Mujer Integral"}]},{"@type":"WebSite","@id":"https:\/\/habitatamericas.com\/tiendacolombia\/#website","url":"https:\/\/habitatamericas.com\/tiendacolombia\/","name":"Tienda H\u00e1bitat Colombia","description":"\u00a1Estamos transformando vidas!","publisher":{"@id":"https:\/\/habitatamericas.com\/tiendacolombia\/#organization"},"potentialAction":[{"@type":"SearchAction","target":{"@type":"EntryPoint","urlTemplate":"https:\/\/habitatamericas.com\/tiendacolombia\/?s={search_term_string}"},"query-input":"required name=search_term_string"}],"inLanguage":"es-CO"},{"@type":"Organization","@id":"https:\/\/habitatamericas.com\/tiendacolombia\/#organization","name":"Tienda H\u00e1bitat Colombia","url":"https:\/\/habitatamericas.com\/tiendacolombia\/","logo":{"@type":"ImageObject","inLanguage":"es-CO","@id":"https:\/\/habitatamericas.com\/tiendacolombia\/#\/schema\/logo\/image\/","url":"https:\/\/habitatamericas.com\/tiendacolombia\/wp-content\/uploads\/2024\/09\/logo-colombi.png","contentUrl":"https:\/\/habitatamericas.com\/tiendacolombia\/wp-content\/uploads\/2024\/09\/logo-colombi.png","width":268,"height":106,"caption":"Tienda H\u00e1bitat Colombia"},"image":{"@id":"https:\/\/habitatamericas.com\/tiendacolombia\/#\/schema\/logo\/image\/"}}]}},"_links":{"self":[{"href":"https:\/\/habitatamericas.com\/tiendacolombia\/wp-json\/wp\/v2\/product\/5915"}],"collection":[{"href":"https:\/\/habitatamericas.com\/tiendacolombia\/wp-json\/wp\/v2\/product"}],"about":[{"href":"https:\/\/habitatamericas.com\/tiendacolombia\/wp-json\/wp\/v2\/types\/product"}],"wp:featuredmedia":[{"embeddable":true,"href":"https:\/\/habitatamericas.com\/tiendacolombia\/wp-json\/wp\/v2\/media\/6126"}],"wp:attachment":[{"href":"https:\/\/habitatamericas.com\/tiendacolombia\/wp-json\/wp\/v2\/media?parent=5915"}],"wp:term":[{"taxonomy":"product_cat","embeddable":true,"href":"https:\/\/habitatamericas.com\/tiendacolombia\/wp-json\/wp\/v2\/product_cat?post=5915"},{"taxonomy":"product_tag","embeddable":true,"href":"https:\/\/habitatamericas.com\/tiendacolombia\/wp-json\/wp\/v2\/product_tag?post=5915"}],"curies":[{"name":"wp","href":"https:\/\/api.w.org\/{rel}","templated":true}]}}