{"id":5813,"date":"2024-03-20T09:49:09","date_gmt":"2024-03-20T14:49:09","guid":{"rendered":"https:\/\/habitatamericas.com\/tiendacolombia\/?post_type=product&#038;p=5813"},"modified":"2025-06-16T17:10:32","modified_gmt":"2025-06-16T22:10:32","slug":"kit-de-empresario-esp-3","status":"publish","type":"product","link":"https:\/\/habitatamericas.com\/tiendacolombia\/producto\/kit-de-empresario-esp-3\/","title":{"rendered":"Kit de empresario ESP 3"},"content":{"rendered":"","protected":false},"excerpt":{"rendered":"\n<div>\n<h3 style=\"font-size: 22px; line-height: 25px; font-weight: 400;\">\nEl kit contiene los siguientes 41 productos, para que comiences a transformar tu vida.<br \/><\/h3>\n<ul style=\"font-size: 22px; line-height: 25px; font-weight: 400;\">\n<li>15 cajas de <a href=\"https:\/\/habitatamericas.com\/tiendacolombia\/producto\/gano-cafe-3-1\/\"> <b>Gano Caf\u00e9 3 en 1<\/b><\/a><\/li>\n<li>7 cajas de <a href=\"https:\/\/habitatamericas.com\/tiendacolombia\/producto\/gano-cafe-clasico\/\"><b>Gano Caf\u00e9 cl\u00e1sico<\/b><\/a><\/li>\n<li>2 cajas de <a href=\"https:\/\/habitatamericas.com\/tiendacolombia\/producto\/gano-schokolade\/\"><b>Gano Shokolade<\/b><\/a><\/li>\n<li>2 cajas de <a href=\"https:\/\/habitatamericas.com\/tiendacolombia\/producto\/mocha-rico\/\"><b>Gano Caf\u00e9 Mocha Rico<\/b><\/a><\/li>\n<li>1 caja de <a href=\"https:\/\/habitatamericas.com\/tiendacolombia\/producto\/rooibos-drink\/\"><b>Rooibos Drink<\/b><\/a><\/li>\n<li>2 cajas de <a href=\"https:\/\/habitatamericas.com\/tiendacolombia\/producto\/gano-cereal\/\"><b>Gano Cereal con Spirulina<\/b><\/a><\/li>\n<li>3 cajas de <a href=\"https:\/\/habitatamericas.com\/tiendacolombia\/producto\/latte-rico\/\"><b>Ganorico Latte Rico<\/b><\/a><\/li>\n<li>2 cajas de <a href=\"https:\/\/habitatamericas.com\/tiendacolombia\/producto\/gano-fresh\/\"><b>Gano Fresh Toothpaste<\/b><\/a><\/li>\n<li>2 cajas de <a href=\"https:\/\/habitatamericas.com\/tiendacolombia\/producto\/gano-soap\/\"><b>Gano Transparent Soap<\/b><\/a><\/li>\n<li>1 frasco de <a href=\"https:\/\/habitatamericas.com\/tiendacolombia\/producto\/capsulas-ganoderma\/\"><b>C\u00e1psulas de Ganoderma<\/b><\/a><\/li>\n<li>1 frasco de <a href=\"https:\/\/habitatamericas.com\/tiendacolombia\/producto\/capsulas-exellium\/\"><b>C\u00e1psulas de Excellium<\/b><\/a><\/li>\n<li>1 frasco de <a href=\"https:\/\/habitatamericas.com\/tiendacolombia\/producto\/acondicionador-pb\/\"><b>Acondicionador<\/b><\/a><\/li>\n<\/ul><\/div>\n<div style=\"background-color: #1a2d4e; padding: 20px; border-radius: 20px 0px 20px 0; margin-top: 20px;\">\n<h3 style=\"font-size: 20px; line-height: 20px; font-weight: 500; color: #fff;\">Si deseas convertirte en cliente codificado y adem\u00e1s en consumidor inteligente, escr\u00edbenos y te ayudaremos a hacerlo desde la primera compra.<\/h3>\n<div style=\"float: right; margin-top: -10px;\"><a href=\"https:\/\/wa.me\/573242062853\"> <img decoding=\"async\" class=\"alignnone size-full wp-image-5654\" src=\"http:\/\/habitatamericas.com\/tiendacolombia\/wp-content\/uploads\/2024\/08\/boton-escribenos.png\" alt=\"whatsapp\" width=\"200\" height=\"60\" \/><\/a><\/div>\n<\/p><\/div>\n","protected":false},"featured_media":22,"template":"","meta":{"site-sidebar-layout":"default","site-content-layout":"","ast-site-content-layout":"default","site-content-style":"default","site-sidebar-style":"default","ast-global-header-display":"","ast-banner-title-visibility":"","ast-main-header-display":"","ast-hfb-above-header-display":"","ast-hfb-below-header-display":"","ast-hfb-mobile-header-display":"","site-post-title":"","ast-breadcrumbs-content":"","ast-featured-img":"","footer-sml-layout":"","theme-transparent-header-meta":"default","adv-header-id-meta":"","stick-header-meta":"","header-above-stick-meta":"","header-main-stick-meta":"","header-below-stick-meta":"","astra-migrate-meta-layouts":"set","ast-page-background-enabled":"default","ast-page-background-meta":{"desktop":{"background-color":"","background-image":"","background-repeat":"repeat","background-position":"center center","background-size":"auto","background-attachment":"scroll","background-type":"","background-media":"","overlay-type":"","overlay-color":"","overlay-gradient":""},"tablet":{"background-color":"","background-image":"","background-repeat":"repeat","background-position":"center center","background-size":"auto","background-attachment":"scroll","background-type":"","background-media":"","overlay-type":"","overlay-color":"","overlay-gradient":""},"mobile":{"background-color":"","background-image":"","background-repeat":"repeat","background-position":"center center","background-size":"auto","background-attachment":"scroll","background-type":"","background-media":"","overlay-type":"","overlay-color":"","overlay-gradient":""}},"ast-content-background-meta":{"desktop":{"background-color":"var(--ast-global-color-5)","background-image":"","background-repeat":"repeat","background-position":"center center","background-size":"auto","background-attachment":"scroll","background-type":"","background-media":"","overlay-type":"","overlay-color":"","overlay-gradient":""},"tablet":{"background-color":"var(--ast-global-color-5)","background-image":"","background-repeat":"repeat","background-position":"center center","background-size":"auto","background-attachment":"scroll","background-type":"","background-media":"","overlay-type":"","overlay-color":"","overlay-gradient":""},"mobile":{"background-color":"var(--ast-global-color-5)","background-image":"","background-repeat":"repeat","background-position":"center center","background-size":"auto","background-attachment":"scroll","background-type":"","background-media":"","overlay-type":"","overlay-color":"","overlay-gradient":""}}},"product_cat":[88],"product_tag":[51,113,90,92,86,112,110,107,111,108,104,63],"class_list":{"0":"post-5813","1":"product","2":"type-product","3":"status-publish","4":"has-post-thumbnail","6":"product_cat-paquetes-empresariales","7":"product_tag-acondicionador","8":"product_tag-capsulas-de-excellium","9":"product_tag-capsulas-de-ganoderma","10":"product_tag-gano-cafe-3-en-1","11":"product_tag-gano-cafe-clasico","12":"product_tag-gano-cafe-mocha-rico","13":"product_tag-gano-cereal-con-spirulina","14":"product_tag-gano-fresh-toothpaste","15":"product_tag-gano-shokolade","16":"product_tag-gano-transparent-soap","17":"product_tag-ganorico-latte-rico","18":"product_tag-rooibos-drink","19":"desktop-align-center","20":"tablet-align-center","21":"mobile-align-center","23":"first","24":"instock","25":"featured","26":"shipping-taxable","27":"purchasable","28":"product-type-simple"},"yoast_head":"<!-- This site is optimized with the Yoast SEO plugin v23.2 - https:\/\/yoast.com\/wordpress\/plugins\/seo\/ -->\n<title>Kit de empresario ESP 3, c\u00f3mpralo en la tienda de H\u00e1bitat<\/title>\n<meta name=\"description\" content=\"Convi\u00e9rtete en cliente codificado y adem\u00e1s en consumidor inteligente comprando el Kit de empresario ESP 3, para que comiences a transformar tu vida\" \/>\n<meta name=\"robots\" content=\"index, follow, max-snippet:-1, max-image-preview:large, max-video-preview:-1\" \/>\n<link rel=\"canonical\" href=\"https:\/\/habitatamericas.com\/tiendacolombia\/producto\/kit-de-empresario-esp-3\/\" \/>\n<meta property=\"og:locale\" content=\"es_ES\" \/>\n<meta property=\"og:type\" content=\"article\" \/>\n<meta property=\"og:title\" content=\"Kit de empresario ESP 3, c\u00f3mpralo en la tienda de H\u00e1bitat\" \/>\n<meta property=\"og:description\" content=\"Convi\u00e9rtete en cliente codificado y adem\u00e1s en consumidor inteligente comprando el Kit de empresario ESP 3, para que comiences a transformar tu vida\" \/>\n<meta property=\"og:url\" content=\"https:\/\/habitatamericas.com\/tiendacolombia\/producto\/kit-de-empresario-esp-3\/\" \/>\n<meta property=\"og:site_name\" content=\"Tienda H\u00e1bitat Colombia\" \/>\n<meta property=\"article:modified_time\" content=\"2025-06-16T22:10:32+00:00\" \/>\n<meta property=\"og:image\" content=\"https:\/\/habitatamericas.com\/tiendacolombia\/wp-content\/uploads\/2023\/12\/Gano-Cafe-3-1-taza.jpg\" \/>\n\t<meta property=\"og:image:width\" content=\"500\" \/>\n\t<meta property=\"og:image:height\" content=\"500\" \/>\n\t<meta property=\"og:image:type\" content=\"image\/jpeg\" \/>\n<meta name=\"twitter:card\" content=\"summary_large_image\" \/>\n<meta name=\"twitter:label1\" content=\"Tiempo de lectura\" \/>\n\t<meta name=\"twitter:data1\" content=\"1 minuto\" \/>\n<script type=\"application\/ld+json\" class=\"yoast-schema-graph\">{\"@context\":\"https:\/\/schema.org\",\"@graph\":[{\"@type\":\"WebPage\",\"@id\":\"https:\/\/habitatamericas.com\/tiendacolombia\/producto\/kit-de-empresario-esp-3\/\",\"url\":\"https:\/\/habitatamericas.com\/tiendacolombia\/producto\/kit-de-empresario-esp-3\/\",\"name\":\"Kit de empresario ESP 3, c\u00f3mpralo en la tienda de H\u00e1bitat\",\"isPartOf\":{\"@id\":\"https:\/\/habitatamericas.com\/tiendacolombia\/#website\"},\"primaryImageOfPage\":{\"@id\":\"https:\/\/habitatamericas.com\/tiendacolombia\/producto\/kit-de-empresario-esp-3\/#primaryimage\"},\"image\":{\"@id\":\"https:\/\/habitatamericas.com\/tiendacolombia\/producto\/kit-de-empresario-esp-3\/#primaryimage\"},\"thumbnailUrl\":\"https:\/\/habitatamericas.com\/tiendacolombia\/wp-content\/uploads\/2023\/12\/Gano-Cafe-3-1-taza.jpg\",\"datePublished\":\"2024-03-20T14:49:09+00:00\",\"dateModified\":\"2025-06-16T22:10:32+00:00\",\"description\":\"Convi\u00e9rtete en cliente codificado y adem\u00e1s en consumidor inteligente comprando el Kit de empresario ESP 3, para que comiences a transformar tu vida\",\"breadcrumb\":{\"@id\":\"https:\/\/habitatamericas.com\/tiendacolombia\/producto\/kit-de-empresario-esp-3\/#breadcrumb\"},\"inLanguage\":\"es-CO\",\"potentialAction\":[{\"@type\":\"ReadAction\",\"target\":[\"https:\/\/habitatamericas.com\/tiendacolombia\/producto\/kit-de-empresario-esp-3\/\"]}]},{\"@type\":\"ImageObject\",\"inLanguage\":\"es-CO\",\"@id\":\"https:\/\/habitatamericas.com\/tiendacolombia\/producto\/kit-de-empresario-esp-3\/#primaryimage\",\"url\":\"https:\/\/habitatamericas.com\/tiendacolombia\/wp-content\/uploads\/2023\/12\/Gano-Cafe-3-1-taza.jpg\",\"contentUrl\":\"https:\/\/habitatamericas.com\/tiendacolombia\/wp-content\/uploads\/2023\/12\/Gano-Cafe-3-1-taza.jpg\",\"width\":500,\"height\":500,\"caption\":\"Extracto soluble de Ganoderma Lucidum de GanoExcel,\"},{\"@type\":\"BreadcrumbList\",\"@id\":\"https:\/\/habitatamericas.com\/tiendacolombia\/producto\/kit-de-empresario-esp-3\/#breadcrumb\",\"itemListElement\":[{\"@type\":\"ListItem\",\"position\":1,\"name\":\"Inicio\",\"item\":\"https:\/\/habitatamericas.com\/tiendacolombia\/\"},{\"@type\":\"ListItem\",\"position\":2,\"name\":\"Shop\",\"item\":\"https:\/\/habitatamericas.com\/tiendacolombia\/shop\/\"},{\"@type\":\"ListItem\",\"position\":3,\"name\":\"Kit de empresario ESP 3\"}]},{\"@type\":\"WebSite\",\"@id\":\"https:\/\/habitatamericas.com\/tiendacolombia\/#website\",\"url\":\"https:\/\/habitatamericas.com\/tiendacolombia\/\",\"name\":\"Tienda H\u00e1bitat Colombia\",\"description\":\"\u00a1Estamos transformando vidas!\",\"publisher\":{\"@id\":\"https:\/\/habitatamericas.com\/tiendacolombia\/#organization\"},\"potentialAction\":[{\"@type\":\"SearchAction\",\"target\":{\"@type\":\"EntryPoint\",\"urlTemplate\":\"https:\/\/habitatamericas.com\/tiendacolombia\/?s={search_term_string}\"},\"query-input\":\"required name=search_term_string\"}],\"inLanguage\":\"es-CO\"},{\"@type\":\"Organization\",\"@id\":\"https:\/\/habitatamericas.com\/tiendacolombia\/#organization\",\"name\":\"Tienda H\u00e1bitat Colombia\",\"url\":\"https:\/\/habitatamericas.com\/tiendacolombia\/\",\"logo\":{\"@type\":\"ImageObject\",\"inLanguage\":\"es-CO\",\"@id\":\"https:\/\/habitatamericas.com\/tiendacolombia\/#\/schema\/logo\/image\/\",\"url\":\"https:\/\/habitatamericas.com\/tiendacolombia\/wp-content\/uploads\/2024\/09\/logo-colombi.png\",\"contentUrl\":\"https:\/\/habitatamericas.com\/tiendacolombia\/wp-content\/uploads\/2024\/09\/logo-colombi.png\",\"width\":268,\"height\":106,\"caption\":\"Tienda H\u00e1bitat Colombia\"},\"image\":{\"@id\":\"https:\/\/habitatamericas.com\/tiendacolombia\/#\/schema\/logo\/image\/\"}}]}<\/script>\n<!-- \/ Yoast SEO plugin. -->","yoast_head_json":{"title":"Kit de empresario ESP 3, c\u00f3mpralo en la tienda de H\u00e1bitat","description":"Convi\u00e9rtete en cliente codificado y adem\u00e1s en consumidor inteligente comprando el Kit de empresario ESP 3, para que comiences a transformar tu vida","robots":{"index":"index","follow":"follow","max-snippet":"max-snippet:-1","max-image-preview":"max-image-preview:large","max-video-preview":"max-video-preview:-1"},"canonical":"https:\/\/habitatamericas.com\/tiendacolombia\/producto\/kit-de-empresario-esp-3\/","og_locale":"es_ES","og_type":"article","og_title":"Kit de empresario ESP 3, c\u00f3mpralo en la tienda de H\u00e1bitat","og_description":"Convi\u00e9rtete en cliente codificado y adem\u00e1s en consumidor inteligente comprando el Kit de empresario ESP 3, para que comiences a transformar tu vida","og_url":"https:\/\/habitatamericas.com\/tiendacolombia\/producto\/kit-de-empresario-esp-3\/","og_site_name":"Tienda H\u00e1bitat Colombia","article_modified_time":"2025-06-16T22:10:32+00:00","og_image":[{"width":500,"height":500,"url":"https:\/\/habitatamericas.com\/tiendacolombia\/wp-content\/uploads\/2023\/12\/Gano-Cafe-3-1-taza.jpg","type":"image\/jpeg"}],"twitter_card":"summary_large_image","twitter_misc":{"Tiempo de lectura":"1 minuto"},"schema":{"@context":"https:\/\/schema.org","@graph":[{"@type":"WebPage","@id":"https:\/\/habitatamericas.com\/tiendacolombia\/producto\/kit-de-empresario-esp-3\/","url":"https:\/\/habitatamericas.com\/tiendacolombia\/producto\/kit-de-empresario-esp-3\/","name":"Kit de empresario ESP 3, c\u00f3mpralo en la tienda de H\u00e1bitat","isPartOf":{"@id":"https:\/\/habitatamericas.com\/tiendacolombia\/#website"},"primaryImageOfPage":{"@id":"https:\/\/habitatamericas.com\/tiendacolombia\/producto\/kit-de-empresario-esp-3\/#primaryimage"},"image":{"@id":"https:\/\/habitatamericas.com\/tiendacolombia\/producto\/kit-de-empresario-esp-3\/#primaryimage"},"thumbnailUrl":"https:\/\/habitatamericas.com\/tiendacolombia\/wp-content\/uploads\/2023\/12\/Gano-Cafe-3-1-taza.jpg","datePublished":"2024-03-20T14:49:09+00:00","dateModified":"2025-06-16T22:10:32+00:00","description":"Convi\u00e9rtete en cliente codificado y adem\u00e1s en consumidor inteligente comprando el Kit de empresario ESP 3, para que comiences a transformar tu vida","breadcrumb":{"@id":"https:\/\/habitatamericas.com\/tiendacolombia\/producto\/kit-de-empresario-esp-3\/#breadcrumb"},"inLanguage":"es-CO","potentialAction":[{"@type":"ReadAction","target":["https:\/\/habitatamericas.com\/tiendacolombia\/producto\/kit-de-empresario-esp-3\/"]}]},{"@type":"ImageObject","inLanguage":"es-CO","@id":"https:\/\/habitatamericas.com\/tiendacolombia\/producto\/kit-de-empresario-esp-3\/#primaryimage","url":"https:\/\/habitatamericas.com\/tiendacolombia\/wp-content\/uploads\/2023\/12\/Gano-Cafe-3-1-taza.jpg","contentUrl":"https:\/\/habitatamericas.com\/tiendacolombia\/wp-content\/uploads\/2023\/12\/Gano-Cafe-3-1-taza.jpg","width":500,"height":500,"caption":"Extracto soluble de Ganoderma Lucidum de GanoExcel,"},{"@type":"BreadcrumbList","@id":"https:\/\/habitatamericas.com\/tiendacolombia\/producto\/kit-de-empresario-esp-3\/#breadcrumb","itemListElement":[{"@type":"ListItem","position":1,"name":"Inicio","item":"https:\/\/habitatamericas.com\/tiendacolombia\/"},{"@type":"ListItem","position":2,"name":"Shop","item":"https:\/\/habitatamericas.com\/tiendacolombia\/shop\/"},{"@type":"ListItem","position":3,"name":"Kit de empresario ESP 3"}]},{"@type":"WebSite","@id":"https:\/\/habitatamericas.com\/tiendacolombia\/#website","url":"https:\/\/habitatamericas.com\/tiendacolombia\/","name":"Tienda H\u00e1bitat Colombia","description":"\u00a1Estamos transformando vidas!","publisher":{"@id":"https:\/\/habitatamericas.com\/tiendacolombia\/#organization"},"potentialAction":[{"@type":"SearchAction","target":{"@type":"EntryPoint","urlTemplate":"https:\/\/habitatamericas.com\/tiendacolombia\/?s={search_term_string}"},"query-input":"required name=search_term_string"}],"inLanguage":"es-CO"},{"@type":"Organization","@id":"https:\/\/habitatamericas.com\/tiendacolombia\/#organization","name":"Tienda H\u00e1bitat Colombia","url":"https:\/\/habitatamericas.com\/tiendacolombia\/","logo":{"@type":"ImageObject","inLanguage":"es-CO","@id":"https:\/\/habitatamericas.com\/tiendacolombia\/#\/schema\/logo\/image\/","url":"https:\/\/habitatamericas.com\/tiendacolombia\/wp-content\/uploads\/2024\/09\/logo-colombi.png","contentUrl":"https:\/\/habitatamericas.com\/tiendacolombia\/wp-content\/uploads\/2024\/09\/logo-colombi.png","width":268,"height":106,"caption":"Tienda H\u00e1bitat Colombia"},"image":{"@id":"https:\/\/habitatamericas.com\/tiendacolombia\/#\/schema\/logo\/image\/"}}]}},"_links":{"self":[{"href":"https:\/\/habitatamericas.com\/tiendacolombia\/wp-json\/wp\/v2\/product\/5813"}],"collection":[{"href":"https:\/\/habitatamericas.com\/tiendacolombia\/wp-json\/wp\/v2\/product"}],"about":[{"href":"https:\/\/habitatamericas.com\/tiendacolombia\/wp-json\/wp\/v2\/types\/product"}],"wp:featuredmedia":[{"embeddable":true,"href":"https:\/\/habitatamericas.com\/tiendacolombia\/wp-json\/wp\/v2\/media\/22"}],"wp:attachment":[{"href":"https:\/\/habitatamericas.com\/tiendacolombia\/wp-json\/wp\/v2\/media?parent=5813"}],"wp:term":[{"taxonomy":"product_cat","embeddable":true,"href":"https:\/\/habitatamericas.com\/tiendacolombia\/wp-json\/wp\/v2\/product_cat?post=5813"},{"taxonomy":"product_tag","embeddable":true,"href":"https:\/\/habitatamericas.com\/tiendacolombia\/wp-json\/wp\/v2\/product_tag?post=5813"}],"curies":[{"name":"wp","href":"https:\/\/api.w.org\/{rel}","templated":true}]}}