{"id":5541,"date":"2023-12-15T02:51:50","date_gmt":"2023-12-15T07:51:50","guid":{"rendered":"http:\/\/tiendalat.coheteam.com\/?post_type=product&#038;p=5541"},"modified":"2025-06-16T12:58:23","modified_gmt":"2025-06-16T17:58:23","slug":"ganorico-latte-rico","status":"publish","type":"product","link":"https:\/\/habitatamericas.com\/tiendacolombia\/producto\/ganorico-latte-rico\/","title":{"rendered":"Ganorico Latte Rico"},"content":{"rendered":"<div>\n<h3 style=\"font-size: 35px; line-height: 35px; font-family: 'Rasputin'; color: #1a2d4e;\">Beneficios adicionales:<\/h3>\n<\/div>\n<div style=\"float: left; width: 60%;\">\n<ul style=\"font-size: 22px; line-height: 25px; font-weight: 400;\">\n<li>Fortalece las defensas del cuerpo. Brinda energ\u00eda.<\/li>\n<li>Mejora la circulaci\u00f3n sangu\u00ednea.<\/li>\n<li>Previene y ayuda en problemas digestivos como: gastritis, reflujo, estre\u00f1imiento, col\u00f3n, dolor estomacal, entre otros.<\/li>\n<li>Previene y ayuda en problemas hormonales como la tiroides.<\/li>\n<li>Funciona como un analg\u00e9sico natural, ayudando a disminuir el dolor (migra\u00f1as, dolores musculares, entre otros).<\/li>\n<\/ul>\n<\/div>\n<div style=\"float: left; width: 40%;\">\n<div style=\"margin-left: 20px; margin-right: 20px;\"><\/div>\n<p>&nbsp;<\/p>\n<\/div>\n<hr \/>\n<div class=\"cart\">\n<h3 style=\"font-size: 18px; line-height: 18px; font-weight: bold; color: #3da0d9;\">ESTE PRODUCTO ES UN SUPLEMENTO DIETARIO, NO ES UN MEDICAMENTO Y SE RECOMIENDA COMPLEMENTAR SU CONSUMO CON UNA DIETA EQUILIBRADA.<\/h3>\n<\/div>\n<hr \/>\n","protected":false},"excerpt":{"rendered":"<div style=\"background-color: #1a2d4e; padding: 20px; border-radius: 20px 0px 20px 0; margin-top: 20px;\">\n<h3 style=\"font-size: 30px; line-height: 35px; font-family: 'Rasputin'; color: #b4cb54;\">$ 119.900 &#8211; Valor cliente codificado<\/h3>\n<h3 style=\"font-size: 20px; line-height: 20px; font-weight: 500; color: #fff;\">Si deseas convertirte en cliente codificado y adem\u00e1s en consumidor inteligente, escr\u00edbenos y te ayudaremos a hacerlo desde la primera compra.<\/h3>\n<div style=\"float: right; margin-top: -10px;\"><a href=\"https:\/\/wa.me\/573242064854?text=Hola%2C%20estaba%20viendo%20el%20producto%20Ganorico%20Latte%20Rico%2C%20y%20quiero%20convertirme%20en%20cliente%20codificado\"> <img decoding=\"async\" class=\"alignnone size-full wp-image-5654\" src=\"http:\/\/habitatamericas.com\/tiendacolombia\/wp-content\/uploads\/2024\/08\/boton-escribenos.png\" alt=\"whatsapp\" width=\"200\" height=\"60\" \/><\/a><\/div>\n<\/div>\n<div style=\"font-size: 30px; line-height: 30px; padding-top: 40px; padding-bottom: 0px;font-family: 'Rasputin';\">\n<p><b><em style=\"margin-bottom: 0em;\"><b>\u00a1Una experiencia gourmet!<\/em><\/b><\/div>\n<div>\n<h3 style=\"font-size: 22px; line-height: 25px; font-weight: 400;\">Disfruta de la combinaci\u00f3n perfecta de caf\u00e9 gourmet, estilo Latte, con crema no l\u00e1ctea y sin az\u00facar, combinado con el toque incomparable de los componentes naturales y medicinales que tiene el extracto soluble de <strong>Ganoderma Lucidum de Gano Excel<\/strong>, lo cual cataloga a esta bebida deliciosa como el primer caf\u00e9 que brinda salud y bienestar a las personas.<br \/>\nTodas las condiciones de acidez asociadas al caf\u00e9 son contrarrestadas de manera efectiva por los poderosos alcaloides contenidos en el <strong>Ganoderma Lucidum<\/strong>; por lo tanto, es el \u00fanico caf\u00e9 recomendado para personas que sufren de problemas g\u00e1stricos, presi\u00f3n arterial, c\u00e1ncer, etc.<\/h3>\n<\/div>\n<div><img decoding=\"async\" class=\"alignnone size-full wp-image-5732\" src=\"http:\/\/habitatamericas.com\/tiendacolombia\/wp-content\/uploads\/2024\/05\/info-latte.png\" alt=\"Contenido y preparaci\u00f3n Latte Rico\" \/><br \/>\n<img decoding=\"async\" class=\"alignnone size-full wp-image-5679\" src=\"http:\/\/habitatamericas.com\/tiendacolombia\/wp-content\/uploads\/2024\/05\/sellos-3-1-actualizados-1.png\" alt=\"Certificaciones\" \/><\/p>\n<h3 style=\"font-size: 22px; line-height: 25px; font-weight: 400;\"><strong>Registro Sanitario INVIMA No. NSA-0010760-2021<\/strong><\/h3>\n<\/div>\n","protected":false},"featured_media":5570,"template":"","meta":{"site-sidebar-layout":"default","site-content-layout":"","ast-site-content-layout":"default","site-content-style":"default","site-sidebar-style":"default","ast-global-header-display":"","ast-banner-title-visibility":"","ast-main-header-display":"","ast-hfb-above-header-display":"","ast-hfb-below-header-display":"","ast-hfb-mobile-header-display":"","site-post-title":"","ast-breadcrumbs-content":"","ast-featured-img":"","footer-sml-layout":"","theme-transparent-header-meta":"default","adv-header-id-meta":"","stick-header-meta":"","header-above-stick-meta":"","header-main-stick-meta":"","header-below-stick-meta":"","astra-migrate-meta-layouts":"set","ast-page-background-enabled":"default","ast-page-background-meta":{"desktop":{"background-color":"","background-image":"","background-repeat":"repeat","background-position":"center center","background-size":"auto","background-attachment":"scroll","background-type":"","background-media":"","overlay-type":"","overlay-color":"","overlay-gradient":""},"tablet":{"background-color":"","background-image":"","background-repeat":"repeat","background-position":"center center","background-size":"auto","background-attachment":"scroll","background-type":"","background-media":"","overlay-type":"","overlay-color":"","overlay-gradient":""},"mobile":{"background-color":"","background-image":"","background-repeat":"repeat","background-position":"center center","background-size":"auto","background-attachment":"scroll","background-type":"","background-media":"","overlay-type":"","overlay-color":"","overlay-gradient":""}},"ast-content-background-meta":{"desktop":{"background-color":"var(--ast-global-color-5)","background-image":"","background-repeat":"repeat","background-position":"center center","background-size":"auto","background-attachment":"scroll","background-type":"","background-media":"","overlay-type":"","overlay-color":"","overlay-gradient":""},"tablet":{"background-color":"var(--ast-global-color-5)","background-image":"","background-repeat":"repeat","background-position":"center center","background-size":"auto","background-attachment":"scroll","background-type":"","background-media":"","overlay-type":"","overlay-color":"","overlay-gradient":""},"mobile":{"background-color":"var(--ast-global-color-5)","background-image":"","background-repeat":"repeat","background-position":"center center","background-size":"auto","background-attachment":"scroll","background-type":"","background-media":"","overlay-type":"","overlay-color":"","overlay-gradient":""}}},"product_cat":[77],"product_tag":[71,70,72,96,104,62,61],"class_list":{"0":"post-5541","1":"product","2":"type-product","3":"status-publish","4":"has-post-thumbnail","6":"product_cat-bebidas-y-alimentos-funcionales","7":"product_tag-betaglucanos","8":"product_tag-cafe","9":"product_tag-crema-no-lactea","10":"product_tag-ganorico-latte","11":"product_tag-ganorico-latte-rico","12":"product_tag-latte","13":"product_tag-latte-rico","14":"desktop-align-center","15":"tablet-align-center","16":"mobile-align-center","18":"first","19":"instock","20":"featured","21":"shipping-taxable","22":"purchasable","23":"product-type-simple"},"yoast_head":"<!-- This site is optimized with the Yoast SEO plugin v23.2 - https:\/\/yoast.com\/wordpress\/plugins\/seo\/ -->\n<title>Ganorico Latte Rico \u00a1Una experiencia gourmet!<\/title>\n<meta name=\"description\" content=\"Disfruta de la combinaci\u00f3n perfecta de caf\u00e9 gourmet, estilo Latte, con crema no l\u00e1ctea y sin az\u00facar, con el toque del extracto de Ganoderma Lucidum\" \/>\n<meta name=\"robots\" content=\"index, follow, max-snippet:-1, max-image-preview:large, max-video-preview:-1\" \/>\n<link rel=\"canonical\" href=\"https:\/\/habitatamericas.com\/tiendacolombia\/producto\/ganorico-latte-rico\/\" \/>\n<meta property=\"og:locale\" content=\"es_ES\" \/>\n<meta property=\"og:type\" content=\"article\" \/>\n<meta property=\"og:title\" content=\"Ganorico Latte Rico \u00a1Una experiencia gourmet!\" \/>\n<meta property=\"og:description\" content=\"Disfruta de la combinaci\u00f3n perfecta de caf\u00e9 gourmet, estilo Latte, con crema no l\u00e1ctea y sin az\u00facar, con el toque del extracto de Ganoderma Lucidum\" \/>\n<meta property=\"og:url\" content=\"https:\/\/habitatamericas.com\/tiendacolombia\/producto\/ganorico-latte-rico\/\" \/>\n<meta property=\"og:site_name\" content=\"Tienda H\u00e1bitat Colombia\" \/>\n<meta property=\"article:modified_time\" content=\"2025-06-16T17:58:23+00:00\" \/>\n<meta property=\"og:image\" content=\"https:\/\/habitatamericas.com\/tiendacolombia\/wp-content\/uploads\/2023\/12\/Latte-Presentacion.jpg\" \/>\n\t<meta property=\"og:image:width\" content=\"500\" \/>\n\t<meta property=\"og:image:height\" content=\"500\" \/>\n\t<meta property=\"og:image:type\" content=\"image\/jpeg\" \/>\n<meta name=\"twitter:card\" content=\"summary_large_image\" \/>\n<meta name=\"twitter:label1\" content=\"Tiempo de lectura\" \/>\n\t<meta name=\"twitter:data1\" content=\"1 minuto\" \/>\n<script type=\"application\/ld+json\" class=\"yoast-schema-graph\">{\"@context\":\"https:\/\/schema.org\",\"@graph\":[{\"@type\":\"WebPage\",\"@id\":\"https:\/\/habitatamericas.com\/tiendacolombia\/producto\/ganorico-latte-rico\/\",\"url\":\"https:\/\/habitatamericas.com\/tiendacolombia\/producto\/ganorico-latte-rico\/\",\"name\":\"Ganorico Latte Rico \u00a1Una experiencia gourmet!\",\"isPartOf\":{\"@id\":\"https:\/\/habitatamericas.com\/tiendacolombia\/#website\"},\"primaryImageOfPage\":{\"@id\":\"https:\/\/habitatamericas.com\/tiendacolombia\/producto\/ganorico-latte-rico\/#primaryimage\"},\"image\":{\"@id\":\"https:\/\/habitatamericas.com\/tiendacolombia\/producto\/ganorico-latte-rico\/#primaryimage\"},\"thumbnailUrl\":\"https:\/\/habitatamericas.com\/tiendacolombia\/wp-content\/uploads\/2023\/12\/Latte-Presentacion.jpg\",\"datePublished\":\"2023-12-15T07:51:50+00:00\",\"dateModified\":\"2025-06-16T17:58:23+00:00\",\"description\":\"Disfruta de la combinaci\u00f3n perfecta de caf\u00e9 gourmet, estilo Latte, con crema no l\u00e1ctea y sin az\u00facar, con el toque del extracto de Ganoderma Lucidum\",\"breadcrumb\":{\"@id\":\"https:\/\/habitatamericas.com\/tiendacolombia\/producto\/ganorico-latte-rico\/#breadcrumb\"},\"inLanguage\":\"es-CO\",\"potentialAction\":[{\"@type\":\"ReadAction\",\"target\":[\"https:\/\/habitatamericas.com\/tiendacolombia\/producto\/ganorico-latte-rico\/\"]}]},{\"@type\":\"ImageObject\",\"inLanguage\":\"es-CO\",\"@id\":\"https:\/\/habitatamericas.com\/tiendacolombia\/producto\/ganorico-latte-rico\/#primaryimage\",\"url\":\"https:\/\/habitatamericas.com\/tiendacolombia\/wp-content\/uploads\/2023\/12\/Latte-Presentacion.jpg\",\"contentUrl\":\"https:\/\/habitatamericas.com\/tiendacolombia\/wp-content\/uploads\/2023\/12\/Latte-Presentacion.jpg\",\"width\":500,\"height\":500,\"caption\":\"Latte Rico, caf\u00e9\"},{\"@type\":\"BreadcrumbList\",\"@id\":\"https:\/\/habitatamericas.com\/tiendacolombia\/producto\/ganorico-latte-rico\/#breadcrumb\",\"itemListElement\":[{\"@type\":\"ListItem\",\"position\":1,\"name\":\"Inicio\",\"item\":\"https:\/\/habitatamericas.com\/tiendacolombia\/\"},{\"@type\":\"ListItem\",\"position\":2,\"name\":\"Shop\",\"item\":\"https:\/\/habitatamericas.com\/tiendacolombia\/shop\/\"},{\"@type\":\"ListItem\",\"position\":3,\"name\":\"Ganorico Latte Rico\"}]},{\"@type\":\"WebSite\",\"@id\":\"https:\/\/habitatamericas.com\/tiendacolombia\/#website\",\"url\":\"https:\/\/habitatamericas.com\/tiendacolombia\/\",\"name\":\"Tienda H\u00e1bitat Colombia\",\"description\":\"\u00a1Estamos transformando vidas!\",\"publisher\":{\"@id\":\"https:\/\/habitatamericas.com\/tiendacolombia\/#organization\"},\"potentialAction\":[{\"@type\":\"SearchAction\",\"target\":{\"@type\":\"EntryPoint\",\"urlTemplate\":\"https:\/\/habitatamericas.com\/tiendacolombia\/?s={search_term_string}\"},\"query-input\":\"required name=search_term_string\"}],\"inLanguage\":\"es-CO\"},{\"@type\":\"Organization\",\"@id\":\"https:\/\/habitatamericas.com\/tiendacolombia\/#organization\",\"name\":\"Tienda H\u00e1bitat Colombia\",\"url\":\"https:\/\/habitatamericas.com\/tiendacolombia\/\",\"logo\":{\"@type\":\"ImageObject\",\"inLanguage\":\"es-CO\",\"@id\":\"https:\/\/habitatamericas.com\/tiendacolombia\/#\/schema\/logo\/image\/\",\"url\":\"https:\/\/habitatamericas.com\/tiendacolombia\/wp-content\/uploads\/2024\/09\/logo-colombi.png\",\"contentUrl\":\"https:\/\/habitatamericas.com\/tiendacolombia\/wp-content\/uploads\/2024\/09\/logo-colombi.png\",\"width\":268,\"height\":106,\"caption\":\"Tienda H\u00e1bitat Colombia\"},\"image\":{\"@id\":\"https:\/\/habitatamericas.com\/tiendacolombia\/#\/schema\/logo\/image\/\"}}]}<\/script>\n<!-- \/ Yoast SEO plugin. -->","yoast_head_json":{"title":"Ganorico Latte Rico \u00a1Una experiencia gourmet!","description":"Disfruta de la combinaci\u00f3n perfecta de caf\u00e9 gourmet, estilo Latte, con crema no l\u00e1ctea y sin az\u00facar, con el toque del extracto de Ganoderma Lucidum","robots":{"index":"index","follow":"follow","max-snippet":"max-snippet:-1","max-image-preview":"max-image-preview:large","max-video-preview":"max-video-preview:-1"},"canonical":"https:\/\/habitatamericas.com\/tiendacolombia\/producto\/ganorico-latte-rico\/","og_locale":"es_ES","og_type":"article","og_title":"Ganorico Latte Rico \u00a1Una experiencia gourmet!","og_description":"Disfruta de la combinaci\u00f3n perfecta de caf\u00e9 gourmet, estilo Latte, con crema no l\u00e1ctea y sin az\u00facar, con el toque del extracto de Ganoderma Lucidum","og_url":"https:\/\/habitatamericas.com\/tiendacolombia\/producto\/ganorico-latte-rico\/","og_site_name":"Tienda H\u00e1bitat Colombia","article_modified_time":"2025-06-16T17:58:23+00:00","og_image":[{"width":500,"height":500,"url":"https:\/\/habitatamericas.com\/tiendacolombia\/wp-content\/uploads\/2023\/12\/Latte-Presentacion.jpg","type":"image\/jpeg"}],"twitter_card":"summary_large_image","twitter_misc":{"Tiempo de lectura":"1 minuto"},"schema":{"@context":"https:\/\/schema.org","@graph":[{"@type":"WebPage","@id":"https:\/\/habitatamericas.com\/tiendacolombia\/producto\/ganorico-latte-rico\/","url":"https:\/\/habitatamericas.com\/tiendacolombia\/producto\/ganorico-latte-rico\/","name":"Ganorico Latte Rico \u00a1Una experiencia gourmet!","isPartOf":{"@id":"https:\/\/habitatamericas.com\/tiendacolombia\/#website"},"primaryImageOfPage":{"@id":"https:\/\/habitatamericas.com\/tiendacolombia\/producto\/ganorico-latte-rico\/#primaryimage"},"image":{"@id":"https:\/\/habitatamericas.com\/tiendacolombia\/producto\/ganorico-latte-rico\/#primaryimage"},"thumbnailUrl":"https:\/\/habitatamericas.com\/tiendacolombia\/wp-content\/uploads\/2023\/12\/Latte-Presentacion.jpg","datePublished":"2023-12-15T07:51:50+00:00","dateModified":"2025-06-16T17:58:23+00:00","description":"Disfruta de la combinaci\u00f3n perfecta de caf\u00e9 gourmet, estilo Latte, con crema no l\u00e1ctea y sin az\u00facar, con el toque del extracto de Ganoderma Lucidum","breadcrumb":{"@id":"https:\/\/habitatamericas.com\/tiendacolombia\/producto\/ganorico-latte-rico\/#breadcrumb"},"inLanguage":"es-CO","potentialAction":[{"@type":"ReadAction","target":["https:\/\/habitatamericas.com\/tiendacolombia\/producto\/ganorico-latte-rico\/"]}]},{"@type":"ImageObject","inLanguage":"es-CO","@id":"https:\/\/habitatamericas.com\/tiendacolombia\/producto\/ganorico-latte-rico\/#primaryimage","url":"https:\/\/habitatamericas.com\/tiendacolombia\/wp-content\/uploads\/2023\/12\/Latte-Presentacion.jpg","contentUrl":"https:\/\/habitatamericas.com\/tiendacolombia\/wp-content\/uploads\/2023\/12\/Latte-Presentacion.jpg","width":500,"height":500,"caption":"Latte Rico, caf\u00e9"},{"@type":"BreadcrumbList","@id":"https:\/\/habitatamericas.com\/tiendacolombia\/producto\/ganorico-latte-rico\/#breadcrumb","itemListElement":[{"@type":"ListItem","position":1,"name":"Inicio","item":"https:\/\/habitatamericas.com\/tiendacolombia\/"},{"@type":"ListItem","position":2,"name":"Shop","item":"https:\/\/habitatamericas.com\/tiendacolombia\/shop\/"},{"@type":"ListItem","position":3,"name":"Ganorico Latte Rico"}]},{"@type":"WebSite","@id":"https:\/\/habitatamericas.com\/tiendacolombia\/#website","url":"https:\/\/habitatamericas.com\/tiendacolombia\/","name":"Tienda H\u00e1bitat Colombia","description":"\u00a1Estamos transformando vidas!","publisher":{"@id":"https:\/\/habitatamericas.com\/tiendacolombia\/#organization"},"potentialAction":[{"@type":"SearchAction","target":{"@type":"EntryPoint","urlTemplate":"https:\/\/habitatamericas.com\/tiendacolombia\/?s={search_term_string}"},"query-input":"required name=search_term_string"}],"inLanguage":"es-CO"},{"@type":"Organization","@id":"https:\/\/habitatamericas.com\/tiendacolombia\/#organization","name":"Tienda H\u00e1bitat Colombia","url":"https:\/\/habitatamericas.com\/tiendacolombia\/","logo":{"@type":"ImageObject","inLanguage":"es-CO","@id":"https:\/\/habitatamericas.com\/tiendacolombia\/#\/schema\/logo\/image\/","url":"https:\/\/habitatamericas.com\/tiendacolombia\/wp-content\/uploads\/2024\/09\/logo-colombi.png","contentUrl":"https:\/\/habitatamericas.com\/tiendacolombia\/wp-content\/uploads\/2024\/09\/logo-colombi.png","width":268,"height":106,"caption":"Tienda H\u00e1bitat Colombia"},"image":{"@id":"https:\/\/habitatamericas.com\/tiendacolombia\/#\/schema\/logo\/image\/"}}]}},"_links":{"self":[{"href":"https:\/\/habitatamericas.com\/tiendacolombia\/wp-json\/wp\/v2\/product\/5541"}],"collection":[{"href":"https:\/\/habitatamericas.com\/tiendacolombia\/wp-json\/wp\/v2\/product"}],"about":[{"href":"https:\/\/habitatamericas.com\/tiendacolombia\/wp-json\/wp\/v2\/types\/product"}],"wp:featuredmedia":[{"embeddable":true,"href":"https:\/\/habitatamericas.com\/tiendacolombia\/wp-json\/wp\/v2\/media\/5570"}],"wp:attachment":[{"href":"https:\/\/habitatamericas.com\/tiendacolombia\/wp-json\/wp\/v2\/media?parent=5541"}],"wp:term":[{"taxonomy":"product_cat","embeddable":true,"href":"https:\/\/habitatamericas.com\/tiendacolombia\/wp-json\/wp\/v2\/product_cat?post=5541"},{"taxonomy":"product_tag","embeddable":true,"href":"https:\/\/habitatamericas.com\/tiendacolombia\/wp-json\/wp\/v2\/product_tag?post=5541"}],"curies":[{"name":"wp","href":"https:\/\/api.w.org\/{rel}","templated":true}]}}