{"id":5537,"date":"2023-12-14T17:52:51","date_gmt":"2023-12-14T22:52:51","guid":{"rendered":"http:\/\/tiendalat.coheteam.com\/?post_type=product&#038;p=5537"},"modified":"2025-06-16T16:33:00","modified_gmt":"2025-06-16T21:33:00","slug":"ganoderma-capsulas","status":"publish","type":"product","link":"https:\/\/habitatamericas.com\/tiendacolombia\/producto\/ganoderma-capsulas\/","title":{"rendered":"Ganoderma C\u00e1psulas"},"content":{"rendered":"<div>\n<h3 style=\"font-size: 35px; line-height: 35px; font-family: 'Rasputin'; color: #1a2d4e;\">Beneficios:<\/h3>\n<\/div>\n<div style=\"float: left; width: 70%;\">\n<ul style=\"font-size: 22px; line-height: 25px; font-weight: 400;\">\n<li>Fortalece las defensas del cuerpo. Brinda energ\u00eda.<\/li>\n<li>Previene y ayuda en enfermedades como: lupus, artritis reumatoidea, esclerosis, entre otras.<\/li>\n<li>Mejora la circulaci\u00f3n sangu\u00ednea.<\/li>\n<li>Mejora el rendimiento del sistema digestivo. Previene y ayuda en problemas como: gastritis, \u00falceras g\u00e1stricas, colon, dolor estomacal, entre otros.<\/li>\n<li>Recomendado para la prevenci\u00f3n y tratamiento del c\u00e1ncer. <\/li>\n<\/ul>\n<\/div>\n<div style=\"float: left; width: 30%;\">\n<div style=\"margin-left: 20px; margin-right: 20px;\"><img decoding=\"async\" class=\"alignnone size-full wp-image-5762\" src=\"http:\/\/habitatamericas.com\/tiendacolombia\/wp-content\/uploads\/2024\/03\/slogan-ganoderma.png\" alt=\"\" width=\"300\" height=\"143\" \/><\/div>\n<\/div>\n<div class=\"cart\">\n<h3 style=\"font-size: 18px; line-height: 15px; font-weight: bold; color: #3da0d9;\">ESTE PRODUCTO ES UN SUPLEMENTO DIETARIO, NO ES UN MEDICAMENTO Y SE RECOMIENDA COMPLEMENTAR SU CONSUMO CON UNA DIETA EQUILIBRADA<\/h3>\n<\/div>\n<hr \/>\n","protected":false},"excerpt":{"rendered":"\n<div style=\"background-color: #1a2d4e; padding: 20px; border-radius: 20px 0px 20px 0; margin-top: 20px;\">\n<h3 style=\"font-size: 30px; line-height: 35px; font-family: 'Rasputin'; color: #b4cb54;\">$ 272.500 &#8211; Valor cliente codificado<\/h3>\n<h3 style=\"font-size: 20px; line-height: 20px; font-weight: 500; color: #fff;\">Si deseas convertirte en cliente codificado y adem\u00e1s en consumidor inteligente, escr\u00edbenos y te ayudaremos a hacerlo desde la primera compra.<\/h3>\n<div style=\"float: right; margin-top: -10px;\"><a href=\"https:\/\/wa.me\/573242064854?text=Hola%2C%20estaba%20viendo%20el%20producto%20Ganoderma%20C%C3%A1psulas%20y%20quiero%20convertirme%20en%20cliente%20codificado\"> <img decoding=\"async\" class=\"alignnone size-full wp-image-5654\" src=\"http:\/\/habitatamericas.com\/tiendacolombia\/wp-content\/uploads\/2024\/08\/boton-escribenos.png\" alt=\"whatsapp\" width=\"200\" height=\"60\" \/><\/a><\/div>\n<\/p><\/div>\n<div style=\"font-size: 30px; padding-top: 20px; padding-bottom: 20px; font-family: 'Rasputin';\"><b><em>\u00a1Revitaliza tu Cuerpo!<\/em><\/b><\/div>\n<div style=\"width: 100%;\">\n<h3 style=\"font-size: 22px; line-height: 25px; font-weight: 400;\">Exclusivo suplemento a partir del <strong>Ganoderma Lucidum de Gano Excel<\/strong> en su etapa m\u00e1s madura.<br \/>\nEl extracto puro y soluble en mayor concentraci\u00f3n de los componentes naturales y medicinales del <strong>Ganoderma Lucidum<\/strong> presentes en las c\u00e1psulas, ayuda a hacer un proceso m\u00e1s acelerado de nutrici\u00f3n, des intoxicaci\u00f3n natural y regeneraci\u00f3n a nivel celular, fortaleciendo el sistema inmunol\u00f3gico, el sistema circulatorio y contribuyendo a un rendimiento \u00f3ptimo de todo el organismo para tener una evoluci\u00f3n terap\u00e9utica positiva m\u00e1s contundente en la prevenci\u00f3n, disminuci\u00f3n y\/o regulaci\u00f3n de diferentes enfermedades tanto leves como principalmente enfermedades cr\u00f3nicas.<\/h3>\n<\/div>\n<div><img decoding=\"async\" class=\"alignnone size-full wp-image-5763\" src=\"http:\/\/habitatamericas.com\/tiendacolombia\/wp-content\/uploads\/2024\/05\/info-capsulas-ganoderma.png\" alt=\"informaci\u00f3n c\u00e1psulas ganoderma\" \/><br \/>\n<img decoding=\"async\" class=\"alignnone size-full wp-image-5631\" src=\"http:\/\/habitatamericas.com\/tiendacolombia\/wp-content\/uploads\/2024\/05\/sellos-3-1-actualizados-1.png\" alt=\"Certificados c\u00e1psulas de Ganoderma\" width=\"300\" height=\"81\" \/><\/div>\n<div style=\"font-size: 20px; padding-top: 20px; padding-bottom: 20px;\"><strong>Registro Sanitario INVIMA No. SD2014-0003368<\/strong><\/div>\n","protected":false},"featured_media":5561,"template":"","meta":{"site-sidebar-layout":"default","site-content-layout":"","ast-site-content-layout":"default","site-content-style":"default","site-sidebar-style":"default","ast-global-header-display":"","ast-banner-title-visibility":"","ast-main-header-display":"","ast-hfb-above-header-display":"","ast-hfb-below-header-display":"","ast-hfb-mobile-header-display":"","site-post-title":"","ast-breadcrumbs-content":"","ast-featured-img":"","footer-sml-layout":"","theme-transparent-header-meta":"default","adv-header-id-meta":"","stick-header-meta":"","header-above-stick-meta":"","header-main-stick-meta":"","header-below-stick-meta":"","astra-migrate-meta-layouts":"set","ast-page-background-enabled":"default","ast-page-background-meta":{"desktop":{"background-color":"","background-image":"","background-repeat":"repeat","background-position":"center center","background-size":"auto","background-attachment":"scroll","background-type":"","background-media":"","overlay-type":"","overlay-color":"","overlay-gradient":""},"tablet":{"background-color":"","background-image":"","background-repeat":"repeat","background-position":"center center","background-size":"auto","background-attachment":"scroll","background-type":"","background-media":"","overlay-type":"","overlay-color":"","overlay-gradient":""},"mobile":{"background-color":"","background-image":"","background-repeat":"repeat","background-position":"center center","background-size":"auto","background-attachment":"scroll","background-type":"","background-media":"","overlay-type":"","overlay-color":"","overlay-gradient":""}},"ast-content-background-meta":{"desktop":{"background-color":"var(--ast-global-color-5)","background-image":"","background-repeat":"repeat","background-position":"center center","background-size":"auto","background-attachment":"scroll","background-type":"","background-media":"","overlay-type":"","overlay-color":"","overlay-gradient":""},"tablet":{"background-color":"var(--ast-global-color-5)","background-image":"","background-repeat":"repeat","background-position":"center center","background-size":"auto","background-attachment":"scroll","background-type":"","background-media":"","overlay-type":"","overlay-color":"","overlay-gradient":""},"mobile":{"background-color":"var(--ast-global-color-5)","background-image":"","background-repeat":"repeat","background-position":"center center","background-size":"auto","background-attachment":"scroll","background-type":"","background-media":"","overlay-type":"","overlay-color":"","overlay-gradient":""}}},"product_cat":[76],"product_tag":[57,58,122],"class_list":{"0":"post-5537","1":"product","2":"type-product","3":"status-publish","4":"has-post-thumbnail","6":"product_cat-suplementos","7":"product_tag-capsulas","8":"product_tag-ganoderma","9":"product_tag-ganoderma-capsulas","10":"desktop-align-center","11":"tablet-align-center","12":"mobile-align-center","14":"first","15":"instock","16":"featured","17":"shipping-taxable","18":"purchasable","19":"product-type-simple"},"yoast_head":"<!-- This site is optimized with the Yoast SEO plugin v23.2 - https:\/\/yoast.com\/wordpress\/plugins\/seo\/ -->\n<title>Ganoderma C\u00e1psulas, c\u00f3mpralo en la tienda de H\u00e1bitat<\/title>\n<meta name=\"description\" content=\"Exclusivo suplemento a partir del Ganoderma Lucidum de Gano Excel en su etapa m\u00e1s madura. Ayuda a hacer un proceso m\u00e1s acelerado de nutrici\u00f3n.\" \/>\n<meta name=\"robots\" content=\"index, follow, max-snippet:-1, max-image-preview:large, max-video-preview:-1\" \/>\n<link rel=\"canonical\" href=\"https:\/\/habitatamericas.com\/tiendacolombia\/producto\/ganoderma-capsulas\/\" \/>\n<meta property=\"og:locale\" content=\"es_ES\" \/>\n<meta property=\"og:type\" content=\"article\" \/>\n<meta property=\"og:title\" content=\"Ganoderma C\u00e1psulas, c\u00f3mpralo en la tienda de H\u00e1bitat\" \/>\n<meta property=\"og:description\" content=\"Exclusivo suplemento a partir del Ganoderma Lucidum de Gano Excel en su etapa m\u00e1s madura. Ayuda a hacer un proceso m\u00e1s acelerado de nutrici\u00f3n.\" \/>\n<meta property=\"og:url\" content=\"https:\/\/habitatamericas.com\/tiendacolombia\/producto\/ganoderma-capsulas\/\" \/>\n<meta property=\"og:site_name\" content=\"Tienda H\u00e1bitat Colombia\" \/>\n<meta property=\"article:modified_time\" content=\"2025-06-16T21:33:00+00:00\" \/>\n<meta property=\"og:image\" content=\"https:\/\/habitatamericas.com\/tiendacolombia\/wp-content\/uploads\/2023\/12\/Capsulas-Ganoderma-Presentacion.jpg\" \/>\n\t<meta property=\"og:image:width\" content=\"500\" \/>\n\t<meta property=\"og:image:height\" content=\"500\" \/>\n\t<meta property=\"og:image:type\" content=\"image\/jpeg\" \/>\n<meta name=\"twitter:card\" content=\"summary_large_image\" \/>\n<meta name=\"twitter:label1\" content=\"Tiempo de lectura\" \/>\n\t<meta name=\"twitter:data1\" content=\"1 minuto\" \/>\n<script type=\"application\/ld+json\" class=\"yoast-schema-graph\">{\"@context\":\"https:\/\/schema.org\",\"@graph\":[{\"@type\":\"WebPage\",\"@id\":\"https:\/\/habitatamericas.com\/tiendacolombia\/producto\/ganoderma-capsulas\/\",\"url\":\"https:\/\/habitatamericas.com\/tiendacolombia\/producto\/ganoderma-capsulas\/\",\"name\":\"Ganoderma C\u00e1psulas, c\u00f3mpralo en la tienda de H\u00e1bitat\",\"isPartOf\":{\"@id\":\"https:\/\/habitatamericas.com\/tiendacolombia\/#website\"},\"primaryImageOfPage\":{\"@id\":\"https:\/\/habitatamericas.com\/tiendacolombia\/producto\/ganoderma-capsulas\/#primaryimage\"},\"image\":{\"@id\":\"https:\/\/habitatamericas.com\/tiendacolombia\/producto\/ganoderma-capsulas\/#primaryimage\"},\"thumbnailUrl\":\"https:\/\/habitatamericas.com\/tiendacolombia\/wp-content\/uploads\/2023\/12\/Capsulas-Ganoderma-Presentacion.jpg\",\"datePublished\":\"2023-12-14T22:52:51+00:00\",\"dateModified\":\"2025-06-16T21:33:00+00:00\",\"description\":\"Exclusivo suplemento a partir del Ganoderma Lucidum de Gano Excel en su etapa m\u00e1s madura. Ayuda a hacer un proceso m\u00e1s acelerado de nutrici\u00f3n.\",\"breadcrumb\":{\"@id\":\"https:\/\/habitatamericas.com\/tiendacolombia\/producto\/ganoderma-capsulas\/#breadcrumb\"},\"inLanguage\":\"es-CO\",\"potentialAction\":[{\"@type\":\"ReadAction\",\"target\":[\"https:\/\/habitatamericas.com\/tiendacolombia\/producto\/ganoderma-capsulas\/\"]}]},{\"@type\":\"ImageObject\",\"inLanguage\":\"es-CO\",\"@id\":\"https:\/\/habitatamericas.com\/tiendacolombia\/producto\/ganoderma-capsulas\/#primaryimage\",\"url\":\"https:\/\/habitatamericas.com\/tiendacolombia\/wp-content\/uploads\/2023\/12\/Capsulas-Ganoderma-Presentacion.jpg\",\"contentUrl\":\"https:\/\/habitatamericas.com\/tiendacolombia\/wp-content\/uploads\/2023\/12\/Capsulas-Ganoderma-Presentacion.jpg\",\"width\":500,\"height\":500,\"caption\":\"C\u00e1psulas Ganoderma\"},{\"@type\":\"BreadcrumbList\",\"@id\":\"https:\/\/habitatamericas.com\/tiendacolombia\/producto\/ganoderma-capsulas\/#breadcrumb\",\"itemListElement\":[{\"@type\":\"ListItem\",\"position\":1,\"name\":\"Inicio\",\"item\":\"https:\/\/habitatamericas.com\/tiendacolombia\/\"},{\"@type\":\"ListItem\",\"position\":2,\"name\":\"Shop\",\"item\":\"https:\/\/habitatamericas.com\/tiendacolombia\/shop\/\"},{\"@type\":\"ListItem\",\"position\":3,\"name\":\"Ganoderma C\u00e1psulas\"}]},{\"@type\":\"WebSite\",\"@id\":\"https:\/\/habitatamericas.com\/tiendacolombia\/#website\",\"url\":\"https:\/\/habitatamericas.com\/tiendacolombia\/\",\"name\":\"Tienda H\u00e1bitat Colombia\",\"description\":\"\u00a1Estamos transformando vidas!\",\"publisher\":{\"@id\":\"https:\/\/habitatamericas.com\/tiendacolombia\/#organization\"},\"potentialAction\":[{\"@type\":\"SearchAction\",\"target\":{\"@type\":\"EntryPoint\",\"urlTemplate\":\"https:\/\/habitatamericas.com\/tiendacolombia\/?s={search_term_string}\"},\"query-input\":\"required name=search_term_string\"}],\"inLanguage\":\"es-CO\"},{\"@type\":\"Organization\",\"@id\":\"https:\/\/habitatamericas.com\/tiendacolombia\/#organization\",\"name\":\"Tienda H\u00e1bitat Colombia\",\"url\":\"https:\/\/habitatamericas.com\/tiendacolombia\/\",\"logo\":{\"@type\":\"ImageObject\",\"inLanguage\":\"es-CO\",\"@id\":\"https:\/\/habitatamericas.com\/tiendacolombia\/#\/schema\/logo\/image\/\",\"url\":\"https:\/\/habitatamericas.com\/tiendacolombia\/wp-content\/uploads\/2024\/09\/logo-colombi.png\",\"contentUrl\":\"https:\/\/habitatamericas.com\/tiendacolombia\/wp-content\/uploads\/2024\/09\/logo-colombi.png\",\"width\":268,\"height\":106,\"caption\":\"Tienda H\u00e1bitat Colombia\"},\"image\":{\"@id\":\"https:\/\/habitatamericas.com\/tiendacolombia\/#\/schema\/logo\/image\/\"}}]}<\/script>\n<!-- \/ Yoast SEO plugin. -->","yoast_head_json":{"title":"Ganoderma C\u00e1psulas, c\u00f3mpralo en la tienda de H\u00e1bitat","description":"Exclusivo suplemento a partir del Ganoderma Lucidum de Gano Excel en su etapa m\u00e1s madura. Ayuda a hacer un proceso m\u00e1s acelerado de nutrici\u00f3n.","robots":{"index":"index","follow":"follow","max-snippet":"max-snippet:-1","max-image-preview":"max-image-preview:large","max-video-preview":"max-video-preview:-1"},"canonical":"https:\/\/habitatamericas.com\/tiendacolombia\/producto\/ganoderma-capsulas\/","og_locale":"es_ES","og_type":"article","og_title":"Ganoderma C\u00e1psulas, c\u00f3mpralo en la tienda de H\u00e1bitat","og_description":"Exclusivo suplemento a partir del Ganoderma Lucidum de Gano Excel en su etapa m\u00e1s madura. Ayuda a hacer un proceso m\u00e1s acelerado de nutrici\u00f3n.","og_url":"https:\/\/habitatamericas.com\/tiendacolombia\/producto\/ganoderma-capsulas\/","og_site_name":"Tienda H\u00e1bitat Colombia","article_modified_time":"2025-06-16T21:33:00+00:00","og_image":[{"width":500,"height":500,"url":"https:\/\/habitatamericas.com\/tiendacolombia\/wp-content\/uploads\/2023\/12\/Capsulas-Ganoderma-Presentacion.jpg","type":"image\/jpeg"}],"twitter_card":"summary_large_image","twitter_misc":{"Tiempo de lectura":"1 minuto"},"schema":{"@context":"https:\/\/schema.org","@graph":[{"@type":"WebPage","@id":"https:\/\/habitatamericas.com\/tiendacolombia\/producto\/ganoderma-capsulas\/","url":"https:\/\/habitatamericas.com\/tiendacolombia\/producto\/ganoderma-capsulas\/","name":"Ganoderma C\u00e1psulas, c\u00f3mpralo en la tienda de H\u00e1bitat","isPartOf":{"@id":"https:\/\/habitatamericas.com\/tiendacolombia\/#website"},"primaryImageOfPage":{"@id":"https:\/\/habitatamericas.com\/tiendacolombia\/producto\/ganoderma-capsulas\/#primaryimage"},"image":{"@id":"https:\/\/habitatamericas.com\/tiendacolombia\/producto\/ganoderma-capsulas\/#primaryimage"},"thumbnailUrl":"https:\/\/habitatamericas.com\/tiendacolombia\/wp-content\/uploads\/2023\/12\/Capsulas-Ganoderma-Presentacion.jpg","datePublished":"2023-12-14T22:52:51+00:00","dateModified":"2025-06-16T21:33:00+00:00","description":"Exclusivo suplemento a partir del Ganoderma Lucidum de Gano Excel en su etapa m\u00e1s madura. Ayuda a hacer un proceso m\u00e1s acelerado de nutrici\u00f3n.","breadcrumb":{"@id":"https:\/\/habitatamericas.com\/tiendacolombia\/producto\/ganoderma-capsulas\/#breadcrumb"},"inLanguage":"es-CO","potentialAction":[{"@type":"ReadAction","target":["https:\/\/habitatamericas.com\/tiendacolombia\/producto\/ganoderma-capsulas\/"]}]},{"@type":"ImageObject","inLanguage":"es-CO","@id":"https:\/\/habitatamericas.com\/tiendacolombia\/producto\/ganoderma-capsulas\/#primaryimage","url":"https:\/\/habitatamericas.com\/tiendacolombia\/wp-content\/uploads\/2023\/12\/Capsulas-Ganoderma-Presentacion.jpg","contentUrl":"https:\/\/habitatamericas.com\/tiendacolombia\/wp-content\/uploads\/2023\/12\/Capsulas-Ganoderma-Presentacion.jpg","width":500,"height":500,"caption":"C\u00e1psulas Ganoderma"},{"@type":"BreadcrumbList","@id":"https:\/\/habitatamericas.com\/tiendacolombia\/producto\/ganoderma-capsulas\/#breadcrumb","itemListElement":[{"@type":"ListItem","position":1,"name":"Inicio","item":"https:\/\/habitatamericas.com\/tiendacolombia\/"},{"@type":"ListItem","position":2,"name":"Shop","item":"https:\/\/habitatamericas.com\/tiendacolombia\/shop\/"},{"@type":"ListItem","position":3,"name":"Ganoderma C\u00e1psulas"}]},{"@type":"WebSite","@id":"https:\/\/habitatamericas.com\/tiendacolombia\/#website","url":"https:\/\/habitatamericas.com\/tiendacolombia\/","name":"Tienda H\u00e1bitat Colombia","description":"\u00a1Estamos transformando vidas!","publisher":{"@id":"https:\/\/habitatamericas.com\/tiendacolombia\/#organization"},"potentialAction":[{"@type":"SearchAction","target":{"@type":"EntryPoint","urlTemplate":"https:\/\/habitatamericas.com\/tiendacolombia\/?s={search_term_string}"},"query-input":"required name=search_term_string"}],"inLanguage":"es-CO"},{"@type":"Organization","@id":"https:\/\/habitatamericas.com\/tiendacolombia\/#organization","name":"Tienda H\u00e1bitat Colombia","url":"https:\/\/habitatamericas.com\/tiendacolombia\/","logo":{"@type":"ImageObject","inLanguage":"es-CO","@id":"https:\/\/habitatamericas.com\/tiendacolombia\/#\/schema\/logo\/image\/","url":"https:\/\/habitatamericas.com\/tiendacolombia\/wp-content\/uploads\/2024\/09\/logo-colombi.png","contentUrl":"https:\/\/habitatamericas.com\/tiendacolombia\/wp-content\/uploads\/2024\/09\/logo-colombi.png","width":268,"height":106,"caption":"Tienda H\u00e1bitat Colombia"},"image":{"@id":"https:\/\/habitatamericas.com\/tiendacolombia\/#\/schema\/logo\/image\/"}}]}},"_links":{"self":[{"href":"https:\/\/habitatamericas.com\/tiendacolombia\/wp-json\/wp\/v2\/product\/5537"}],"collection":[{"href":"https:\/\/habitatamericas.com\/tiendacolombia\/wp-json\/wp\/v2\/product"}],"about":[{"href":"https:\/\/habitatamericas.com\/tiendacolombia\/wp-json\/wp\/v2\/types\/product"}],"wp:featuredmedia":[{"embeddable":true,"href":"https:\/\/habitatamericas.com\/tiendacolombia\/wp-json\/wp\/v2\/media\/5561"}],"wp:attachment":[{"href":"https:\/\/habitatamericas.com\/tiendacolombia\/wp-json\/wp\/v2\/media?parent=5537"}],"wp:term":[{"taxonomy":"product_cat","embeddable":true,"href":"https:\/\/habitatamericas.com\/tiendacolombia\/wp-json\/wp\/v2\/product_cat?post=5537"},{"taxonomy":"product_tag","embeddable":true,"href":"https:\/\/habitatamericas.com\/tiendacolombia\/wp-json\/wp\/v2\/product_tag?post=5537"}],"curies":[{"name":"wp","href":"https:\/\/api.w.org\/{rel}","templated":true}]}}