{"id":5530,"date":"2023-12-14T13:24:34","date_gmt":"2023-12-14T18:24:34","guid":{"rendered":"http:\/\/tiendalat.coheteam.com\/?post_type=product&#038;p=5530"},"modified":"2025-06-16T16:59:20","modified_gmt":"2025-06-16T21:59:20","slug":"piel-brillo-acondicionador","status":"publish","type":"product","link":"https:\/\/habitatamericas.com\/tiendacolombia\/producto\/piel-brillo-acondicionador\/","title":{"rendered":"Piel &#038; Brillo Acondicionador"},"content":{"rendered":"<div>\n<h3 style=\"font-size: 35px; line-height: 35px; font-family: 'Rasputin'; color: #1a2d4e;\">Beneficios adicionales:<\/h3>\n<\/div>\n<div style=\"float: left; width: 100%;\">\n<ul style=\"font-size: 22px; line-height: 25px; font-weight: 400;\">\n<li><strong>Protecci\u00f3n Avanzada:<\/strong> El acondicionador crea una capa protectora en cada hebra, defendiendo contra agentes ambientales da\u00f1inos.<\/li>\n<li><strong>Revitalizaci\u00f3n Nocturna:<\/strong> Al usarlo como mascarilla nocturna, el cabello se repara y rejuvenece durante el descanso.<\/li>\n<li><strong>Brillo y Sedosidad:<\/strong> Adem\u00e1s de protecci\u00f3n y reparaci\u00f3n, el acondicionador aporta brillo y suavidad al cabello, mejorando su aspecto general.<\/li>\n<\/ul>\n<hr \/>\n<\/div>\n","protected":false},"excerpt":{"rendered":"\n<div style=\"background-color: #1a2d4e; padding: 20px; border-radius: 20px 0px 20px 0; margin-top: 20px;\">\n<h3 style=\"font-size: 30px; line-height: 35px; font-family: 'Rasputin'; color: #b4cb54;\">$ 73.900 &#8211; Valor cliente codificado<\/h3>\n<h3 style=\"font-size: 20px; line-height: 20px; font-weight: 500; color: #fff;\">Si deseas convertirte en cliente codificado y adem\u00e1s en consumidor inteligente, escr\u00edbenos y te ayudaremos a hacerlo desde la primera compra.<\/h3>\n<div style=\"float: right; margin-top: -10px;\"><a href=\"https:\/\/wa.me\/573242064854?text=Hola%2C%20estaba%20viendo%20el%20producto%20Piel%20%26%20Brillo%20Acondicionador%20y%20quiero%20convertirme%20en%20cliente%20codificado\"> <img decoding=\"async\" class=\"alignnone size-full wp-image-5654\" src=\"http:\/\/habitatamericas.com\/tiendacolombia\/wp-content\/uploads\/2024\/08\/boton-escribenos.png\" alt=\"whatsapp\" width=\"200\" height=\"60\" \/><\/a><\/div>\n<\/p><\/div>\n<div>\n<h3 style=\"font-size: 22px; line-height: 25px; font-weight: 400;\">La composici\u00f3n de nuestro acondicionador se destaca por su capacidad para actuar como un agente protector y fortificante para cada hebra capilar.<br \/>\nEsta f\u00f3rmula forma una barrera defensiva que contrarresta los efectos adversos de los agentes externos perjudiciales que podr\u00edan alterar la salud y la textura del cabello, preservando as\u00ed su hidrataci\u00f3n y vitalidad.<br \/>\nTambi\u00e9n tiene aplicaciones terap\u00e9uticas.<br \/>\nSu uso como mascarilla nocturna brinda nutrici\u00f3n, hidrataci\u00f3n y protecci\u00f3n de cada hebra capilar.<\/h3>\n<\/div>\n<div>\n<p><img fetchpriority=\"high\" decoding=\"async\" class=\"alignnone size-full wp-image-5754\" src=\"http:\/\/habitatamericas.com\/tiendacolombia\/wp-content\/uploads\/2024\/06\/contenido-shampoo.png\" alt=\"\" width=\"375\" height=\"150\" \/><br \/>\n<img decoding=\"async\" class=\"alignnone size-full wp-image-5745\" src=\"http:\/\/habitatamericas.com\/tiendacolombia\/wp-content\/uploads\/2024\/03\/sellos-acondicionador.png\" alt=\"\" width=\"210\" height=\"100\" \/><\/p>\n<\/div>\n","protected":false},"featured_media":5573,"template":"","meta":{"site-sidebar-layout":"default","site-content-layout":"","ast-site-content-layout":"default","site-content-style":"default","site-sidebar-style":"default","ast-global-header-display":"","ast-banner-title-visibility":"","ast-main-header-display":"","ast-hfb-above-header-display":"","ast-hfb-below-header-display":"","ast-hfb-mobile-header-display":"","site-post-title":"","ast-breadcrumbs-content":"","ast-featured-img":"","footer-sml-layout":"","theme-transparent-header-meta":"default","adv-header-id-meta":"","stick-header-meta":"","header-above-stick-meta":"","header-main-stick-meta":"","header-below-stick-meta":"","astra-migrate-meta-layouts":"set","ast-page-background-enabled":"default","ast-page-background-meta":{"desktop":{"background-color":"","background-image":"","background-repeat":"repeat","background-position":"center center","background-size":"auto","background-attachment":"scroll","background-type":"","background-media":"","overlay-type":"","overlay-color":"","overlay-gradient":""},"tablet":{"background-color":"","background-image":"","background-repeat":"repeat","background-position":"center center","background-size":"auto","background-attachment":"scroll","background-type":"","background-media":"","overlay-type":"","overlay-color":"","overlay-gradient":""},"mobile":{"background-color":"","background-image":"","background-repeat":"repeat","background-position":"center center","background-size":"auto","background-attachment":"scroll","background-type":"","background-media":"","overlay-type":"","overlay-color":"","overlay-gradient":""}},"ast-content-background-meta":{"desktop":{"background-color":"var(--ast-global-color-5)","background-image":"","background-repeat":"repeat","background-position":"center center","background-size":"auto","background-attachment":"scroll","background-type":"","background-media":"","overlay-type":"","overlay-color":"","overlay-gradient":""},"tablet":{"background-color":"var(--ast-global-color-5)","background-image":"","background-repeat":"repeat","background-position":"center center","background-size":"auto","background-attachment":"scroll","background-type":"","background-media":"","overlay-type":"","overlay-color":"","overlay-gradient":""},"mobile":{"background-color":"var(--ast-global-color-5)","background-image":"","background-repeat":"repeat","background-position":"center center","background-size":"auto","background-attachment":"scroll","background-type":"","background-media":"","overlay-type":"","overlay-color":"","overlay-gradient":""}}},"product_cat":[75],"product_tag":[51,80,81],"class_list":{"0":"post-5530","1":"product","2":"type-product","3":"status-publish","4":"has-post-thumbnail","6":"product_cat-cuidado-personal","7":"product_tag-acondicionador","8":"product_tag-aseo-personal","9":"product_tag-cuidado-personal","10":"desktop-align-center","11":"tablet-align-center","12":"mobile-align-center","14":"first","15":"instock","16":"featured","17":"shipping-taxable","18":"purchasable","19":"product-type-simple"},"yoast_head":"<!-- This site is optimized with the Yoast SEO plugin v23.2 - https:\/\/yoast.com\/wordpress\/plugins\/seo\/ -->\n<title>Piel &amp; Brillo Acondicionador, c\u00f3mpralo en la tienda de H\u00e1bitat<\/title>\n<meta name=\"description\" content=\"La composici\u00f3n de nuestro acondicionador se destaca por su capacidad para actuar como un agente protector y fortificante para cada hebra capilar.\" \/>\n<meta name=\"robots\" content=\"index, follow, max-snippet:-1, max-image-preview:large, max-video-preview:-1\" \/>\n<link rel=\"canonical\" href=\"http:\/\/habitatamericas.com\/tiendacolombia\/producto\/piel-brillo-acondicionador\/\" \/>\n<meta property=\"og:locale\" content=\"es_ES\" \/>\n<meta property=\"og:type\" content=\"article\" \/>\n<meta property=\"og:title\" content=\"Piel &amp; Brillo Acondicionador, c\u00f3mpralo en la tienda de H\u00e1bitat\" \/>\n<meta property=\"og:description\" content=\"La composici\u00f3n de nuestro acondicionador se destaca por su capacidad para actuar como un agente protector y fortificante para cada hebra capilar.\" \/>\n<meta property=\"og:url\" content=\"http:\/\/habitatamericas.com\/tiendacolombia\/producto\/piel-brillo-acondicionador\/\" \/>\n<meta property=\"og:site_name\" content=\"Tienda H\u00e1bitat Colombia\" \/>\n<meta property=\"article:modified_time\" content=\"2025-06-16T21:59:20+00:00\" \/>\n<meta property=\"og:image\" content=\"http:\/\/habitatamericas.com\/tiendacolombia\/wp-content\/uploads\/2023\/12\/Acondicionador.jpg\" \/>\n\t<meta property=\"og:image:width\" content=\"500\" \/>\n\t<meta property=\"og:image:height\" content=\"500\" \/>\n\t<meta property=\"og:image:type\" content=\"image\/jpeg\" \/>\n<meta name=\"twitter:card\" content=\"summary_large_image\" \/>\n<meta name=\"twitter:label1\" content=\"Tiempo de lectura\" \/>\n\t<meta name=\"twitter:data1\" content=\"1 minuto\" \/>\n<script type=\"application\/ld+json\" class=\"yoast-schema-graph\">{\"@context\":\"https:\/\/schema.org\",\"@graph\":[{\"@type\":\"WebPage\",\"@id\":\"http:\/\/habitatamericas.com\/tiendacolombia\/producto\/piel-brillo-acondicionador\/\",\"url\":\"http:\/\/habitatamericas.com\/tiendacolombia\/producto\/piel-brillo-acondicionador\/\",\"name\":\"Piel & Brillo Acondicionador, c\u00f3mpralo en la tienda de H\u00e1bitat\",\"isPartOf\":{\"@id\":\"https:\/\/habitatamericas.com\/tiendacolombia\/#website\"},\"primaryImageOfPage\":{\"@id\":\"http:\/\/habitatamericas.com\/tiendacolombia\/producto\/piel-brillo-acondicionador\/#primaryimage\"},\"image\":{\"@id\":\"http:\/\/habitatamericas.com\/tiendacolombia\/producto\/piel-brillo-acondicionador\/#primaryimage\"},\"thumbnailUrl\":\"https:\/\/habitatamericas.com\/tiendacolombia\/wp-content\/uploads\/2023\/12\/Acondicionador.jpg\",\"datePublished\":\"2023-12-14T18:24:34+00:00\",\"dateModified\":\"2025-06-16T21:59:20+00:00\",\"description\":\"La composici\u00f3n de nuestro acondicionador se destaca por su capacidad para actuar como un agente protector y fortificante para cada hebra capilar.\",\"breadcrumb\":{\"@id\":\"http:\/\/habitatamericas.com\/tiendacolombia\/producto\/piel-brillo-acondicionador\/#breadcrumb\"},\"inLanguage\":\"es-CO\",\"potentialAction\":[{\"@type\":\"ReadAction\",\"target\":[\"http:\/\/habitatamericas.com\/tiendacolombia\/producto\/piel-brillo-acondicionador\/\"]}]},{\"@type\":\"ImageObject\",\"inLanguage\":\"es-CO\",\"@id\":\"http:\/\/habitatamericas.com\/tiendacolombia\/producto\/piel-brillo-acondicionador\/#primaryimage\",\"url\":\"https:\/\/habitatamericas.com\/tiendacolombia\/wp-content\/uploads\/2023\/12\/Acondicionador.jpg\",\"contentUrl\":\"https:\/\/habitatamericas.com\/tiendacolombia\/wp-content\/uploads\/2023\/12\/Acondicionador.jpg\",\"width\":500,\"height\":500,\"caption\":\"Acondicionador\"},{\"@type\":\"BreadcrumbList\",\"@id\":\"http:\/\/habitatamericas.com\/tiendacolombia\/producto\/piel-brillo-acondicionador\/#breadcrumb\",\"itemListElement\":[{\"@type\":\"ListItem\",\"position\":1,\"name\":\"Inicio\",\"item\":\"https:\/\/habitatamericas.com\/tiendacolombia\/\"},{\"@type\":\"ListItem\",\"position\":2,\"name\":\"Shop\",\"item\":\"https:\/\/habitatamericas.com\/tiendacolombia\/shop\/\"},{\"@type\":\"ListItem\",\"position\":3,\"name\":\"Piel &#038; Brillo Acondicionador\"}]},{\"@type\":\"WebSite\",\"@id\":\"https:\/\/habitatamericas.com\/tiendacolombia\/#website\",\"url\":\"https:\/\/habitatamericas.com\/tiendacolombia\/\",\"name\":\"Tienda H\u00e1bitat Colombia\",\"description\":\"\u00a1Estamos transformando vidas!\",\"publisher\":{\"@id\":\"https:\/\/habitatamericas.com\/tiendacolombia\/#organization\"},\"potentialAction\":[{\"@type\":\"SearchAction\",\"target\":{\"@type\":\"EntryPoint\",\"urlTemplate\":\"https:\/\/habitatamericas.com\/tiendacolombia\/?s={search_term_string}\"},\"query-input\":\"required name=search_term_string\"}],\"inLanguage\":\"es-CO\"},{\"@type\":\"Organization\",\"@id\":\"https:\/\/habitatamericas.com\/tiendacolombia\/#organization\",\"name\":\"Tienda H\u00e1bitat Colombia\",\"url\":\"https:\/\/habitatamericas.com\/tiendacolombia\/\",\"logo\":{\"@type\":\"ImageObject\",\"inLanguage\":\"es-CO\",\"@id\":\"https:\/\/habitatamericas.com\/tiendacolombia\/#\/schema\/logo\/image\/\",\"url\":\"https:\/\/habitatamericas.com\/tiendacolombia\/wp-content\/uploads\/2024\/09\/logo-colombi.png\",\"contentUrl\":\"https:\/\/habitatamericas.com\/tiendacolombia\/wp-content\/uploads\/2024\/09\/logo-colombi.png\",\"width\":268,\"height\":106,\"caption\":\"Tienda H\u00e1bitat Colombia\"},\"image\":{\"@id\":\"https:\/\/habitatamericas.com\/tiendacolombia\/#\/schema\/logo\/image\/\"}}]}<\/script>\n<!-- \/ Yoast SEO plugin. -->","yoast_head_json":{"title":"Piel & Brillo Acondicionador, c\u00f3mpralo en la tienda de H\u00e1bitat","description":"La composici\u00f3n de nuestro acondicionador se destaca por su capacidad para actuar como un agente protector y fortificante para cada hebra capilar.","robots":{"index":"index","follow":"follow","max-snippet":"max-snippet:-1","max-image-preview":"max-image-preview:large","max-video-preview":"max-video-preview:-1"},"canonical":"http:\/\/habitatamericas.com\/tiendacolombia\/producto\/piel-brillo-acondicionador\/","og_locale":"es_ES","og_type":"article","og_title":"Piel & Brillo Acondicionador, c\u00f3mpralo en la tienda de H\u00e1bitat","og_description":"La composici\u00f3n de nuestro acondicionador se destaca por su capacidad para actuar como un agente protector y fortificante para cada hebra capilar.","og_url":"http:\/\/habitatamericas.com\/tiendacolombia\/producto\/piel-brillo-acondicionador\/","og_site_name":"Tienda H\u00e1bitat Colombia","article_modified_time":"2025-06-16T21:59:20+00:00","og_image":[{"width":500,"height":500,"url":"http:\/\/habitatamericas.com\/tiendacolombia\/wp-content\/uploads\/2023\/12\/Acondicionador.jpg","type":"image\/jpeg"}],"twitter_card":"summary_large_image","twitter_misc":{"Tiempo de lectura":"1 minuto"},"schema":{"@context":"https:\/\/schema.org","@graph":[{"@type":"WebPage","@id":"http:\/\/habitatamericas.com\/tiendacolombia\/producto\/piel-brillo-acondicionador\/","url":"http:\/\/habitatamericas.com\/tiendacolombia\/producto\/piel-brillo-acondicionador\/","name":"Piel & Brillo Acondicionador, c\u00f3mpralo en la tienda de H\u00e1bitat","isPartOf":{"@id":"https:\/\/habitatamericas.com\/tiendacolombia\/#website"},"primaryImageOfPage":{"@id":"http:\/\/habitatamericas.com\/tiendacolombia\/producto\/piel-brillo-acondicionador\/#primaryimage"},"image":{"@id":"http:\/\/habitatamericas.com\/tiendacolombia\/producto\/piel-brillo-acondicionador\/#primaryimage"},"thumbnailUrl":"https:\/\/habitatamericas.com\/tiendacolombia\/wp-content\/uploads\/2023\/12\/Acondicionador.jpg","datePublished":"2023-12-14T18:24:34+00:00","dateModified":"2025-06-16T21:59:20+00:00","description":"La composici\u00f3n de nuestro acondicionador se destaca por su capacidad para actuar como un agente protector y fortificante para cada hebra capilar.","breadcrumb":{"@id":"http:\/\/habitatamericas.com\/tiendacolombia\/producto\/piel-brillo-acondicionador\/#breadcrumb"},"inLanguage":"es-CO","potentialAction":[{"@type":"ReadAction","target":["http:\/\/habitatamericas.com\/tiendacolombia\/producto\/piel-brillo-acondicionador\/"]}]},{"@type":"ImageObject","inLanguage":"es-CO","@id":"http:\/\/habitatamericas.com\/tiendacolombia\/producto\/piel-brillo-acondicionador\/#primaryimage","url":"https:\/\/habitatamericas.com\/tiendacolombia\/wp-content\/uploads\/2023\/12\/Acondicionador.jpg","contentUrl":"https:\/\/habitatamericas.com\/tiendacolombia\/wp-content\/uploads\/2023\/12\/Acondicionador.jpg","width":500,"height":500,"caption":"Acondicionador"},{"@type":"BreadcrumbList","@id":"http:\/\/habitatamericas.com\/tiendacolombia\/producto\/piel-brillo-acondicionador\/#breadcrumb","itemListElement":[{"@type":"ListItem","position":1,"name":"Inicio","item":"https:\/\/habitatamericas.com\/tiendacolombia\/"},{"@type":"ListItem","position":2,"name":"Shop","item":"https:\/\/habitatamericas.com\/tiendacolombia\/shop\/"},{"@type":"ListItem","position":3,"name":"Piel &#038; Brillo Acondicionador"}]},{"@type":"WebSite","@id":"https:\/\/habitatamericas.com\/tiendacolombia\/#website","url":"https:\/\/habitatamericas.com\/tiendacolombia\/","name":"Tienda H\u00e1bitat Colombia","description":"\u00a1Estamos transformando vidas!","publisher":{"@id":"https:\/\/habitatamericas.com\/tiendacolombia\/#organization"},"potentialAction":[{"@type":"SearchAction","target":{"@type":"EntryPoint","urlTemplate":"https:\/\/habitatamericas.com\/tiendacolombia\/?s={search_term_string}"},"query-input":"required name=search_term_string"}],"inLanguage":"es-CO"},{"@type":"Organization","@id":"https:\/\/habitatamericas.com\/tiendacolombia\/#organization","name":"Tienda H\u00e1bitat Colombia","url":"https:\/\/habitatamericas.com\/tiendacolombia\/","logo":{"@type":"ImageObject","inLanguage":"es-CO","@id":"https:\/\/habitatamericas.com\/tiendacolombia\/#\/schema\/logo\/image\/","url":"https:\/\/habitatamericas.com\/tiendacolombia\/wp-content\/uploads\/2024\/09\/logo-colombi.png","contentUrl":"https:\/\/habitatamericas.com\/tiendacolombia\/wp-content\/uploads\/2024\/09\/logo-colombi.png","width":268,"height":106,"caption":"Tienda H\u00e1bitat Colombia"},"image":{"@id":"https:\/\/habitatamericas.com\/tiendacolombia\/#\/schema\/logo\/image\/"}}]}},"_links":{"self":[{"href":"https:\/\/habitatamericas.com\/tiendacolombia\/wp-json\/wp\/v2\/product\/5530"}],"collection":[{"href":"https:\/\/habitatamericas.com\/tiendacolombia\/wp-json\/wp\/v2\/product"}],"about":[{"href":"https:\/\/habitatamericas.com\/tiendacolombia\/wp-json\/wp\/v2\/types\/product"}],"wp:featuredmedia":[{"embeddable":true,"href":"https:\/\/habitatamericas.com\/tiendacolombia\/wp-json\/wp\/v2\/media\/5573"}],"wp:attachment":[{"href":"https:\/\/habitatamericas.com\/tiendacolombia\/wp-json\/wp\/v2\/media?parent=5530"}],"wp:term":[{"taxonomy":"product_cat","embeddable":true,"href":"https:\/\/habitatamericas.com\/tiendacolombia\/wp-json\/wp\/v2\/product_cat?post=5530"},{"taxonomy":"product_tag","embeddable":true,"href":"https:\/\/habitatamericas.com\/tiendacolombia\/wp-json\/wp\/v2\/product_tag?post=5530"}],"curies":[{"name":"wp","href":"https:\/\/api.w.org\/{rel}","templated":true}]}}