{"id":24,"date":"2023-12-12T10:23:20","date_gmt":"2023-12-12T15:23:20","guid":{"rendered":"http:\/\/tiendalat.coheteam.com\/?post_type=product&#038;p=24"},"modified":"2025-06-16T12:28:58","modified_gmt":"2025-06-16T17:28:58","slug":"gano-schokolade","status":"publish","type":"product","link":"https:\/\/habitatamericas.com\/tiendacolombia\/producto\/gano-schokolade\/","title":{"rendered":"Gano Schokolade"},"content":{"rendered":"<div>\n<h3 style=\"font-size: 32px; line-height: 35px; font-family: 'Rasputin'; color: #1a2d4e;\">Beneficios adicionales:<\/h3>\n<\/div>\n<div style=\"float: left; width: 60%;\">\n<ul style=\"font-size: 22px; line-height: 25px; font-weight: 400;\">\n<li>Fortalece las defensas del cuerpo. Brinda energ\u00eda.<\/li>\n<li>El cacao tiene antioxidantes adicionales.<\/li>\n<li>Mejora el funcionamiento cardiovascular.<\/li>\n<li>Optimiza el rendimiento del cerebro, genera mayor concentraci\u00f3n y motricidad.<\/li>\n<li>Contribuye a disminuir el estr\u00e9s. Reduce el insomnio.<\/li>\n<li>Estimula y mejora el estado an\u00edmico, combate la ansiedad.<\/li>\n<li>Previene y ayuda en problemas hormonales como la tiroides.<\/li>\n<\/ul>\n<\/div>\n<div style=\"float: left; width: 40%;\">\n<p>\u00a0<img decoding=\"async\" class=\"alignnone size-full wp-image-5674\" src=\"https:\/\/habitatamericas.com\/tiendacolombia\/wp-content\/uploads\/2023\/12\/beneficios-shokolade.png\" alt=\"\" width=\"300\" height=\"160\" \/><\/p>\n<\/div>\n<div class=\"cart\">\n<h3 style=\"font-size: 18px; line-height: 15px; font-weight: bold; color: #3da0d9;\">ESTE PRODUCTO ES UN SUPLEMENTO DIETARIO, NO ES UN MEDICAMENTO Y SE RECOMIENDA COMPLEMENTAR SU CONSUMO CON UNA DIETA EQUILIBRADA<\/h3>\n<\/div>\n<hr \/>\n","protected":false},"excerpt":{"rendered":"<p>&nbsp;<\/p>\n<div style=\"background-color: #1a2d4e; padding: 20px; border-radius: 20px 0px 20px 0; margin-top: 20px;\">\n<h3 style=\"font-size: 30px; line-height: 35px; font-family: 'Rasputin'; color: #b4cb54;\">$ 124.900 &#8211; Valor cliente codificado<\/h3>\n<h3 style=\"font-size: 20px; line-height: 20px; font-weight: 500; color: #fff;\">Si deseas convertirte en cliente codificado y adem\u00e1s en consumidor inteligente, escr\u00edbenos y te ayudaremos a hacerlo desde la primera compra.<\/h3>\n<div style=\"float: right; margin-top: -10px;\"><a href=\"https:\/\/wa.me\/573242064854?text=Hola%2C%20estaba%20viendo%20el%20producto%20Gano%20Schokolade%20y%20quiero%20convertirme%20en%20cliente%20codificado\"> <img decoding=\"async\" class=\"alignnone size-full wp-image-5654\" src=\"http:\/\/habitatamericas.com\/tiendacolombia\/wp-content\/uploads\/2024\/08\/boton-escribenos.png\" alt=\"whatsapp\" width=\"200\" height=\"60\" \/><\/a><\/div>\n<\/div>\n<div>\n<h3 style=\"font-size: 22px; line-height: 25px; font-weight: 400;\">Disfruta de la dulzura y el mejor sabor de un chocolate suizo artesanal con crema no l\u00e1ctea y az\u00facar moderada, combinado con el toque incomparable de los componentes naturales y medicinales que tiene el extracto soluble de <strong>Ganoderma Lucidum de Gano Excel<\/strong>, lo cual cataloga a esta bebida deliciosa como el primer chocolate que brinda salud y bienestar.<br \/>\n<strong>El Gano Schokolade<\/strong> al contener extracto del <strong>Ganoderma Lucidum<\/strong> en su etapa joven, tiene mayor contenido de Germanio Org\u00e1nico, lo cual contribuye a una mayor oxigenaci\u00f3n celular, ayudando especialmente a un funcionamiento adecuado del sistema nervioso y endocrino.<\/h3>\n<\/div>\n<div><img decoding=\"async\" class=\"alignnone size-full wp-image-5675\" src=\"http:\/\/habitatamericas.com\/tiendacolombia\/wp-content\/uploads\/2024\/05\/info-shokolade.png\" alt=\"contenido, preparaci\u00f3n y presentaci\u00f3n\" width=\"334\" height=\"124\" \/><br \/>\n<img loading=\"lazy\" decoding=\"async\" class=\"alignnone size-full wp-image-5676\" src=\"http:\/\/habitatamericas.com\/tiendacolombia\/wp-content\/uploads\/2024\/05\/sellos-3-1-actualizados-1.png\" alt=\"Certificaciones\" width=\"300\" height=\"80\" \/><\/div>\n<div style=\"font-size: 20px; padding-top: 20px; padding-bottom: 20px;\"><strong>Registro Sanitario INVIMA No. SD2013-0002936<\/strong><\/div>\n","protected":false},"featured_media":25,"template":"","meta":{"site-sidebar-layout":"default","site-content-layout":"","ast-site-content-layout":"default","site-content-style":"default","site-sidebar-style":"default","ast-global-header-display":"","ast-banner-title-visibility":"","ast-main-header-display":"","ast-hfb-above-header-display":"","ast-hfb-below-header-display":"","ast-hfb-mobile-header-display":"","site-post-title":"","ast-breadcrumbs-content":"","ast-featured-img":"","footer-sml-layout":"","theme-transparent-header-meta":"default","adv-header-id-meta":"","stick-header-meta":"","header-above-stick-meta":"","header-main-stick-meta":"","header-below-stick-meta":"","astra-migrate-meta-layouts":"set","ast-page-background-enabled":"default","ast-page-background-meta":{"desktop":{"background-color":"","background-image":"","background-repeat":"repeat","background-position":"center center","background-size":"auto","background-attachment":"scroll","background-type":"","background-media":"","overlay-type":"","overlay-color":"","overlay-gradient":""},"tablet":{"background-color":"","background-image":"","background-repeat":"repeat","background-position":"center center","background-size":"auto","background-attachment":"scroll","background-type":"","background-media":"","overlay-type":"","overlay-color":"","overlay-gradient":""},"mobile":{"background-color":"","background-image":"","background-repeat":"repeat","background-position":"center center","background-size":"auto","background-attachment":"scroll","background-type":"","background-media":"","overlay-type":"","overlay-color":"","overlay-gradient":""}},"ast-content-background-meta":{"desktop":{"background-color":"var(--ast-global-color-5)","background-image":"","background-repeat":"repeat","background-position":"center center","background-size":"auto","background-attachment":"scroll","background-type":"","background-media":"","overlay-type":"","overlay-color":"","overlay-gradient":""},"tablet":{"background-color":"var(--ast-global-color-5)","background-image":"","background-repeat":"repeat","background-position":"center center","background-size":"auto","background-attachment":"scroll","background-type":"","background-media":"","overlay-type":"","overlay-color":"","overlay-gradient":""},"mobile":{"background-color":"var(--ast-global-color-5)","background-image":"","background-repeat":"repeat","background-position":"center center","background-size":"auto","background-attachment":"scroll","background-type":"","background-media":"","overlay-type":"","overlay-color":"","overlay-gradient":""}}},"product_cat":[77],"product_tag":[28],"class_list":{"0":"post-24","1":"product","2":"type-product","3":"status-publish","4":"has-post-thumbnail","6":"product_cat-bebidas-y-alimentos-funcionales","7":"product_tag-chocolate","8":"desktop-align-center","9":"tablet-align-center","10":"mobile-align-center","12":"first","13":"instock","14":"featured","15":"shipping-taxable","16":"purchasable","17":"product-type-simple"},"yoast_head":"<!-- This site is optimized with the Yoast SEO plugin v23.2 - https:\/\/yoast.com\/wordpress\/plugins\/seo\/ -->\n<title>Gano Schokolade, c\u00f3mpralo en la tienda de H\u00e1bitat<\/title>\n<meta name=\"description\" content=\"Disfruta de la combinaci\u00f3n perfecta de caf\u00e9 premium, estilo capuchino, con crema no l\u00e1ctea y az\u00facar moderada, con el toque de los componentes naturales.\" \/>\n<meta name=\"robots\" content=\"index, follow, max-snippet:-1, max-image-preview:large, max-video-preview:-1\" \/>\n<link rel=\"canonical\" href=\"https:\/\/habitatamericas.com\/tiendacolombia\/producto\/gano-schokolade\/\" \/>\n<meta property=\"og:locale\" content=\"es_ES\" \/>\n<meta property=\"og:type\" content=\"article\" \/>\n<meta property=\"og:title\" content=\"Gano Schokolade, c\u00f3mpralo en la tienda de H\u00e1bitat\" \/>\n<meta property=\"og:description\" content=\"Disfruta de la combinaci\u00f3n perfecta de caf\u00e9 premium, estilo capuchino, con crema no l\u00e1ctea y az\u00facar moderada, con el toque de los componentes naturales.\" \/>\n<meta property=\"og:url\" content=\"https:\/\/habitatamericas.com\/tiendacolombia\/producto\/gano-schokolade\/\" \/>\n<meta property=\"og:site_name\" content=\"Tienda H\u00e1bitat Colombia\" \/>\n<meta property=\"article:modified_time\" content=\"2025-06-16T17:28:58+00:00\" \/>\n<meta property=\"og:image\" content=\"https:\/\/habitatamericas.com\/tiendacolombia\/wp-content\/uploads\/2023\/12\/Gano-Schokolade.jpg\" \/>\n\t<meta property=\"og:image:width\" content=\"500\" \/>\n\t<meta property=\"og:image:height\" content=\"500\" \/>\n\t<meta property=\"og:image:type\" content=\"image\/jpeg\" \/>\n<meta name=\"twitter:card\" content=\"summary_large_image\" \/>\n<meta name=\"twitter:label1\" content=\"Tiempo de lectura\" \/>\n\t<meta name=\"twitter:data1\" content=\"1 minuto\" \/>\n<script type=\"application\/ld+json\" class=\"yoast-schema-graph\">{\"@context\":\"https:\/\/schema.org\",\"@graph\":[{\"@type\":\"WebPage\",\"@id\":\"https:\/\/habitatamericas.com\/tiendacolombia\/producto\/gano-schokolade\/\",\"url\":\"https:\/\/habitatamericas.com\/tiendacolombia\/producto\/gano-schokolade\/\",\"name\":\"Gano Schokolade, c\u00f3mpralo en la tienda de H\u00e1bitat\",\"isPartOf\":{\"@id\":\"https:\/\/habitatamericas.com\/tiendacolombia\/#website\"},\"primaryImageOfPage\":{\"@id\":\"https:\/\/habitatamericas.com\/tiendacolombia\/producto\/gano-schokolade\/#primaryimage\"},\"image\":{\"@id\":\"https:\/\/habitatamericas.com\/tiendacolombia\/producto\/gano-schokolade\/#primaryimage\"},\"thumbnailUrl\":\"https:\/\/habitatamericas.com\/tiendacolombia\/wp-content\/uploads\/2023\/12\/Gano-Schokolade.jpg\",\"datePublished\":\"2023-12-12T15:23:20+00:00\",\"dateModified\":\"2025-06-16T17:28:58+00:00\",\"description\":\"Disfruta de la combinaci\u00f3n perfecta de caf\u00e9 premium, estilo capuchino, con crema no l\u00e1ctea y az\u00facar moderada, con el toque de los componentes naturales.\",\"breadcrumb\":{\"@id\":\"https:\/\/habitatamericas.com\/tiendacolombia\/producto\/gano-schokolade\/#breadcrumb\"},\"inLanguage\":\"es-CO\",\"potentialAction\":[{\"@type\":\"ReadAction\",\"target\":[\"https:\/\/habitatamericas.com\/tiendacolombia\/producto\/gano-schokolade\/\"]}]},{\"@type\":\"ImageObject\",\"inLanguage\":\"es-CO\",\"@id\":\"https:\/\/habitatamericas.com\/tiendacolombia\/producto\/gano-schokolade\/#primaryimage\",\"url\":\"https:\/\/habitatamericas.com\/tiendacolombia\/wp-content\/uploads\/2023\/12\/Gano-Schokolade.jpg\",\"contentUrl\":\"https:\/\/habitatamericas.com\/tiendacolombia\/wp-content\/uploads\/2023\/12\/Gano-Schokolade.jpg\",\"width\":500,\"height\":500,\"caption\":\"El Gano Schokolade contiene extracto del Ganoderma lucidum en su etapa joven, por lo que tiene mayor contenido de Germanio Org\u00e1nico\"},{\"@type\":\"BreadcrumbList\",\"@id\":\"https:\/\/habitatamericas.com\/tiendacolombia\/producto\/gano-schokolade\/#breadcrumb\",\"itemListElement\":[{\"@type\":\"ListItem\",\"position\":1,\"name\":\"Inicio\",\"item\":\"https:\/\/habitatamericas.com\/tiendacolombia\/\"},{\"@type\":\"ListItem\",\"position\":2,\"name\":\"Shop\",\"item\":\"https:\/\/habitatamericas.com\/tiendacolombia\/shop\/\"},{\"@type\":\"ListItem\",\"position\":3,\"name\":\"Gano Schokolade\"}]},{\"@type\":\"WebSite\",\"@id\":\"https:\/\/habitatamericas.com\/tiendacolombia\/#website\",\"url\":\"https:\/\/habitatamericas.com\/tiendacolombia\/\",\"name\":\"Tienda H\u00e1bitat Colombia\",\"description\":\"\u00a1Estamos transformando vidas!\",\"publisher\":{\"@id\":\"https:\/\/habitatamericas.com\/tiendacolombia\/#organization\"},\"potentialAction\":[{\"@type\":\"SearchAction\",\"target\":{\"@type\":\"EntryPoint\",\"urlTemplate\":\"https:\/\/habitatamericas.com\/tiendacolombia\/?s={search_term_string}\"},\"query-input\":\"required name=search_term_string\"}],\"inLanguage\":\"es-CO\"},{\"@type\":\"Organization\",\"@id\":\"https:\/\/habitatamericas.com\/tiendacolombia\/#organization\",\"name\":\"Tienda H\u00e1bitat Colombia\",\"url\":\"https:\/\/habitatamericas.com\/tiendacolombia\/\",\"logo\":{\"@type\":\"ImageObject\",\"inLanguage\":\"es-CO\",\"@id\":\"https:\/\/habitatamericas.com\/tiendacolombia\/#\/schema\/logo\/image\/\",\"url\":\"https:\/\/habitatamericas.com\/tiendacolombia\/wp-content\/uploads\/2024\/09\/logo-colombi.png\",\"contentUrl\":\"https:\/\/habitatamericas.com\/tiendacolombia\/wp-content\/uploads\/2024\/09\/logo-colombi.png\",\"width\":268,\"height\":106,\"caption\":\"Tienda H\u00e1bitat Colombia\"},\"image\":{\"@id\":\"https:\/\/habitatamericas.com\/tiendacolombia\/#\/schema\/logo\/image\/\"}}]}<\/script>\n<!-- \/ Yoast SEO plugin. -->","yoast_head_json":{"title":"Gano Schokolade, c\u00f3mpralo en la tienda de H\u00e1bitat","description":"Disfruta de la combinaci\u00f3n perfecta de caf\u00e9 premium, estilo capuchino, con crema no l\u00e1ctea y az\u00facar moderada, con el toque de los componentes naturales.","robots":{"index":"index","follow":"follow","max-snippet":"max-snippet:-1","max-image-preview":"max-image-preview:large","max-video-preview":"max-video-preview:-1"},"canonical":"https:\/\/habitatamericas.com\/tiendacolombia\/producto\/gano-schokolade\/","og_locale":"es_ES","og_type":"article","og_title":"Gano Schokolade, c\u00f3mpralo en la tienda de H\u00e1bitat","og_description":"Disfruta de la combinaci\u00f3n perfecta de caf\u00e9 premium, estilo capuchino, con crema no l\u00e1ctea y az\u00facar moderada, con el toque de los componentes naturales.","og_url":"https:\/\/habitatamericas.com\/tiendacolombia\/producto\/gano-schokolade\/","og_site_name":"Tienda H\u00e1bitat Colombia","article_modified_time":"2025-06-16T17:28:58+00:00","og_image":[{"width":500,"height":500,"url":"https:\/\/habitatamericas.com\/tiendacolombia\/wp-content\/uploads\/2023\/12\/Gano-Schokolade.jpg","type":"image\/jpeg"}],"twitter_card":"summary_large_image","twitter_misc":{"Tiempo de lectura":"1 minuto"},"schema":{"@context":"https:\/\/schema.org","@graph":[{"@type":"WebPage","@id":"https:\/\/habitatamericas.com\/tiendacolombia\/producto\/gano-schokolade\/","url":"https:\/\/habitatamericas.com\/tiendacolombia\/producto\/gano-schokolade\/","name":"Gano Schokolade, c\u00f3mpralo en la tienda de H\u00e1bitat","isPartOf":{"@id":"https:\/\/habitatamericas.com\/tiendacolombia\/#website"},"primaryImageOfPage":{"@id":"https:\/\/habitatamericas.com\/tiendacolombia\/producto\/gano-schokolade\/#primaryimage"},"image":{"@id":"https:\/\/habitatamericas.com\/tiendacolombia\/producto\/gano-schokolade\/#primaryimage"},"thumbnailUrl":"https:\/\/habitatamericas.com\/tiendacolombia\/wp-content\/uploads\/2023\/12\/Gano-Schokolade.jpg","datePublished":"2023-12-12T15:23:20+00:00","dateModified":"2025-06-16T17:28:58+00:00","description":"Disfruta de la combinaci\u00f3n perfecta de caf\u00e9 premium, estilo capuchino, con crema no l\u00e1ctea y az\u00facar moderada, con el toque de los componentes naturales.","breadcrumb":{"@id":"https:\/\/habitatamericas.com\/tiendacolombia\/producto\/gano-schokolade\/#breadcrumb"},"inLanguage":"es-CO","potentialAction":[{"@type":"ReadAction","target":["https:\/\/habitatamericas.com\/tiendacolombia\/producto\/gano-schokolade\/"]}]},{"@type":"ImageObject","inLanguage":"es-CO","@id":"https:\/\/habitatamericas.com\/tiendacolombia\/producto\/gano-schokolade\/#primaryimage","url":"https:\/\/habitatamericas.com\/tiendacolombia\/wp-content\/uploads\/2023\/12\/Gano-Schokolade.jpg","contentUrl":"https:\/\/habitatamericas.com\/tiendacolombia\/wp-content\/uploads\/2023\/12\/Gano-Schokolade.jpg","width":500,"height":500,"caption":"El Gano Schokolade contiene extracto del Ganoderma lucidum en su etapa joven, por lo que tiene mayor contenido de Germanio Org\u00e1nico"},{"@type":"BreadcrumbList","@id":"https:\/\/habitatamericas.com\/tiendacolombia\/producto\/gano-schokolade\/#breadcrumb","itemListElement":[{"@type":"ListItem","position":1,"name":"Inicio","item":"https:\/\/habitatamericas.com\/tiendacolombia\/"},{"@type":"ListItem","position":2,"name":"Shop","item":"https:\/\/habitatamericas.com\/tiendacolombia\/shop\/"},{"@type":"ListItem","position":3,"name":"Gano Schokolade"}]},{"@type":"WebSite","@id":"https:\/\/habitatamericas.com\/tiendacolombia\/#website","url":"https:\/\/habitatamericas.com\/tiendacolombia\/","name":"Tienda H\u00e1bitat Colombia","description":"\u00a1Estamos transformando vidas!","publisher":{"@id":"https:\/\/habitatamericas.com\/tiendacolombia\/#organization"},"potentialAction":[{"@type":"SearchAction","target":{"@type":"EntryPoint","urlTemplate":"https:\/\/habitatamericas.com\/tiendacolombia\/?s={search_term_string}"},"query-input":"required name=search_term_string"}],"inLanguage":"es-CO"},{"@type":"Organization","@id":"https:\/\/habitatamericas.com\/tiendacolombia\/#organization","name":"Tienda H\u00e1bitat Colombia","url":"https:\/\/habitatamericas.com\/tiendacolombia\/","logo":{"@type":"ImageObject","inLanguage":"es-CO","@id":"https:\/\/habitatamericas.com\/tiendacolombia\/#\/schema\/logo\/image\/","url":"https:\/\/habitatamericas.com\/tiendacolombia\/wp-content\/uploads\/2024\/09\/logo-colombi.png","contentUrl":"https:\/\/habitatamericas.com\/tiendacolombia\/wp-content\/uploads\/2024\/09\/logo-colombi.png","width":268,"height":106,"caption":"Tienda H\u00e1bitat Colombia"},"image":{"@id":"https:\/\/habitatamericas.com\/tiendacolombia\/#\/schema\/logo\/image\/"}}]}},"_links":{"self":[{"href":"https:\/\/habitatamericas.com\/tiendacolombia\/wp-json\/wp\/v2\/product\/24"}],"collection":[{"href":"https:\/\/habitatamericas.com\/tiendacolombia\/wp-json\/wp\/v2\/product"}],"about":[{"href":"https:\/\/habitatamericas.com\/tiendacolombia\/wp-json\/wp\/v2\/types\/product"}],"wp:featuredmedia":[{"embeddable":true,"href":"https:\/\/habitatamericas.com\/tiendacolombia\/wp-json\/wp\/v2\/media\/25"}],"wp:attachment":[{"href":"https:\/\/habitatamericas.com\/tiendacolombia\/wp-json\/wp\/v2\/media?parent=24"}],"wp:term":[{"taxonomy":"product_cat","embeddable":true,"href":"https:\/\/habitatamericas.com\/tiendacolombia\/wp-json\/wp\/v2\/product_cat?post=24"},{"taxonomy":"product_tag","embeddable":true,"href":"https:\/\/habitatamericas.com\/tiendacolombia\/wp-json\/wp\/v2\/product_tag?post=24"}],"curies":[{"name":"wp","href":"https:\/\/api.w.org\/{rel}","templated":true}]}}