{"id":5801,"date":"2024-10-18T12:09:34","date_gmt":"2024-10-18T17:09:34","guid":{"rendered":"https:\/\/habitatamericas.com\/tiendamexico\/?post_type=product&#038;p=5801"},"modified":"2024-10-23T12:53:27","modified_gmt":"2024-10-23T17:53:27","slug":"paquete-ejecutivo-esp-2","status":"publish","type":"product","link":"http:\/\/habitatamericas.com\/tiendamexico\/producto\/paquete-ejecutivo-esp-2\/","title":{"rendered":"Paquete ejecutivo ESP 2"},"content":{"rendered":"","protected":false},"excerpt":{"rendered":"<div>\n<h3 style=\"font-size: 22px; line-height: 25px; font-weight: 400;\">\nEl kit contiene los siguientes 23 cajas de producto, para que comiences a transformar tu vida.<\/h3>\n<ul style=\"font-size: 22px; line-height: 25px; font-weight: 400;\">\n<li>7 cajas de <a href=\"https:\/\/habitatamericas.com\/tiendamexico\/producto\/gano-cafe-3-1\/\"> <b>3 in 1<\/b><\/a><\/li>\n<li>7 cajas de <a href=\"https:\/\/habitatamericas.com\/tiendamexico\/producto\/ganocafe-classic\/\"><b>Ganocaf\u00e9 Classic<\/b><\/a><\/li>\n<li>5 caja de <a href=\"https:\/\/habitatamericas.com\/tiendamexico\/producto\/ganocafe-tongkat-ali\/\"><b>GanoCaf\u00e9 Tongkat Ali<\/b><\/a><\/li>\n<li>2 caja de <a href=\"https:\/\/habitatamericas.com\/tiendamexico\/producto\/ganocafe-schokolade\/\"><b>GanoCaf\u00e9 Schokolade<\/b><\/a><\/li>\n<li>2 caja de <a href=\"https:\/\/habitatamericas.com\/tiendamexico\/producto\/ganocafe-creal\/\"><b>GanoCaf\u00e9 C\u00b4real<\/b><\/a><\/li>\n<\/ul>\n<\/div>\n","protected":false},"featured_media":5807,"template":"","meta":{"site-sidebar-layout":"default","site-content-layout":"","ast-site-content-layout":"default","site-content-style":"default","site-sidebar-style":"default","ast-global-header-display":"","ast-banner-title-visibility":"","ast-main-header-display":"","ast-hfb-above-header-display":"","ast-hfb-below-header-display":"","ast-hfb-mobile-header-display":"","site-post-title":"","ast-breadcrumbs-content":"","ast-featured-img":"","footer-sml-layout":"","theme-transparent-header-meta":"default","adv-header-id-meta":"","stick-header-meta":"","header-above-stick-meta":"","header-main-stick-meta":"","header-below-stick-meta":"","astra-migrate-meta-layouts":"set","ast-page-background-enabled":"default","ast-page-background-meta":{"desktop":{"background-color":"","background-image":"","background-repeat":"repeat","background-position":"center center","background-size":"auto","background-attachment":"scroll","background-type":"","background-media":"","overlay-type":"","overlay-color":"","overlay-gradient":""},"tablet":{"background-color":"","background-image":"","background-repeat":"repeat","background-position":"center center","background-size":"auto","background-attachment":"scroll","background-type":"","background-media":"","overlay-type":"","overlay-color":"","overlay-gradient":""},"mobile":{"background-color":"","background-image":"","background-repeat":"repeat","background-position":"center center","background-size":"auto","background-attachment":"scroll","background-type":"","background-media":"","overlay-type":"","overlay-color":"","overlay-gradient":""}},"ast-content-background-meta":{"desktop":{"background-color":"var(--ast-global-color-5)","background-image":"","background-repeat":"repeat","background-position":"center center","background-size":"auto","background-attachment":"scroll","background-type":"","background-media":"","overlay-type":"","overlay-color":"","overlay-gradient":""},"tablet":{"background-color":"var(--ast-global-color-5)","background-image":"","background-repeat":"repeat","background-position":"center center","background-size":"auto","background-attachment":"scroll","background-type":"","background-media":"","overlay-type":"","overlay-color":"","overlay-gradient":""},"mobile":{"background-color":"var(--ast-global-color-5)","background-image":"","background-repeat":"repeat","background-position":"center center","background-size":"auto","background-attachment":"scroll","background-type":"","background-media":"","overlay-type":"","overlay-color":"","overlay-gradient":""}}},"product_cat":[83],"product_tag":[],"class_list":{"0":"post-5801","1":"product","2":"type-product","3":"status-publish","4":"has-post-thumbnail","6":"product_cat-paquetes-empresariales","7":"desktop-align-center","8":"tablet-align-center","9":"mobile-align-center","11":"first","12":"instock","13":"shipping-taxable","14":"purchasable","15":"product-type-simple"},"yoast_head":"<!-- This site is optimized with the Yoast SEO plugin v23.2 - https:\/\/yoast.com\/wordpress\/plugins\/seo\/ -->\n<title>Paquete ejecutivo ESP 2, c\u00f3mpralo en la tienda H\u00e1bitat<\/title>\n<meta name=\"description\" content=\"Compra el Paquete ejecutivo ESP 2 en la tienda M\u00e9xico y convi\u00e9rtete en cliente codificado Gano Excel\" \/>\n<meta name=\"robots\" content=\"index, follow, max-snippet:-1, max-image-preview:large, max-video-preview:-1\" \/>\n<link rel=\"canonical\" href=\"https:\/\/habitatamericas.com\/tiendamexico\/producto\/paquete-ejecutivo-esp-2\/\" \/>\n<meta property=\"og:locale\" content=\"es_ES\" \/>\n<meta property=\"og:type\" content=\"article\" \/>\n<meta property=\"og:title\" content=\"Paquete ejecutivo ESP 2, c\u00f3mpralo en la tienda H\u00e1bitat\" \/>\n<meta property=\"og:description\" content=\"Compra el Paquete ejecutivo ESP 2 en la tienda M\u00e9xico y convi\u00e9rtete en cliente codificado Gano Excel\" \/>\n<meta property=\"og:url\" content=\"https:\/\/habitatamericas.com\/tiendamexico\/producto\/paquete-ejecutivo-esp-2\/\" \/>\n<meta property=\"og:site_name\" content=\"Tienda H\u00e1bitat M\u00e9xico\" \/>\n<meta property=\"article:modified_time\" content=\"2024-10-23T17:53:27+00:00\" \/>\n<meta property=\"og:image\" content=\"https:\/\/habitatamericas.com\/tiendamexico\/wp-content\/uploads\/2024\/10\/paquete-ejecutivo-mexico.jpg\" \/>\n\t<meta property=\"og:image:width\" content=\"500\" \/>\n\t<meta property=\"og:image:height\" content=\"500\" \/>\n\t<meta property=\"og:image:type\" content=\"image\/jpeg\" \/>\n<meta name=\"twitter:card\" content=\"summary_large_image\" \/>\n<meta name=\"twitter:label1\" content=\"Tiempo de lectura\" \/>\n\t<meta name=\"twitter:data1\" content=\"1 minuto\" \/>\n<script type=\"application\/ld+json\" class=\"yoast-schema-graph\">{\"@context\":\"https:\/\/schema.org\",\"@graph\":[{\"@type\":\"WebPage\",\"@id\":\"https:\/\/habitatamericas.com\/tiendamexico\/producto\/paquete-ejecutivo-esp-2\/\",\"url\":\"https:\/\/habitatamericas.com\/tiendamexico\/producto\/paquete-ejecutivo-esp-2\/\",\"name\":\"Paquete ejecutivo ESP 2, c\u00f3mpralo en la tienda H\u00e1bitat\",\"isPartOf\":{\"@id\":\"https:\/\/habitatamericas.com\/tiendamexico\/#website\"},\"primaryImageOfPage\":{\"@id\":\"https:\/\/habitatamericas.com\/tiendamexico\/producto\/paquete-ejecutivo-esp-2\/#primaryimage\"},\"image\":{\"@id\":\"https:\/\/habitatamericas.com\/tiendamexico\/producto\/paquete-ejecutivo-esp-2\/#primaryimage\"},\"thumbnailUrl\":\"http:\/\/habitatamericas.com\/tiendamexico\/wp-content\/uploads\/2024\/10\/paquete-ejecutivo-mexico.jpg\",\"datePublished\":\"2024-10-18T17:09:34+00:00\",\"dateModified\":\"2024-10-23T17:53:27+00:00\",\"description\":\"Compra el Paquete ejecutivo ESP 2 en la tienda M\u00e9xico y convi\u00e9rtete en cliente codificado Gano Excel\",\"breadcrumb\":{\"@id\":\"https:\/\/habitatamericas.com\/tiendamexico\/producto\/paquete-ejecutivo-esp-2\/#breadcrumb\"},\"inLanguage\":\"es-CO\",\"potentialAction\":[{\"@type\":\"ReadAction\",\"target\":[\"https:\/\/habitatamericas.com\/tiendamexico\/producto\/paquete-ejecutivo-esp-2\/\"]}]},{\"@type\":\"ImageObject\",\"inLanguage\":\"es-CO\",\"@id\":\"https:\/\/habitatamericas.com\/tiendamexico\/producto\/paquete-ejecutivo-esp-2\/#primaryimage\",\"url\":\"http:\/\/habitatamericas.com\/tiendamexico\/wp-content\/uploads\/2024\/10\/paquete-ejecutivo-mexico.jpg\",\"contentUrl\":\"http:\/\/habitatamericas.com\/tiendamexico\/wp-content\/uploads\/2024\/10\/paquete-ejecutivo-mexico.jpg\",\"width\":500,\"height\":500,\"caption\":\"Paquetes ejecutivos ESP M\u00e9xico\"},{\"@type\":\"BreadcrumbList\",\"@id\":\"https:\/\/habitatamericas.com\/tiendamexico\/producto\/paquete-ejecutivo-esp-2\/#breadcrumb\",\"itemListElement\":[{\"@type\":\"ListItem\",\"position\":1,\"name\":\"Inicio\",\"item\":\"https:\/\/habitatamericas.com\/tiendamexico\/\"},{\"@type\":\"ListItem\",\"position\":2,\"name\":\"Shop\",\"item\":\"http:\/\/habitatamericas.com\/tiendamexico\/shop\/\"},{\"@type\":\"ListItem\",\"position\":3,\"name\":\"Paquete ejecutivo ESP 2\"}]},{\"@type\":\"WebSite\",\"@id\":\"https:\/\/habitatamericas.com\/tiendamexico\/#website\",\"url\":\"https:\/\/habitatamericas.com\/tiendamexico\/\",\"name\":\"Tienda H\u00e1bitat M\u00e9xico\",\"description\":\"\u00a1Estamos transformando vidas!\",\"publisher\":{\"@id\":\"https:\/\/habitatamericas.com\/tiendamexico\/#organization\"},\"potentialAction\":[{\"@type\":\"SearchAction\",\"target\":{\"@type\":\"EntryPoint\",\"urlTemplate\":\"https:\/\/habitatamericas.com\/tiendamexico\/?s={search_term_string}\"},\"query-input\":\"required name=search_term_string\"}],\"inLanguage\":\"es-CO\"},{\"@type\":\"Organization\",\"@id\":\"https:\/\/habitatamericas.com\/tiendamexico\/#organization\",\"name\":\"Tienda H\u00e1bitat M\u00e9xico\",\"url\":\"https:\/\/habitatamericas.com\/tiendamexico\/\",\"logo\":{\"@type\":\"ImageObject\",\"inLanguage\":\"es-CO\",\"@id\":\"https:\/\/habitatamericas.com\/tiendamexico\/#\/schema\/logo\/image\/\",\"url\":\"http:\/\/habitatamericas.com\/tiendamexico\/wp-content\/uploads\/2024\/10\/logo-mexico.png\",\"contentUrl\":\"http:\/\/habitatamericas.com\/tiendamexico\/wp-content\/uploads\/2024\/10\/logo-mexico.png\",\"width\":268,\"height\":107,\"caption\":\"Tienda H\u00e1bitat M\u00e9xico\"},\"image\":{\"@id\":\"https:\/\/habitatamericas.com\/tiendamexico\/#\/schema\/logo\/image\/\"}}]}<\/script>\n<!-- \/ Yoast SEO plugin. -->","yoast_head_json":{"title":"Paquete ejecutivo ESP 2, c\u00f3mpralo en la tienda H\u00e1bitat","description":"Compra el Paquete ejecutivo ESP 2 en la tienda M\u00e9xico y convi\u00e9rtete en cliente codificado Gano Excel","robots":{"index":"index","follow":"follow","max-snippet":"max-snippet:-1","max-image-preview":"max-image-preview:large","max-video-preview":"max-video-preview:-1"},"canonical":"https:\/\/habitatamericas.com\/tiendamexico\/producto\/paquete-ejecutivo-esp-2\/","og_locale":"es_ES","og_type":"article","og_title":"Paquete ejecutivo ESP 2, c\u00f3mpralo en la tienda H\u00e1bitat","og_description":"Compra el Paquete ejecutivo ESP 2 en la tienda M\u00e9xico y convi\u00e9rtete en cliente codificado Gano Excel","og_url":"https:\/\/habitatamericas.com\/tiendamexico\/producto\/paquete-ejecutivo-esp-2\/","og_site_name":"Tienda H\u00e1bitat M\u00e9xico","article_modified_time":"2024-10-23T17:53:27+00:00","og_image":[{"width":500,"height":500,"url":"https:\/\/habitatamericas.com\/tiendamexico\/wp-content\/uploads\/2024\/10\/paquete-ejecutivo-mexico.jpg","type":"image\/jpeg"}],"twitter_card":"summary_large_image","twitter_misc":{"Tiempo de lectura":"1 minuto"},"schema":{"@context":"https:\/\/schema.org","@graph":[{"@type":"WebPage","@id":"https:\/\/habitatamericas.com\/tiendamexico\/producto\/paquete-ejecutivo-esp-2\/","url":"https:\/\/habitatamericas.com\/tiendamexico\/producto\/paquete-ejecutivo-esp-2\/","name":"Paquete ejecutivo ESP 2, c\u00f3mpralo en la tienda H\u00e1bitat","isPartOf":{"@id":"https:\/\/habitatamericas.com\/tiendamexico\/#website"},"primaryImageOfPage":{"@id":"https:\/\/habitatamericas.com\/tiendamexico\/producto\/paquete-ejecutivo-esp-2\/#primaryimage"},"image":{"@id":"https:\/\/habitatamericas.com\/tiendamexico\/producto\/paquete-ejecutivo-esp-2\/#primaryimage"},"thumbnailUrl":"http:\/\/habitatamericas.com\/tiendamexico\/wp-content\/uploads\/2024\/10\/paquete-ejecutivo-mexico.jpg","datePublished":"2024-10-18T17:09:34+00:00","dateModified":"2024-10-23T17:53:27+00:00","description":"Compra el Paquete ejecutivo ESP 2 en la tienda M\u00e9xico y convi\u00e9rtete en cliente codificado Gano Excel","breadcrumb":{"@id":"https:\/\/habitatamericas.com\/tiendamexico\/producto\/paquete-ejecutivo-esp-2\/#breadcrumb"},"inLanguage":"es-CO","potentialAction":[{"@type":"ReadAction","target":["https:\/\/habitatamericas.com\/tiendamexico\/producto\/paquete-ejecutivo-esp-2\/"]}]},{"@type":"ImageObject","inLanguage":"es-CO","@id":"https:\/\/habitatamericas.com\/tiendamexico\/producto\/paquete-ejecutivo-esp-2\/#primaryimage","url":"http:\/\/habitatamericas.com\/tiendamexico\/wp-content\/uploads\/2024\/10\/paquete-ejecutivo-mexico.jpg","contentUrl":"http:\/\/habitatamericas.com\/tiendamexico\/wp-content\/uploads\/2024\/10\/paquete-ejecutivo-mexico.jpg","width":500,"height":500,"caption":"Paquetes ejecutivos ESP M\u00e9xico"},{"@type":"BreadcrumbList","@id":"https:\/\/habitatamericas.com\/tiendamexico\/producto\/paquete-ejecutivo-esp-2\/#breadcrumb","itemListElement":[{"@type":"ListItem","position":1,"name":"Inicio","item":"https:\/\/habitatamericas.com\/tiendamexico\/"},{"@type":"ListItem","position":2,"name":"Shop","item":"http:\/\/habitatamericas.com\/tiendamexico\/shop\/"},{"@type":"ListItem","position":3,"name":"Paquete ejecutivo ESP 2"}]},{"@type":"WebSite","@id":"https:\/\/habitatamericas.com\/tiendamexico\/#website","url":"https:\/\/habitatamericas.com\/tiendamexico\/","name":"Tienda H\u00e1bitat M\u00e9xico","description":"\u00a1Estamos transformando vidas!","publisher":{"@id":"https:\/\/habitatamericas.com\/tiendamexico\/#organization"},"potentialAction":[{"@type":"SearchAction","target":{"@type":"EntryPoint","urlTemplate":"https:\/\/habitatamericas.com\/tiendamexico\/?s={search_term_string}"},"query-input":"required name=search_term_string"}],"inLanguage":"es-CO"},{"@type":"Organization","@id":"https:\/\/habitatamericas.com\/tiendamexico\/#organization","name":"Tienda H\u00e1bitat M\u00e9xico","url":"https:\/\/habitatamericas.com\/tiendamexico\/","logo":{"@type":"ImageObject","inLanguage":"es-CO","@id":"https:\/\/habitatamericas.com\/tiendamexico\/#\/schema\/logo\/image\/","url":"http:\/\/habitatamericas.com\/tiendamexico\/wp-content\/uploads\/2024\/10\/logo-mexico.png","contentUrl":"http:\/\/habitatamericas.com\/tiendamexico\/wp-content\/uploads\/2024\/10\/logo-mexico.png","width":268,"height":107,"caption":"Tienda H\u00e1bitat M\u00e9xico"},"image":{"@id":"https:\/\/habitatamericas.com\/tiendamexico\/#\/schema\/logo\/image\/"}}]}},"_links":{"self":[{"href":"http:\/\/habitatamericas.com\/tiendamexico\/wp-json\/wp\/v2\/product\/5801"}],"collection":[{"href":"http:\/\/habitatamericas.com\/tiendamexico\/wp-json\/wp\/v2\/product"}],"about":[{"href":"http:\/\/habitatamericas.com\/tiendamexico\/wp-json\/wp\/v2\/types\/product"}],"wp:featuredmedia":[{"embeddable":true,"href":"http:\/\/habitatamericas.com\/tiendamexico\/wp-json\/wp\/v2\/media\/5807"}],"wp:attachment":[{"href":"http:\/\/habitatamericas.com\/tiendamexico\/wp-json\/wp\/v2\/media?parent=5801"}],"wp:term":[{"taxonomy":"product_cat","embeddable":true,"href":"http:\/\/habitatamericas.com\/tiendamexico\/wp-json\/wp\/v2\/product_cat?post=5801"},{"taxonomy":"product_tag","embeddable":true,"href":"http:\/\/habitatamericas.com\/tiendamexico\/wp-json\/wp\/v2\/product_tag?post=5801"}],"curies":[{"name":"wp","href":"https:\/\/api.w.org\/{rel}","templated":true}]}}