{"id":5541,"date":"2023-12-15T02:51:50","date_gmt":"2023-12-15T07:51:50","guid":{"rendered":"http:\/\/tiendalat.coheteam.com\/?post_type=product&#038;p=5541"},"modified":"2024-10-15T16:42:41","modified_gmt":"2024-10-15T21:42:41","slug":"ganocafe-creal","status":"publish","type":"product","link":"http:\/\/habitatamericas.com\/tiendamexico\/producto\/ganocafe-creal\/","title":{"rendered":"GanoCaf\u00e9 C\u00b4real"},"content":{"rendered":"<div>\n<h3 style=\"font-size: 35px; line-height: 35px; font-family: 'Rasputin'; color: #1a2d4e;\">Beneficios adicionales:<\/h3>\n<\/div>\n<div style=\"float: left; width: 60%;\">\n<ul style=\"font-size: 22px; line-height: 25px; font-weight: 400;\">\n<li>Fortalece las defensas del cuerpo.<\/li>\n<li>Mejora la digesti\u00f3n y el tr\u00e1nsito intestinal.<\/li>\n<li>Previene y ayuda en problemas digestivos como: gastritis, estre\u00f1imiento, col\u00f3n, dolor estomacacal, entre otros.<\/li>\n<li>Fortalece la flora intestinal.<\/li>\n<li>Previene y ayuda a regular la anemia.<\/li>\n<li>Fortalece la masa muscular y los tejidos del cuerpo.<\/li>\n<li>Previene y ayuda en problemas hormonales como la tiroides.<\/li>\n<\/ul>\n<\/div>\n<div style=\"float: left; width: 40%;\"><img decoding=\"async\" class=\"alignnone size-full wp-image-5737\" src=\"https:\/\/habitatamericas.com\/tiendacolombia\/wp-content\/uploads\/2023\/12\/beneficios-cereal.png\" alt=\"\" width=\"300\" height=\"160\" \/><\/div>\n<div class=\"cart\">\n<h3 style=\"font-size: 18px; line-height: 15px; font-weight: bold; color: #3da0d9;\">ESTE PRODUCTO ES UN SUPLEMENTO DIETARIO, NO ES UN MEDICAMENTO Y SE RECOMIENDA COMPLEMENTAR SU CONSUMO CON UNA DIETA EQUILIBRADA<\/h3>\n<\/div>\n<hr \/>\n","protected":false},"excerpt":{"rendered":"\n<div style=\"background-color: #1a2d4e; padding: 20px; border-radius: 20px 0px 20px 0; margin-top: 20px;\">\n<h3 style=\"font-size: 30px; line-height: 35px; font-family: 'Rasputin'; color: #b4cb54;\">$ 435 &#8211; Valor cliente codificado<\/h3>\n<h3 style=\"font-size: 20px; line-height: 20px; font-weight: 500; color: #fff;\">Si deseas convertirte en cliente codificado y adem\u00e1s en consumidor inteligente, escr\u00edbenos y te ayudaremos a hacerlo desde la primera compra.<\/h3>\n<div style=\"float: right; margin-top: -10px;\"><a href=\"https:\/\/wa.me\/573242064854?text=Hola%2C%20estaba%20viendo%20el%20producto%20GanoCaf%C3%A9%20C%C2%B4real%20en%20la%20tienda%20de%20M%C3%A9xico%2C%20y%20quiero%20convertirme%20en%20cliente%20codificado\"> <img decoding=\"async\" class=\"alignnone size-full wp-image-5654\" src=\"http:\/\/habitatamericas.com\/tiendacolombia\/wp-content\/uploads\/2024\/08\/boton-escribenos.png\" alt=\"whatsapp\" width=\"200\" height=\"60\" \/><\/a><\/div>\n<\/p><\/div>\n<div>\n<h3 style=\"font-size: 22px; line-height: 25px; font-weight: 400;\">Experimenta un delicioso cereal rico en fibra y prote\u00edna vegetal con hojuelas de avena integral, crema no l\u00e1ctea y az\u00facar moderada, combinado con dos de los superalimentos m\u00e1s nutritivos y saludables del mundo: extracto de espirulina y extracto soluble de <strong>Ganoderma lucidum de Gano Excel<\/strong>.<br \/>\nLa <strong>espirulina<\/strong> es un alga marina catalogada como un alimento funcional. Cuenta con un alto contenido en prote\u00edna vegetal, vitaminas y minerales. La ONU (Organizaci\u00f3n de las Naciones Unidas) la declar\u00f3 como la comida del futuro.<\/h3>\n<\/div>\n<div><img decoding=\"async\" class=\"alignnone size-full wp-image-5816\" src=\"http:\/\/habitatamericas.com\/tiendacolombia\/wp-content\/uploads\/2024\/05\/info-cereal.png\" alt=\"\" width=\"334\" height=\"124\" \/><br \/>\n<img loading=\"lazy\" decoding=\"async\" class=\"alignnone size-full wp-image-5631\" src=\"http:\/\/habitatamericas.com\/tiendamexico\/wp-content\/uploads\/2023\/12\/certificados.png\" alt=\"\" width=\"310\" height=\"110\" srcset=\"http:\/\/habitatamericas.com\/tiendamexico\/wp-content\/uploads\/2023\/12\/certificados.png 310w, http:\/\/habitatamericas.com\/tiendamexico\/wp-content\/uploads\/2023\/12\/certificados-300x106.png 300w\" sizes=\"(max-width: 310px) 100vw, 310px\" \/><\/div>\n","protected":false},"featured_media":5697,"template":"","meta":{"site-sidebar-layout":"default","site-content-layout":"","ast-site-content-layout":"default","site-content-style":"default","site-sidebar-style":"default","ast-global-header-display":"","ast-banner-title-visibility":"","ast-main-header-display":"","ast-hfb-above-header-display":"","ast-hfb-below-header-display":"","ast-hfb-mobile-header-display":"","site-post-title":"","ast-breadcrumbs-content":"","ast-featured-img":"","footer-sml-layout":"","theme-transparent-header-meta":"default","adv-header-id-meta":"","stick-header-meta":"","header-above-stick-meta":"","header-main-stick-meta":"","header-below-stick-meta":"","astra-migrate-meta-layouts":"set","ast-page-background-enabled":"default","ast-page-background-meta":{"desktop":{"background-color":"","background-image":"","background-repeat":"repeat","background-position":"center center","background-size":"auto","background-attachment":"scroll","background-type":"","background-media":"","overlay-type":"","overlay-color":"","overlay-gradient":""},"tablet":{"background-color":"","background-image":"","background-repeat":"repeat","background-position":"center center","background-size":"auto","background-attachment":"scroll","background-type":"","background-media":"","overlay-type":"","overlay-color":"","overlay-gradient":""},"mobile":{"background-color":"","background-image":"","background-repeat":"repeat","background-position":"center center","background-size":"auto","background-attachment":"scroll","background-type":"","background-media":"","overlay-type":"","overlay-color":"","overlay-gradient":""}},"ast-content-background-meta":{"desktop":{"background-color":"var(--ast-global-color-5)","background-image":"","background-repeat":"repeat","background-position":"center center","background-size":"auto","background-attachment":"scroll","background-type":"","background-media":"","overlay-type":"","overlay-color":"","overlay-gradient":""},"tablet":{"background-color":"var(--ast-global-color-5)","background-image":"","background-repeat":"repeat","background-position":"center center","background-size":"auto","background-attachment":"scroll","background-type":"","background-media":"","overlay-type":"","overlay-color":"","overlay-gradient":""},"mobile":{"background-color":"var(--ast-global-color-5)","background-image":"","background-repeat":"repeat","background-position":"center center","background-size":"auto","background-attachment":"scroll","background-type":"","background-media":"","overlay-type":"","overlay-color":"","overlay-gradient":""}}},"product_cat":[77],"product_tag":[84,23,24,92,27],"class_list":{"0":"post-5541","1":"product","2":"type-product","3":"status-publish","4":"has-post-thumbnail","6":"product_cat-bebidas-y-alimentos-funcionales","7":"product_tag-alimentos-funcionales","8":"product_tag-cereal","9":"product_tag-gano-cereal","10":"product_tag-ganocafe-creal","11":"product_tag-hojuelas","12":"desktop-align-center","13":"tablet-align-center","14":"mobile-align-center","16":"first","17":"instock","18":"featured","19":"shipping-taxable","20":"purchasable","21":"product-type-simple"},"yoast_head":"<!-- This site is optimized with the Yoast SEO plugin v23.2 - https:\/\/yoast.com\/wordpress\/plugins\/seo\/ -->\n<title>GanoCaf\u00e9 C\u00b4real, c\u00f3mpralo en la tienda de H\u00e1bitat<\/title>\n<meta name=\"description\" content=\"Experimenta un delicioso cereal rico en fibra y prote\u00edna vegetal con hojuelas de avena integral, crema no l\u00e1ctea y az\u00facar moderada\" \/>\n<meta name=\"robots\" content=\"index, follow, max-snippet:-1, max-image-preview:large, max-video-preview:-1\" \/>\n<link rel=\"canonical\" href=\"https:\/\/habitatamericas.com\/tiendamexico\/producto\/ganocafe-creal\/\" \/>\n<meta property=\"og:locale\" content=\"es_ES\" \/>\n<meta property=\"og:type\" content=\"article\" \/>\n<meta property=\"og:title\" content=\"GanoCaf\u00e9 C\u00b4real, c\u00f3mpralo en la tienda de H\u00e1bitat\" \/>\n<meta property=\"og:description\" content=\"Experimenta un delicioso cereal rico en fibra y prote\u00edna vegetal con hojuelas de avena integral, crema no l\u00e1ctea y az\u00facar moderada\" \/>\n<meta property=\"og:url\" content=\"https:\/\/habitatamericas.com\/tiendamexico\/producto\/ganocafe-creal\/\" \/>\n<meta property=\"og:site_name\" content=\"Tienda H\u00e1bitat M\u00e9xico\" \/>\n<meta property=\"article:modified_time\" content=\"2024-10-15T21:42:41+00:00\" \/>\n<meta property=\"og:image\" content=\"https:\/\/habitatamericas.com\/tiendamexico\/wp-content\/uploads\/2024\/03\/Gano-cereal.jpg\" \/>\n\t<meta property=\"og:image:width\" content=\"500\" \/>\n\t<meta property=\"og:image:height\" content=\"500\" \/>\n\t<meta property=\"og:image:type\" content=\"image\/jpeg\" \/>\n<meta name=\"twitter:card\" content=\"summary_large_image\" \/>\n<meta name=\"twitter:label1\" content=\"Tiempo de lectura\" \/>\n\t<meta name=\"twitter:data1\" content=\"1 minuto\" \/>\n<script type=\"application\/ld+json\" class=\"yoast-schema-graph\">{\"@context\":\"https:\/\/schema.org\",\"@graph\":[{\"@type\":\"WebPage\",\"@id\":\"https:\/\/habitatamericas.com\/tiendamexico\/producto\/ganocafe-creal\/\",\"url\":\"https:\/\/habitatamericas.com\/tiendamexico\/producto\/ganocafe-creal\/\",\"name\":\"GanoCaf\u00e9 C\u00b4real, c\u00f3mpralo en la tienda de H\u00e1bitat\",\"isPartOf\":{\"@id\":\"https:\/\/habitatamericas.com\/tiendamexico\/#website\"},\"primaryImageOfPage\":{\"@id\":\"https:\/\/habitatamericas.com\/tiendamexico\/producto\/ganocafe-creal\/#primaryimage\"},\"image\":{\"@id\":\"https:\/\/habitatamericas.com\/tiendamexico\/producto\/ganocafe-creal\/#primaryimage\"},\"thumbnailUrl\":\"http:\/\/habitatamericas.com\/tiendamexico\/wp-content\/uploads\/2024\/03\/Gano-cereal.jpg\",\"datePublished\":\"2023-12-15T07:51:50+00:00\",\"dateModified\":\"2024-10-15T21:42:41+00:00\",\"description\":\"Experimenta un delicioso cereal rico en fibra y prote\u00edna vegetal con hojuelas de avena integral, crema no l\u00e1ctea y az\u00facar moderada\",\"breadcrumb\":{\"@id\":\"https:\/\/habitatamericas.com\/tiendamexico\/producto\/ganocafe-creal\/#breadcrumb\"},\"inLanguage\":\"es-CO\",\"potentialAction\":[{\"@type\":\"ReadAction\",\"target\":[\"https:\/\/habitatamericas.com\/tiendamexico\/producto\/ganocafe-creal\/\"]}]},{\"@type\":\"ImageObject\",\"inLanguage\":\"es-CO\",\"@id\":\"https:\/\/habitatamericas.com\/tiendamexico\/producto\/ganocafe-creal\/#primaryimage\",\"url\":\"http:\/\/habitatamericas.com\/tiendamexico\/wp-content\/uploads\/2024\/03\/Gano-cereal.jpg\",\"contentUrl\":\"http:\/\/habitatamericas.com\/tiendamexico\/wp-content\/uploads\/2024\/03\/Gano-cereal.jpg\",\"width\":500,\"height\":500},{\"@type\":\"BreadcrumbList\",\"@id\":\"https:\/\/habitatamericas.com\/tiendamexico\/producto\/ganocafe-creal\/#breadcrumb\",\"itemListElement\":[{\"@type\":\"ListItem\",\"position\":1,\"name\":\"Inicio\",\"item\":\"https:\/\/habitatamericas.com\/tiendamexico\/\"},{\"@type\":\"ListItem\",\"position\":2,\"name\":\"Shop\",\"item\":\"https:\/\/habitatamericas.com\/tiendamexico\/shop\/\"},{\"@type\":\"ListItem\",\"position\":3,\"name\":\"GanoCaf\u00e9 C\u00b4real\"}]},{\"@type\":\"WebSite\",\"@id\":\"https:\/\/habitatamericas.com\/tiendamexico\/#website\",\"url\":\"https:\/\/habitatamericas.com\/tiendamexico\/\",\"name\":\"Tienda H\u00e1bitat M\u00e9xico\",\"description\":\"\u00a1Estamos transformando vidas!\",\"publisher\":{\"@id\":\"https:\/\/habitatamericas.com\/tiendamexico\/#organization\"},\"potentialAction\":[{\"@type\":\"SearchAction\",\"target\":{\"@type\":\"EntryPoint\",\"urlTemplate\":\"https:\/\/habitatamericas.com\/tiendamexico\/?s={search_term_string}\"},\"query-input\":\"required name=search_term_string\"}],\"inLanguage\":\"es-CO\"},{\"@type\":\"Organization\",\"@id\":\"https:\/\/habitatamericas.com\/tiendamexico\/#organization\",\"name\":\"Tienda H\u00e1bitat M\u00e9xico\",\"url\":\"https:\/\/habitatamericas.com\/tiendamexico\/\",\"logo\":{\"@type\":\"ImageObject\",\"inLanguage\":\"es-CO\",\"@id\":\"https:\/\/habitatamericas.com\/tiendamexico\/#\/schema\/logo\/image\/\",\"url\":\"http:\/\/habitatamericas.com\/tiendamexico\/wp-content\/uploads\/2024\/10\/logo-mexico.png\",\"contentUrl\":\"http:\/\/habitatamericas.com\/tiendamexico\/wp-content\/uploads\/2024\/10\/logo-mexico.png\",\"width\":268,\"height\":107,\"caption\":\"Tienda H\u00e1bitat M\u00e9xico\"},\"image\":{\"@id\":\"https:\/\/habitatamericas.com\/tiendamexico\/#\/schema\/logo\/image\/\"}}]}<\/script>\n<!-- \/ Yoast SEO plugin. -->","yoast_head_json":{"title":"GanoCaf\u00e9 C\u00b4real, c\u00f3mpralo en la tienda de H\u00e1bitat","description":"Experimenta un delicioso cereal rico en fibra y prote\u00edna vegetal con hojuelas de avena integral, crema no l\u00e1ctea y az\u00facar moderada","robots":{"index":"index","follow":"follow","max-snippet":"max-snippet:-1","max-image-preview":"max-image-preview:large","max-video-preview":"max-video-preview:-1"},"canonical":"https:\/\/habitatamericas.com\/tiendamexico\/producto\/ganocafe-creal\/","og_locale":"es_ES","og_type":"article","og_title":"GanoCaf\u00e9 C\u00b4real, c\u00f3mpralo en la tienda de H\u00e1bitat","og_description":"Experimenta un delicioso cereal rico en fibra y prote\u00edna vegetal con hojuelas de avena integral, crema no l\u00e1ctea y az\u00facar moderada","og_url":"https:\/\/habitatamericas.com\/tiendamexico\/producto\/ganocafe-creal\/","og_site_name":"Tienda H\u00e1bitat M\u00e9xico","article_modified_time":"2024-10-15T21:42:41+00:00","og_image":[{"width":500,"height":500,"url":"https:\/\/habitatamericas.com\/tiendamexico\/wp-content\/uploads\/2024\/03\/Gano-cereal.jpg","type":"image\/jpeg"}],"twitter_card":"summary_large_image","twitter_misc":{"Tiempo de lectura":"1 minuto"},"schema":{"@context":"https:\/\/schema.org","@graph":[{"@type":"WebPage","@id":"https:\/\/habitatamericas.com\/tiendamexico\/producto\/ganocafe-creal\/","url":"https:\/\/habitatamericas.com\/tiendamexico\/producto\/ganocafe-creal\/","name":"GanoCaf\u00e9 C\u00b4real, c\u00f3mpralo en la tienda de H\u00e1bitat","isPartOf":{"@id":"https:\/\/habitatamericas.com\/tiendamexico\/#website"},"primaryImageOfPage":{"@id":"https:\/\/habitatamericas.com\/tiendamexico\/producto\/ganocafe-creal\/#primaryimage"},"image":{"@id":"https:\/\/habitatamericas.com\/tiendamexico\/producto\/ganocafe-creal\/#primaryimage"},"thumbnailUrl":"http:\/\/habitatamericas.com\/tiendamexico\/wp-content\/uploads\/2024\/03\/Gano-cereal.jpg","datePublished":"2023-12-15T07:51:50+00:00","dateModified":"2024-10-15T21:42:41+00:00","description":"Experimenta un delicioso cereal rico en fibra y prote\u00edna vegetal con hojuelas de avena integral, crema no l\u00e1ctea y az\u00facar moderada","breadcrumb":{"@id":"https:\/\/habitatamericas.com\/tiendamexico\/producto\/ganocafe-creal\/#breadcrumb"},"inLanguage":"es-CO","potentialAction":[{"@type":"ReadAction","target":["https:\/\/habitatamericas.com\/tiendamexico\/producto\/ganocafe-creal\/"]}]},{"@type":"ImageObject","inLanguage":"es-CO","@id":"https:\/\/habitatamericas.com\/tiendamexico\/producto\/ganocafe-creal\/#primaryimage","url":"http:\/\/habitatamericas.com\/tiendamexico\/wp-content\/uploads\/2024\/03\/Gano-cereal.jpg","contentUrl":"http:\/\/habitatamericas.com\/tiendamexico\/wp-content\/uploads\/2024\/03\/Gano-cereal.jpg","width":500,"height":500},{"@type":"BreadcrumbList","@id":"https:\/\/habitatamericas.com\/tiendamexico\/producto\/ganocafe-creal\/#breadcrumb","itemListElement":[{"@type":"ListItem","position":1,"name":"Inicio","item":"https:\/\/habitatamericas.com\/tiendamexico\/"},{"@type":"ListItem","position":2,"name":"Shop","item":"https:\/\/habitatamericas.com\/tiendamexico\/shop\/"},{"@type":"ListItem","position":3,"name":"GanoCaf\u00e9 C\u00b4real"}]},{"@type":"WebSite","@id":"https:\/\/habitatamericas.com\/tiendamexico\/#website","url":"https:\/\/habitatamericas.com\/tiendamexico\/","name":"Tienda H\u00e1bitat M\u00e9xico","description":"\u00a1Estamos transformando vidas!","publisher":{"@id":"https:\/\/habitatamericas.com\/tiendamexico\/#organization"},"potentialAction":[{"@type":"SearchAction","target":{"@type":"EntryPoint","urlTemplate":"https:\/\/habitatamericas.com\/tiendamexico\/?s={search_term_string}"},"query-input":"required name=search_term_string"}],"inLanguage":"es-CO"},{"@type":"Organization","@id":"https:\/\/habitatamericas.com\/tiendamexico\/#organization","name":"Tienda H\u00e1bitat M\u00e9xico","url":"https:\/\/habitatamericas.com\/tiendamexico\/","logo":{"@type":"ImageObject","inLanguage":"es-CO","@id":"https:\/\/habitatamericas.com\/tiendamexico\/#\/schema\/logo\/image\/","url":"http:\/\/habitatamericas.com\/tiendamexico\/wp-content\/uploads\/2024\/10\/logo-mexico.png","contentUrl":"http:\/\/habitatamericas.com\/tiendamexico\/wp-content\/uploads\/2024\/10\/logo-mexico.png","width":268,"height":107,"caption":"Tienda H\u00e1bitat M\u00e9xico"},"image":{"@id":"https:\/\/habitatamericas.com\/tiendamexico\/#\/schema\/logo\/image\/"}}]}},"_links":{"self":[{"href":"http:\/\/habitatamericas.com\/tiendamexico\/wp-json\/wp\/v2\/product\/5541"}],"collection":[{"href":"http:\/\/habitatamericas.com\/tiendamexico\/wp-json\/wp\/v2\/product"}],"about":[{"href":"http:\/\/habitatamericas.com\/tiendamexico\/wp-json\/wp\/v2\/types\/product"}],"wp:featuredmedia":[{"embeddable":true,"href":"http:\/\/habitatamericas.com\/tiendamexico\/wp-json\/wp\/v2\/media\/5697"}],"wp:attachment":[{"href":"http:\/\/habitatamericas.com\/tiendamexico\/wp-json\/wp\/v2\/media?parent=5541"}],"wp:term":[{"taxonomy":"product_cat","embeddable":true,"href":"http:\/\/habitatamericas.com\/tiendamexico\/wp-json\/wp\/v2\/product_cat?post=5541"},{"taxonomy":"product_tag","embeddable":true,"href":"http:\/\/habitatamericas.com\/tiendamexico\/wp-json\/wp\/v2\/product_tag?post=5541"}],"curies":[{"name":"wp","href":"https:\/\/api.w.org\/{rel}","templated":true}]}}