{"id":32,"date":"2023-12-12T11:57:47","date_gmt":"2023-12-12T16:57:47","guid":{"rendered":"http:\/\/tiendalat.coheteam.com\/?post_type=product&#038;p=32"},"modified":"2024-10-16T09:43:12","modified_gmt":"2024-10-16T14:43:12","slug":"ganocafe-tongkat-ali","status":"publish","type":"product","link":"http:\/\/habitatamericas.com\/tiendamexico\/producto\/ganocafe-tongkat-ali\/","title":{"rendered":"GanoCaf\u00e9 Tongkat Ali"},"content":{"rendered":"<div>\n<h3 style=\"font-size: 35px; line-height: 35px; font-family: 'Rasputin'; color: #1a2d4e;\">Beneficios adicionales:<\/h3>\n<\/div>\n<div style=\"float: left;\">\n<ul style=\"font-size: 20px; line-height: 25px; font-weight: 400;\">\n<li>Aumenta los niveles de testosterona.<\/li>\n<li>Potencializador sexual.<\/li>\n<li>Reduce el estr\u00e9s.<\/li>\n<li>Mejora la composici\u00f3n muscular.<\/li>\n<li>Promueve la formaci\u00f3n \u00f3sea.<\/li>\n<li>Rejuvenece.<\/li>\n<li>Aumenta la fuerza f\u00edsica.<\/li>\n<li>Capacidad reguladora del sistema inmunol\u00f3gico.<\/li>\n<li>Ayuda a bajar los niveles de colesterol en la sangre.<\/li>\n<li>Ayuda a regular los niveles de az\u00facar en sangre.<\/li>\n<li>Optimiza el metabolismo y previene complicaciones renales en personas diab\u00e9ticas.<\/li>\n<li>Posee actividad antibacteriana.<\/li>\n<li>Ayuda a regular la presi\u00f3n arterial.<\/li>\n<li>Tiene una acci\u00f3n hepatoprotectora.<\/li>\n<li>Posee actividad antiinflamatoria.<\/li>\n<li>Neuroprotector y neuropotencializador.<\/li>\n<\/ul>\n<\/div>\n<div class=\"cart\">\n<h3 style=\"font-size: 18px; line-height: 15px; font-weight: bold; color: #3da0d9;\">ESTE PRODUCTO ES UN SUPLEMENTO DIETARIO, NO ES UN MEDICAMENTO Y SE RECOMIENDA COMPLEMENTAR SU CONSUMO CON UNA DIETA EQUILIBRADA<\/h3>\n<\/div>\n<hr \/>\n","protected":false},"excerpt":{"rendered":"\n<div style=\"background-color: #1a2d4e; padding: 20px; border-radius: 20px 0px 20px 0; margin-top: 20px;\">\n<h3 style=\"font-size: 30px; line-height: 35px; font-family: 'Rasputin'; color: #b4cb54;\">$ 415 &#8211; Valor cliente codificado<\/h3>\n<h3 style=\"font-size: 20px; line-height: 20px; font-weight: 500; color: #fff;\">Si deseas convertirte en cliente codificado y adem\u00e1s en consumidor inteligente, escr\u00edbenos y te ayudaremos a hacerlo desde la primera compra.<\/h3>\n<div style=\"float: right; margin-top: -10px;\"><a href=\"https:\/\/wa.me\/573242064854?text=Hola%2C%20estaba%20viendo%20el%20producto%20GanoCaf%C3%A9%20Tongkat%20Ali%20en%20la%20tienda%20de%20M%C3%A9xico%2C%20y%20quiero%20convertirme%20en%20cliente%20codificado\"> <img decoding=\"async\" class=\"alignnone size-full wp-image-5654\" src=\"http:\/\/habitatamericas.com\/tiendacolombia\/wp-content\/uploads\/2024\/08\/boton-escribenos.png\" alt=\"whatsapp\" width=\"200\" height=\"60\" \/><\/a><\/div>\n<\/p><\/div>\n<div>\n<h3 style=\"font-size: 22px; line-height: 25px; font-weight: 400;\">\u00a1Descubre la m\u00e1gica fusi\u00f3n de los m\u00e1s exquisitos granos de caf\u00e9 y el poderoso extracto de <strong>Ganoderma Lucidum<\/strong>! Adem\u00e1s, est\u00e1 enriquecido con <strong>Tongkat Ali y Ginseng<\/strong>, dos ra\u00edces llenas de nutrientes y beneficios para la salud.<br \/>\nSum\u00e9rgete en una experiencia \u00fanica con nuestra exclusiva mezcla de <strong>caf\u00e9 tipo premium<\/strong>, endulzada con az\u00facar org\u00e1nica y la suavidad de la crema vegetal.<\/h3>\n<\/div>\n<div><img decoding=\"async\" class=\"alignnone size-full wp-image-5735\" src=\"http:\/\/habitatamericas.com\/tiendamexico\/wp-content\/uploads\/2024\/08\/Preparacion-tonkat-ali-1.png\" alt=\"\" width=\"350\" height=\"130\" srcset=\"http:\/\/habitatamericas.com\/tiendamexico\/wp-content\/uploads\/2024\/08\/Preparacion-tonkat-ali-1.png 350w, http:\/\/habitatamericas.com\/tiendamexico\/wp-content\/uploads\/2024\/08\/Preparacion-tonkat-ali-1-300x111.png 300w\" sizes=\"(max-width: 350px) 100vw, 350px\" \/><br \/>\n<img decoding=\"async\" class=\"alignnone size-full wp-image-5701\" src=\"http:\/\/habitatamericas.com\/tiendamexico\/wp-content\/uploads\/2024\/03\/certificaciones-clasico.png\" alt=\"\" width=\"420\" height=\"100\" srcset=\"http:\/\/habitatamericas.com\/tiendamexico\/wp-content\/uploads\/2024\/03\/certificaciones-clasico.png 420w, http:\/\/habitatamericas.com\/tiendamexico\/wp-content\/uploads\/2024\/03\/certificaciones-clasico-300x71.png 300w\" sizes=\"(max-width: 420px) 100vw, 420px\" \/><\/div>\n","protected":false},"featured_media":5699,"template":"","meta":{"site-sidebar-layout":"default","site-content-layout":"","ast-site-content-layout":"default","site-content-style":"default","site-sidebar-style":"default","ast-global-header-display":"","ast-banner-title-visibility":"","ast-main-header-display":"","ast-hfb-above-header-display":"","ast-hfb-below-header-display":"","ast-hfb-mobile-header-display":"","site-post-title":"","ast-breadcrumbs-content":"","ast-featured-img":"","footer-sml-layout":"","theme-transparent-header-meta":"default","adv-header-id-meta":"","stick-header-meta":"","header-above-stick-meta":"","header-main-stick-meta":"","header-below-stick-meta":"","astra-migrate-meta-layouts":"set","ast-page-background-enabled":"default","ast-page-background-meta":{"desktop":{"background-color":"","background-image":"","background-repeat":"repeat","background-position":"center center","background-size":"auto","background-attachment":"scroll","background-type":"","background-media":"","overlay-type":"","overlay-color":"","overlay-gradient":""},"tablet":{"background-color":"","background-image":"","background-repeat":"repeat","background-position":"center center","background-size":"auto","background-attachment":"scroll","background-type":"","background-media":"","overlay-type":"","overlay-color":"","overlay-gradient":""},"mobile":{"background-color":"","background-image":"","background-repeat":"repeat","background-position":"center center","background-size":"auto","background-attachment":"scroll","background-type":"","background-media":"","overlay-type":"","overlay-color":"","overlay-gradient":""}},"ast-content-background-meta":{"desktop":{"background-color":"var(--ast-global-color-5)","background-image":"","background-repeat":"repeat","background-position":"center center","background-size":"auto","background-attachment":"scroll","background-type":"","background-media":"","overlay-type":"","overlay-color":"","overlay-gradient":""},"tablet":{"background-color":"var(--ast-global-color-5)","background-image":"","background-repeat":"repeat","background-position":"center center","background-size":"auto","background-attachment":"scroll","background-type":"","background-media":"","overlay-type":"","overlay-color":"","overlay-gradient":""},"mobile":{"background-color":"var(--ast-global-color-5)","background-image":"","background-repeat":"repeat","background-position":"center center","background-size":"auto","background-attachment":"scroll","background-type":"","background-media":"","overlay-type":"","overlay-color":"","overlay-gradient":""}}},"product_cat":[77],"product_tag":[88,20,91,90,89],"class_list":{"0":"post-32","1":"product","2":"type-product","3":"status-publish","4":"has-post-thumbnail","6":"product_cat-bebidas-y-alimentos-funcionales","7":"product_tag-ganocafe-tongkat-ali","8":"product_tag-ganoderma-lucidum","9":"product_tag-ganoexcel","10":"product_tag-ginseng","11":"product_tag-tongkat-ali","12":"desktop-align-center","13":"tablet-align-center","14":"mobile-align-center","16":"first","17":"instock","18":"featured","19":"shipping-taxable","20":"purchasable","21":"product-type-simple"},"yoast_head":"<!-- This site is optimized with the Yoast SEO plugin v23.2 - https:\/\/yoast.com\/wordpress\/plugins\/seo\/ -->\n<title>GanoCaf\u00e9 Tongkat Ali, c\u00f3mpralo en la tienda de H\u00e1bitat<\/title>\n<meta name=\"description\" content=\"\u00a1Descubre la m\u00e1gica fusi\u00f3n de los m\u00e1s exquisitos granos de caf\u00e9 y el poderoso extracto de Ganoderma Lucidum! Est\u00e1 enriquecido con Tongkat Ali y Ginseng\" \/>\n<meta name=\"robots\" content=\"index, follow, max-snippet:-1, max-image-preview:large, max-video-preview:-1\" \/>\n<link rel=\"canonical\" href=\"https:\/\/habitatamericas.com\/tiendamexico\/producto\/ganocafe-tongkat-ali\/\" \/>\n<meta property=\"og:locale\" content=\"es_ES\" \/>\n<meta property=\"og:type\" content=\"article\" \/>\n<meta property=\"og:title\" content=\"GanoCaf\u00e9 Tongkat Ali, c\u00f3mpralo en la tienda de H\u00e1bitat\" \/>\n<meta property=\"og:description\" content=\"\u00a1Descubre la m\u00e1gica fusi\u00f3n de los m\u00e1s exquisitos granos de caf\u00e9 y el poderoso extracto de Ganoderma Lucidum! Est\u00e1 enriquecido con Tongkat Ali y Ginseng\" \/>\n<meta property=\"og:url\" content=\"https:\/\/habitatamericas.com\/tiendamexico\/producto\/ganocafe-tongkat-ali\/\" \/>\n<meta property=\"og:site_name\" content=\"Tienda H\u00e1bitat M\u00e9xico\" \/>\n<meta property=\"article:modified_time\" content=\"2024-10-16T14:43:12+00:00\" \/>\n<meta property=\"og:image\" content=\"https:\/\/habitatamericas.com\/tiendamexico\/wp-content\/uploads\/2024\/03\/Gano-Tongkat.jpg\" \/>\n\t<meta property=\"og:image:width\" content=\"500\" \/>\n\t<meta property=\"og:image:height\" content=\"500\" \/>\n\t<meta property=\"og:image:type\" content=\"image\/jpeg\" \/>\n<meta name=\"twitter:card\" content=\"summary_large_image\" \/>\n<meta name=\"twitter:label1\" content=\"Tiempo de lectura\" \/>\n\t<meta name=\"twitter:data1\" content=\"1 minuto\" \/>\n<script type=\"application\/ld+json\" class=\"yoast-schema-graph\">{\"@context\":\"https:\/\/schema.org\",\"@graph\":[{\"@type\":\"WebPage\",\"@id\":\"https:\/\/habitatamericas.com\/tiendamexico\/producto\/ganocafe-tongkat-ali\/\",\"url\":\"https:\/\/habitatamericas.com\/tiendamexico\/producto\/ganocafe-tongkat-ali\/\",\"name\":\"GanoCaf\u00e9 Tongkat Ali, c\u00f3mpralo en la tienda de H\u00e1bitat\",\"isPartOf\":{\"@id\":\"https:\/\/habitatamericas.com\/tiendamexico\/#website\"},\"primaryImageOfPage\":{\"@id\":\"https:\/\/habitatamericas.com\/tiendamexico\/producto\/ganocafe-tongkat-ali\/#primaryimage\"},\"image\":{\"@id\":\"https:\/\/habitatamericas.com\/tiendamexico\/producto\/ganocafe-tongkat-ali\/#primaryimage\"},\"thumbnailUrl\":\"http:\/\/habitatamericas.com\/tiendamexico\/wp-content\/uploads\/2024\/03\/Gano-Tongkat.jpg\",\"datePublished\":\"2023-12-12T16:57:47+00:00\",\"dateModified\":\"2024-10-16T14:43:12+00:00\",\"description\":\"\u00a1Descubre la m\u00e1gica fusi\u00f3n de los m\u00e1s exquisitos granos de caf\u00e9 y el poderoso extracto de Ganoderma Lucidum! Est\u00e1 enriquecido con Tongkat Ali y Ginseng\",\"breadcrumb\":{\"@id\":\"https:\/\/habitatamericas.com\/tiendamexico\/producto\/ganocafe-tongkat-ali\/#breadcrumb\"},\"inLanguage\":\"es-CO\",\"potentialAction\":[{\"@type\":\"ReadAction\",\"target\":[\"https:\/\/habitatamericas.com\/tiendamexico\/producto\/ganocafe-tongkat-ali\/\"]}]},{\"@type\":\"ImageObject\",\"inLanguage\":\"es-CO\",\"@id\":\"https:\/\/habitatamericas.com\/tiendamexico\/producto\/ganocafe-tongkat-ali\/#primaryimage\",\"url\":\"http:\/\/habitatamericas.com\/tiendamexico\/wp-content\/uploads\/2024\/03\/Gano-Tongkat.jpg\",\"contentUrl\":\"http:\/\/habitatamericas.com\/tiendamexico\/wp-content\/uploads\/2024\/03\/Gano-Tongkat.jpg\",\"width\":500,\"height\":500},{\"@type\":\"BreadcrumbList\",\"@id\":\"https:\/\/habitatamericas.com\/tiendamexico\/producto\/ganocafe-tongkat-ali\/#breadcrumb\",\"itemListElement\":[{\"@type\":\"ListItem\",\"position\":1,\"name\":\"Inicio\",\"item\":\"https:\/\/habitatamericas.com\/tiendamexico\/\"},{\"@type\":\"ListItem\",\"position\":2,\"name\":\"Shop\",\"item\":\"http:\/\/habitatamericas.com\/tiendamexico\/shop\/\"},{\"@type\":\"ListItem\",\"position\":3,\"name\":\"GanoCaf\u00e9 Tongkat Ali\"}]},{\"@type\":\"WebSite\",\"@id\":\"https:\/\/habitatamericas.com\/tiendamexico\/#website\",\"url\":\"https:\/\/habitatamericas.com\/tiendamexico\/\",\"name\":\"Tienda H\u00e1bitat M\u00e9xico\",\"description\":\"\u00a1Estamos transformando vidas!\",\"publisher\":{\"@id\":\"https:\/\/habitatamericas.com\/tiendamexico\/#organization\"},\"potentialAction\":[{\"@type\":\"SearchAction\",\"target\":{\"@type\":\"EntryPoint\",\"urlTemplate\":\"https:\/\/habitatamericas.com\/tiendamexico\/?s={search_term_string}\"},\"query-input\":\"required name=search_term_string\"}],\"inLanguage\":\"es-CO\"},{\"@type\":\"Organization\",\"@id\":\"https:\/\/habitatamericas.com\/tiendamexico\/#organization\",\"name\":\"Tienda H\u00e1bitat M\u00e9xico\",\"url\":\"https:\/\/habitatamericas.com\/tiendamexico\/\",\"logo\":{\"@type\":\"ImageObject\",\"inLanguage\":\"es-CO\",\"@id\":\"https:\/\/habitatamericas.com\/tiendamexico\/#\/schema\/logo\/image\/\",\"url\":\"http:\/\/habitatamericas.com\/tiendamexico\/wp-content\/uploads\/2024\/10\/logo-mexico.png\",\"contentUrl\":\"http:\/\/habitatamericas.com\/tiendamexico\/wp-content\/uploads\/2024\/10\/logo-mexico.png\",\"width\":268,\"height\":107,\"caption\":\"Tienda H\u00e1bitat M\u00e9xico\"},\"image\":{\"@id\":\"https:\/\/habitatamericas.com\/tiendamexico\/#\/schema\/logo\/image\/\"}}]}<\/script>\n<!-- \/ Yoast SEO plugin. -->","yoast_head_json":{"title":"GanoCaf\u00e9 Tongkat Ali, c\u00f3mpralo en la tienda de H\u00e1bitat","description":"\u00a1Descubre la m\u00e1gica fusi\u00f3n de los m\u00e1s exquisitos granos de caf\u00e9 y el poderoso extracto de Ganoderma Lucidum! Est\u00e1 enriquecido con Tongkat Ali y Ginseng","robots":{"index":"index","follow":"follow","max-snippet":"max-snippet:-1","max-image-preview":"max-image-preview:large","max-video-preview":"max-video-preview:-1"},"canonical":"https:\/\/habitatamericas.com\/tiendamexico\/producto\/ganocafe-tongkat-ali\/","og_locale":"es_ES","og_type":"article","og_title":"GanoCaf\u00e9 Tongkat Ali, c\u00f3mpralo en la tienda de H\u00e1bitat","og_description":"\u00a1Descubre la m\u00e1gica fusi\u00f3n de los m\u00e1s exquisitos granos de caf\u00e9 y el poderoso extracto de Ganoderma Lucidum! Est\u00e1 enriquecido con Tongkat Ali y Ginseng","og_url":"https:\/\/habitatamericas.com\/tiendamexico\/producto\/ganocafe-tongkat-ali\/","og_site_name":"Tienda H\u00e1bitat M\u00e9xico","article_modified_time":"2024-10-16T14:43:12+00:00","og_image":[{"width":500,"height":500,"url":"https:\/\/habitatamericas.com\/tiendamexico\/wp-content\/uploads\/2024\/03\/Gano-Tongkat.jpg","type":"image\/jpeg"}],"twitter_card":"summary_large_image","twitter_misc":{"Tiempo de lectura":"1 minuto"},"schema":{"@context":"https:\/\/schema.org","@graph":[{"@type":"WebPage","@id":"https:\/\/habitatamericas.com\/tiendamexico\/producto\/ganocafe-tongkat-ali\/","url":"https:\/\/habitatamericas.com\/tiendamexico\/producto\/ganocafe-tongkat-ali\/","name":"GanoCaf\u00e9 Tongkat Ali, c\u00f3mpralo en la tienda de H\u00e1bitat","isPartOf":{"@id":"https:\/\/habitatamericas.com\/tiendamexico\/#website"},"primaryImageOfPage":{"@id":"https:\/\/habitatamericas.com\/tiendamexico\/producto\/ganocafe-tongkat-ali\/#primaryimage"},"image":{"@id":"https:\/\/habitatamericas.com\/tiendamexico\/producto\/ganocafe-tongkat-ali\/#primaryimage"},"thumbnailUrl":"http:\/\/habitatamericas.com\/tiendamexico\/wp-content\/uploads\/2024\/03\/Gano-Tongkat.jpg","datePublished":"2023-12-12T16:57:47+00:00","dateModified":"2024-10-16T14:43:12+00:00","description":"\u00a1Descubre la m\u00e1gica fusi\u00f3n de los m\u00e1s exquisitos granos de caf\u00e9 y el poderoso extracto de Ganoderma Lucidum! Est\u00e1 enriquecido con Tongkat Ali y Ginseng","breadcrumb":{"@id":"https:\/\/habitatamericas.com\/tiendamexico\/producto\/ganocafe-tongkat-ali\/#breadcrumb"},"inLanguage":"es-CO","potentialAction":[{"@type":"ReadAction","target":["https:\/\/habitatamericas.com\/tiendamexico\/producto\/ganocafe-tongkat-ali\/"]}]},{"@type":"ImageObject","inLanguage":"es-CO","@id":"https:\/\/habitatamericas.com\/tiendamexico\/producto\/ganocafe-tongkat-ali\/#primaryimage","url":"http:\/\/habitatamericas.com\/tiendamexico\/wp-content\/uploads\/2024\/03\/Gano-Tongkat.jpg","contentUrl":"http:\/\/habitatamericas.com\/tiendamexico\/wp-content\/uploads\/2024\/03\/Gano-Tongkat.jpg","width":500,"height":500},{"@type":"BreadcrumbList","@id":"https:\/\/habitatamericas.com\/tiendamexico\/producto\/ganocafe-tongkat-ali\/#breadcrumb","itemListElement":[{"@type":"ListItem","position":1,"name":"Inicio","item":"https:\/\/habitatamericas.com\/tiendamexico\/"},{"@type":"ListItem","position":2,"name":"Shop","item":"http:\/\/habitatamericas.com\/tiendamexico\/shop\/"},{"@type":"ListItem","position":3,"name":"GanoCaf\u00e9 Tongkat Ali"}]},{"@type":"WebSite","@id":"https:\/\/habitatamericas.com\/tiendamexico\/#website","url":"https:\/\/habitatamericas.com\/tiendamexico\/","name":"Tienda H\u00e1bitat M\u00e9xico","description":"\u00a1Estamos transformando vidas!","publisher":{"@id":"https:\/\/habitatamericas.com\/tiendamexico\/#organization"},"potentialAction":[{"@type":"SearchAction","target":{"@type":"EntryPoint","urlTemplate":"https:\/\/habitatamericas.com\/tiendamexico\/?s={search_term_string}"},"query-input":"required name=search_term_string"}],"inLanguage":"es-CO"},{"@type":"Organization","@id":"https:\/\/habitatamericas.com\/tiendamexico\/#organization","name":"Tienda H\u00e1bitat M\u00e9xico","url":"https:\/\/habitatamericas.com\/tiendamexico\/","logo":{"@type":"ImageObject","inLanguage":"es-CO","@id":"https:\/\/habitatamericas.com\/tiendamexico\/#\/schema\/logo\/image\/","url":"http:\/\/habitatamericas.com\/tiendamexico\/wp-content\/uploads\/2024\/10\/logo-mexico.png","contentUrl":"http:\/\/habitatamericas.com\/tiendamexico\/wp-content\/uploads\/2024\/10\/logo-mexico.png","width":268,"height":107,"caption":"Tienda H\u00e1bitat M\u00e9xico"},"image":{"@id":"https:\/\/habitatamericas.com\/tiendamexico\/#\/schema\/logo\/image\/"}}]}},"_links":{"self":[{"href":"http:\/\/habitatamericas.com\/tiendamexico\/wp-json\/wp\/v2\/product\/32"}],"collection":[{"href":"http:\/\/habitatamericas.com\/tiendamexico\/wp-json\/wp\/v2\/product"}],"about":[{"href":"http:\/\/habitatamericas.com\/tiendamexico\/wp-json\/wp\/v2\/types\/product"}],"wp:featuredmedia":[{"embeddable":true,"href":"http:\/\/habitatamericas.com\/tiendamexico\/wp-json\/wp\/v2\/media\/5699"}],"wp:attachment":[{"href":"http:\/\/habitatamericas.com\/tiendamexico\/wp-json\/wp\/v2\/media?parent=32"}],"wp:term":[{"taxonomy":"product_cat","embeddable":true,"href":"http:\/\/habitatamericas.com\/tiendamexico\/wp-json\/wp\/v2\/product_cat?post=32"},{"taxonomy":"product_tag","embeddable":true,"href":"http:\/\/habitatamericas.com\/tiendamexico\/wp-json\/wp\/v2\/product_tag?post=32"}],"curies":[{"name":"wp","href":"https:\/\/api.w.org\/{rel}","templated":true}]}}