{"id":23,"date":"2023-12-11T18:20:29","date_gmt":"2023-12-11T23:20:29","guid":{"rendered":"http:\/\/tiendalat.coheteam.com\/?post_type=product&#038;p=23"},"modified":"2024-10-15T16:58:16","modified_gmt":"2024-10-15T21:58:16","slug":"ganocafe-classic","status":"publish","type":"product","link":"http:\/\/habitatamericas.com\/tiendamexico\/producto\/ganocafe-classic\/","title":{"rendered":"GanoCaf\u00e9 Classic"},"content":{"rendered":"<div>\n<h3 style=\"font-size: 32px; line-height: 35px; font-family: 'Rasputin'; color: #1a2d4e;\">Beneficios adicionales:<\/h3>\n<\/div>\n<div style=\"float: left; width: 60%;\">\n<ul style=\"font-size: 20px; line-height: 25px; font-weight: 400;\">\n<li>Recomendado para diab\u00e9ticos, ya que no contiene az\u00facar.<\/li>\n<li>Mejora el metabolismo.<\/li>\n<li>Ayuda en el control del peso.<\/li>\n<\/ul>\n<\/div>\n<div style=\"float: left; width: 40%;\">\n<div style=\"margin-left: 20px; margin-right: 20px;\"><\/div>\n<p><img decoding=\"async\" class=\"alignnone size-full wp-image-5671\" src=\"https:\/\/habitatamericas.com\/tiendacolombia\/wp-content\/uploads\/2023\/12\/beneficios-cafe-clasico.png\" alt=\"\" width=\"300\" height=\"160\" \/><\/p>\n<\/div>\n<div class=\"cart\">\n<h3 style=\"font-size: 18px; line-height: 15px; font-weight: bold; color: #3da0d9;\">ESTE PRODUCTO ES UN SUPLEMENTO DIETARIO, NO ES UN MEDICAMENTO Y SE RECOMIENDA COMPLEMENTAR SU CONSUMO CON UNA DIETA EQUILIBRADA<\/h3>\n<\/div>\n","protected":false},"excerpt":{"rendered":"\n<div style=\"background-color: #1a2d4e; padding: 20px; border-radius: 20px 0px 20px 0; margin-top: 20px;\">\n<h3 style=\"font-size: 30px; line-height: 35px; font-family: 'Rasputin'; color: #b4cb54;\">$ 415 &#8211; Valor cliente codificado<\/h3>\n<h3 style=\"font-size: 20px; line-height: 20px; font-weight: 500; color: #fff;\">Si deseas convertirte en cliente codificado y adem\u00e1s en consumidor inteligente, escr\u00edbenos y te ayudaremos a hacerlo desde la primera compra.<\/h3>\n<div style=\"float: right; margin-top: -10px;\"><a href=\"https:\/\/wa.me\/573242064854?text=Hola%2C%20estaba%20viendo%20el%20producto%20GanoCaf%C3%A9%20Classic%20en%20la%20tienda%20de%20M%C3%A9xico%2C%20y%20quiero%20convertirme%20en%20cliente%20codificado\"> <img decoding=\"async\" class=\"alignnone size-full wp-image-5654\" src=\"http:\/\/habitatamericas.com\/tiendacolombia\/wp-content\/uploads\/2024\/08\/boton-escribenos.png\" alt=\"whatsapp\" width=\"200\" height=\"60\" \/><\/a><\/div>\n<\/p><\/div>\n<div>\n<h3 style=\"font-size: 22px; line-height: 25px; font-weight: 400;\">Disfruta de la combinaci\u00f3n perfecta de un cl\u00e1sico caf\u00e9 negro premium (tipo tinto), sin az\u00facar, combinado con el toque incomparable de los componentes naturales y medicinales que tiene el extracto soluble de <strong>Ganoderma Lucidum de Gano Excel<\/strong>, lo cual cataloga a esta bebida deliciosa como el primer caf\u00e9 que brinda salud y bienestar a las personas.<\/h3>\n<\/div>\n<div><img decoding=\"async\" class=\"alignnone wp-image-5670\" src=\"http:\/\/habitatamericas.com\/tiendacolombia\/wp-content\/uploads\/2024\/05\/info-clasico.png\" alt=\"Contenido,presentaci\u00f3n y preparaci\u00f3n\" width=\"334\" height=\"124\" \/><br \/>\n<img decoding=\"async\" class=\"alignnone size-medium wp-image-5700\" src=\"http:\/\/habitatamericas.com\/tiendamexico\/wp-content\/uploads\/2024\/03\/certificaciones-clasico.png\" alt=\"\" \/><\/div>\n","protected":false},"featured_media":5696,"template":"","meta":{"site-sidebar-layout":"default","site-content-layout":"","ast-site-content-layout":"default","site-content-style":"default","site-sidebar-style":"default","ast-global-header-display":"","ast-banner-title-visibility":"","ast-main-header-display":"","ast-hfb-above-header-display":"","ast-hfb-below-header-display":"","ast-hfb-mobile-header-display":"","site-post-title":"","ast-breadcrumbs-content":"","ast-featured-img":"","footer-sml-layout":"","theme-transparent-header-meta":"default","adv-header-id-meta":"","stick-header-meta":"","header-above-stick-meta":"","header-main-stick-meta":"","header-below-stick-meta":"","astra-migrate-meta-layouts":"set","ast-page-background-enabled":"default","ast-page-background-meta":{"desktop":{"background-color":"","background-image":"","background-repeat":"repeat","background-position":"center center","background-size":"auto","background-attachment":"scroll","background-type":"","background-media":"","overlay-type":"","overlay-color":"","overlay-gradient":""},"tablet":{"background-color":"","background-image":"","background-repeat":"repeat","background-position":"center center","background-size":"auto","background-attachment":"scroll","background-type":"","background-media":"","overlay-type":"","overlay-color":"","overlay-gradient":""},"mobile":{"background-color":"","background-image":"","background-repeat":"repeat","background-position":"center center","background-size":"auto","background-attachment":"scroll","background-type":"","background-media":"","overlay-type":"","overlay-color":"","overlay-gradient":""}},"ast-content-background-meta":{"desktop":{"background-color":"var(--ast-global-color-5)","background-image":"","background-repeat":"repeat","background-position":"center center","background-size":"auto","background-attachment":"scroll","background-type":"","background-media":"","overlay-type":"","overlay-color":"","overlay-gradient":""},"tablet":{"background-color":"var(--ast-global-color-5)","background-image":"","background-repeat":"repeat","background-position":"center center","background-size":"auto","background-attachment":"scroll","background-type":"","background-media":"","overlay-type":"","overlay-color":"","overlay-gradient":""},"mobile":{"background-color":"var(--ast-global-color-5)","background-image":"","background-repeat":"repeat","background-position":"center center","background-size":"auto","background-attachment":"scroll","background-type":"","background-media":"","overlay-type":"","overlay-color":"","overlay-gradient":""}}},"product_cat":[77],"product_tag":[21,22,19,87],"class_list":{"0":"post-23","1":"product","2":"type-product","3":"status-publish","4":"has-post-thumbnail","6":"product_cat-bebidas-y-alimentos-funcionales","7":"product_tag-cafe-clasico","8":"product_tag-cafe-negro","9":"product_tag-cafe-gano-cafe","10":"product_tag-ganocafe-classic","11":"desktop-align-center","12":"tablet-align-center","13":"mobile-align-center","15":"first","16":"instock","17":"featured","18":"shipping-taxable","19":"purchasable","20":"product-type-simple"},"yoast_head":"<!-- This site is optimized with the Yoast SEO plugin v23.2 - https:\/\/yoast.com\/wordpress\/plugins\/seo\/ -->\n<title>GanoCaf\u00e9 Classic, c\u00f3mpralo en la tienda de H\u00e1bitat<\/title>\n<meta name=\"description\" content=\"Disfruta de la combinaci\u00f3n perfecta de un cl\u00e1sico caf\u00e9 negro premium (tipo tinto), sin az\u00facar, combinado con el toque de los componentes naturales.\" \/>\n<meta name=\"robots\" content=\"index, follow, max-snippet:-1, max-image-preview:large, max-video-preview:-1\" \/>\n<link rel=\"canonical\" href=\"https:\/\/habitatamericas.com\/tiendamexico\/producto\/ganocafe-classic\/\" \/>\n<meta property=\"og:locale\" content=\"es_ES\" \/>\n<meta property=\"og:type\" content=\"article\" \/>\n<meta property=\"og:title\" content=\"GanoCaf\u00e9 Classic, c\u00f3mpralo en la tienda de H\u00e1bitat\" \/>\n<meta property=\"og:description\" content=\"Disfruta de la combinaci\u00f3n perfecta de un cl\u00e1sico caf\u00e9 negro premium (tipo tinto), sin az\u00facar, combinado con el toque de los componentes naturales.\" \/>\n<meta property=\"og:url\" content=\"https:\/\/habitatamericas.com\/tiendamexico\/producto\/ganocafe-classic\/\" \/>\n<meta property=\"og:site_name\" content=\"Tienda H\u00e1bitat M\u00e9xico\" \/>\n<meta property=\"article:modified_time\" content=\"2024-10-15T21:58:16+00:00\" \/>\n<meta property=\"og:image\" content=\"https:\/\/habitatamericas.com\/tiendamexico\/wp-content\/uploads\/2024\/03\/Gano-cafe-classic.jpg\" \/>\n\t<meta property=\"og:image:width\" content=\"500\" \/>\n\t<meta property=\"og:image:height\" content=\"500\" \/>\n\t<meta property=\"og:image:type\" content=\"image\/jpeg\" \/>\n<meta name=\"twitter:card\" content=\"summary_large_image\" \/>\n<meta name=\"twitter:label1\" content=\"Tiempo de lectura\" \/>\n\t<meta name=\"twitter:data1\" content=\"1 minuto\" \/>\n<script type=\"application\/ld+json\" class=\"yoast-schema-graph\">{\"@context\":\"https:\/\/schema.org\",\"@graph\":[{\"@type\":\"WebPage\",\"@id\":\"https:\/\/habitatamericas.com\/tiendamexico\/producto\/ganocafe-classic\/\",\"url\":\"https:\/\/habitatamericas.com\/tiendamexico\/producto\/ganocafe-classic\/\",\"name\":\"GanoCaf\u00e9 Classic, c\u00f3mpralo en la tienda de H\u00e1bitat\",\"isPartOf\":{\"@id\":\"https:\/\/habitatamericas.com\/tiendamexico\/#website\"},\"primaryImageOfPage\":{\"@id\":\"https:\/\/habitatamericas.com\/tiendamexico\/producto\/ganocafe-classic\/#primaryimage\"},\"image\":{\"@id\":\"https:\/\/habitatamericas.com\/tiendamexico\/producto\/ganocafe-classic\/#primaryimage\"},\"thumbnailUrl\":\"http:\/\/habitatamericas.com\/tiendamexico\/wp-content\/uploads\/2024\/03\/Gano-cafe-classic.jpg\",\"datePublished\":\"2023-12-11T23:20:29+00:00\",\"dateModified\":\"2024-10-15T21:58:16+00:00\",\"description\":\"Disfruta de la combinaci\u00f3n perfecta de un cl\u00e1sico caf\u00e9 negro premium (tipo tinto), sin az\u00facar, combinado con el toque de los componentes naturales.\",\"breadcrumb\":{\"@id\":\"https:\/\/habitatamericas.com\/tiendamexico\/producto\/ganocafe-classic\/#breadcrumb\"},\"inLanguage\":\"es-CO\",\"potentialAction\":[{\"@type\":\"ReadAction\",\"target\":[\"https:\/\/habitatamericas.com\/tiendamexico\/producto\/ganocafe-classic\/\"]}]},{\"@type\":\"ImageObject\",\"inLanguage\":\"es-CO\",\"@id\":\"https:\/\/habitatamericas.com\/tiendamexico\/producto\/ganocafe-classic\/#primaryimage\",\"url\":\"http:\/\/habitatamericas.com\/tiendamexico\/wp-content\/uploads\/2024\/03\/Gano-cafe-classic.jpg\",\"contentUrl\":\"http:\/\/habitatamericas.com\/tiendamexico\/wp-content\/uploads\/2024\/03\/Gano-cafe-classic.jpg\",\"width\":500,\"height\":500},{\"@type\":\"BreadcrumbList\",\"@id\":\"https:\/\/habitatamericas.com\/tiendamexico\/producto\/ganocafe-classic\/#breadcrumb\",\"itemListElement\":[{\"@type\":\"ListItem\",\"position\":1,\"name\":\"Inicio\",\"item\":\"https:\/\/habitatamericas.com\/tiendamexico\/\"},{\"@type\":\"ListItem\",\"position\":2,\"name\":\"Shop\",\"item\":\"http:\/\/habitatamericas.com\/tiendamexico\/shop\/\"},{\"@type\":\"ListItem\",\"position\":3,\"name\":\"GanoCaf\u00e9 Classic\"}]},{\"@type\":\"WebSite\",\"@id\":\"https:\/\/habitatamericas.com\/tiendamexico\/#website\",\"url\":\"https:\/\/habitatamericas.com\/tiendamexico\/\",\"name\":\"Tienda H\u00e1bitat M\u00e9xico\",\"description\":\"\u00a1Estamos transformando vidas!\",\"publisher\":{\"@id\":\"https:\/\/habitatamericas.com\/tiendamexico\/#organization\"},\"potentialAction\":[{\"@type\":\"SearchAction\",\"target\":{\"@type\":\"EntryPoint\",\"urlTemplate\":\"https:\/\/habitatamericas.com\/tiendamexico\/?s={search_term_string}\"},\"query-input\":\"required name=search_term_string\"}],\"inLanguage\":\"es-CO\"},{\"@type\":\"Organization\",\"@id\":\"https:\/\/habitatamericas.com\/tiendamexico\/#organization\",\"name\":\"Tienda H\u00e1bitat M\u00e9xico\",\"url\":\"https:\/\/habitatamericas.com\/tiendamexico\/\",\"logo\":{\"@type\":\"ImageObject\",\"inLanguage\":\"es-CO\",\"@id\":\"https:\/\/habitatamericas.com\/tiendamexico\/#\/schema\/logo\/image\/\",\"url\":\"http:\/\/habitatamericas.com\/tiendamexico\/wp-content\/uploads\/2024\/10\/logo-mexico.png\",\"contentUrl\":\"http:\/\/habitatamericas.com\/tiendamexico\/wp-content\/uploads\/2024\/10\/logo-mexico.png\",\"width\":268,\"height\":107,\"caption\":\"Tienda H\u00e1bitat M\u00e9xico\"},\"image\":{\"@id\":\"https:\/\/habitatamericas.com\/tiendamexico\/#\/schema\/logo\/image\/\"}}]}<\/script>\n<!-- \/ Yoast SEO plugin. -->","yoast_head_json":{"title":"GanoCaf\u00e9 Classic, c\u00f3mpralo en la tienda de H\u00e1bitat","description":"Disfruta de la combinaci\u00f3n perfecta de un cl\u00e1sico caf\u00e9 negro premium (tipo tinto), sin az\u00facar, combinado con el toque de los componentes naturales.","robots":{"index":"index","follow":"follow","max-snippet":"max-snippet:-1","max-image-preview":"max-image-preview:large","max-video-preview":"max-video-preview:-1"},"canonical":"https:\/\/habitatamericas.com\/tiendamexico\/producto\/ganocafe-classic\/","og_locale":"es_ES","og_type":"article","og_title":"GanoCaf\u00e9 Classic, c\u00f3mpralo en la tienda de H\u00e1bitat","og_description":"Disfruta de la combinaci\u00f3n perfecta de un cl\u00e1sico caf\u00e9 negro premium (tipo tinto), sin az\u00facar, combinado con el toque de los componentes naturales.","og_url":"https:\/\/habitatamericas.com\/tiendamexico\/producto\/ganocafe-classic\/","og_site_name":"Tienda H\u00e1bitat M\u00e9xico","article_modified_time":"2024-10-15T21:58:16+00:00","og_image":[{"width":500,"height":500,"url":"https:\/\/habitatamericas.com\/tiendamexico\/wp-content\/uploads\/2024\/03\/Gano-cafe-classic.jpg","type":"image\/jpeg"}],"twitter_card":"summary_large_image","twitter_misc":{"Tiempo de lectura":"1 minuto"},"schema":{"@context":"https:\/\/schema.org","@graph":[{"@type":"WebPage","@id":"https:\/\/habitatamericas.com\/tiendamexico\/producto\/ganocafe-classic\/","url":"https:\/\/habitatamericas.com\/tiendamexico\/producto\/ganocafe-classic\/","name":"GanoCaf\u00e9 Classic, c\u00f3mpralo en la tienda de H\u00e1bitat","isPartOf":{"@id":"https:\/\/habitatamericas.com\/tiendamexico\/#website"},"primaryImageOfPage":{"@id":"https:\/\/habitatamericas.com\/tiendamexico\/producto\/ganocafe-classic\/#primaryimage"},"image":{"@id":"https:\/\/habitatamericas.com\/tiendamexico\/producto\/ganocafe-classic\/#primaryimage"},"thumbnailUrl":"http:\/\/habitatamericas.com\/tiendamexico\/wp-content\/uploads\/2024\/03\/Gano-cafe-classic.jpg","datePublished":"2023-12-11T23:20:29+00:00","dateModified":"2024-10-15T21:58:16+00:00","description":"Disfruta de la combinaci\u00f3n perfecta de un cl\u00e1sico caf\u00e9 negro premium (tipo tinto), sin az\u00facar, combinado con el toque de los componentes naturales.","breadcrumb":{"@id":"https:\/\/habitatamericas.com\/tiendamexico\/producto\/ganocafe-classic\/#breadcrumb"},"inLanguage":"es-CO","potentialAction":[{"@type":"ReadAction","target":["https:\/\/habitatamericas.com\/tiendamexico\/producto\/ganocafe-classic\/"]}]},{"@type":"ImageObject","inLanguage":"es-CO","@id":"https:\/\/habitatamericas.com\/tiendamexico\/producto\/ganocafe-classic\/#primaryimage","url":"http:\/\/habitatamericas.com\/tiendamexico\/wp-content\/uploads\/2024\/03\/Gano-cafe-classic.jpg","contentUrl":"http:\/\/habitatamericas.com\/tiendamexico\/wp-content\/uploads\/2024\/03\/Gano-cafe-classic.jpg","width":500,"height":500},{"@type":"BreadcrumbList","@id":"https:\/\/habitatamericas.com\/tiendamexico\/producto\/ganocafe-classic\/#breadcrumb","itemListElement":[{"@type":"ListItem","position":1,"name":"Inicio","item":"https:\/\/habitatamericas.com\/tiendamexico\/"},{"@type":"ListItem","position":2,"name":"Shop","item":"http:\/\/habitatamericas.com\/tiendamexico\/shop\/"},{"@type":"ListItem","position":3,"name":"GanoCaf\u00e9 Classic"}]},{"@type":"WebSite","@id":"https:\/\/habitatamericas.com\/tiendamexico\/#website","url":"https:\/\/habitatamericas.com\/tiendamexico\/","name":"Tienda H\u00e1bitat M\u00e9xico","description":"\u00a1Estamos transformando vidas!","publisher":{"@id":"https:\/\/habitatamericas.com\/tiendamexico\/#organization"},"potentialAction":[{"@type":"SearchAction","target":{"@type":"EntryPoint","urlTemplate":"https:\/\/habitatamericas.com\/tiendamexico\/?s={search_term_string}"},"query-input":"required name=search_term_string"}],"inLanguage":"es-CO"},{"@type":"Organization","@id":"https:\/\/habitatamericas.com\/tiendamexico\/#organization","name":"Tienda H\u00e1bitat M\u00e9xico","url":"https:\/\/habitatamericas.com\/tiendamexico\/","logo":{"@type":"ImageObject","inLanguage":"es-CO","@id":"https:\/\/habitatamericas.com\/tiendamexico\/#\/schema\/logo\/image\/","url":"http:\/\/habitatamericas.com\/tiendamexico\/wp-content\/uploads\/2024\/10\/logo-mexico.png","contentUrl":"http:\/\/habitatamericas.com\/tiendamexico\/wp-content\/uploads\/2024\/10\/logo-mexico.png","width":268,"height":107,"caption":"Tienda H\u00e1bitat M\u00e9xico"},"image":{"@id":"https:\/\/habitatamericas.com\/tiendamexico\/#\/schema\/logo\/image\/"}}]}},"_links":{"self":[{"href":"http:\/\/habitatamericas.com\/tiendamexico\/wp-json\/wp\/v2\/product\/23"}],"collection":[{"href":"http:\/\/habitatamericas.com\/tiendamexico\/wp-json\/wp\/v2\/product"}],"about":[{"href":"http:\/\/habitatamericas.com\/tiendamexico\/wp-json\/wp\/v2\/types\/product"}],"wp:featuredmedia":[{"embeddable":true,"href":"http:\/\/habitatamericas.com\/tiendamexico\/wp-json\/wp\/v2\/media\/5696"}],"wp:attachment":[{"href":"http:\/\/habitatamericas.com\/tiendamexico\/wp-json\/wp\/v2\/media?parent=23"}],"wp:term":[{"taxonomy":"product_cat","embeddable":true,"href":"http:\/\/habitatamericas.com\/tiendamexico\/wp-json\/wp\/v2\/product_cat?post=23"},{"taxonomy":"product_tag","embeddable":true,"href":"http:\/\/habitatamericas.com\/tiendamexico\/wp-json\/wp\/v2\/product_tag?post=23"}],"curies":[{"name":"wp","href":"https:\/\/api.w.org\/{rel}","templated":true}]}}